{"id":3502,"date":"2023-09-28T15:13:59","date_gmt":"2023-09-28T13:13:59","guid":{"rendered":"https:\/\/pazsalvadordental.es\/?page_id=1840"},"modified":"2023-09-29T11:32:33","modified_gmt":"2023-09-29T09:32:33","slug":"avis-legal","status":"publish","type":"page","link":"https:\/\/pazsalvadordental.es\/ca\/avis-legal\/","title":{"rendered":"Av\u00eds legal"},"content":{"rendered":"<p><strong>1. Dades identificatives.<\/strong><\/p>\n\n<p>En compliment amb el deure d&#8217;informaci\u00f3 recollit a l&#8217;article 10 de la Llei 34\/2002 d&#8217;11 de juliol, de Serveis de la Societat de la Informaci\u00f3 i del Comer\u00e7 Electr\u00f2nic, a continuaci\u00f3 es reflecteixen les seg\u00fcents dades:<\/p>\n\n<p>L&#8217;empresa titular del domini web \u00e9s <em>PSL ESPECIALITATS ODONTOLOGIQUES SLP <\/em>amb NIF B67407817 i amb adre\u00e7a a aquests efectes a Riera d&#8217;en Nofre, 10A, Local 2, 08970 Sant Joan Desp\u00ed, Barcelona en endavant LA CL\u00cdNICA.<\/p>\n\n<p><strong>2. Acceptaci\u00f3 de l&#8217;Usuari.<\/strong><\/p>\n\n<p>Aquest Av\u00eds Legal regula l&#8217;acc\u00e9s i utilitzaci\u00f3 de la p\u00e0gina web <strong>pazsalvadordental.es<\/strong> (en endavant la \u201cWeb\u201d) que LA CL\u00cdNICA posa a disposici\u00f3 dels usuaris d&#8217;Internet. S&#8217;ent\u00e9n per usuari la persona que accedeixi, navegui, utilitzi o participi en els serveis i activitats de la Web. L&#8217;acc\u00e9s i navegaci\u00f3 d&#8217;un usuari per la Web implica l&#8217;acceptaci\u00f3 sense reserves del present Av\u00eds Legal. LA CL\u00cdNICA pot oferir a trav\u00e9s de la p\u00e0gina web serveis que podran trobar-se sotmesos a unes condicions particulars pr\u00f2pies sobre les quals s&#8217;informar\u00e0 a l&#8217;Usuari en cada cas concret.<\/p>\n\n<p><strong>3. Utilitzaci\u00f3 de la web.<\/strong><\/p>\n\n<p>3.1. L&#8217;usuari es compromet a utilitzar la Web, els continguts i serveis de conformitat amb la Llei, el present Av\u00eds Legal, les bones costums i l&#8217;ordre p\u00fablic. De la mateixa manera l&#8217;Usuari es compromet a no utilitzar la Web o els serveis que es prestin a trav\u00e9s d&#8217;ell amb fins o efectes il\u00b7l\u00edcits o contraris al contingut del present Av\u00eds Legal, lesius dels interessos o drets de tercers, o que de qualsevol forma pugui danyar, inutilitzar o deteriorar la Web o els seus serveis o impedir un normal gaudi de la Web per altres Usuaris.<\/p>\n\n<p>3.2. L&#8217;usuari es compromet expressament a no destruir, alterar, inutilitzar o, de qualsevol altra forma, danyar les dades, programes o documents electr\u00f2nics i altres que es trobin a la Web.<\/p>\n\n<p>3.3. L&#8217;usuari es compromet a no obstaculitzar l&#8217;acc\u00e9s a altres usuaris al servei d&#8217;acc\u00e9s mitjan\u00e7ant el consum massiu dels recursos inform\u00e0tics a trav\u00e9s dels quals LA CL\u00cdNICA presta el servei, aix\u00ed com realitzar accions que danyin, interrompin o generin errors en aquests sistemes o serveis.<\/p>\n\n<p>3.4. L&#8217;usuari es compromet a no introduir programes, virus, macros, applets, controls ActiveX o qualsevol altre dispositiu l\u00f2gic o seq\u00fc\u00e8ncia de car\u00e0cters que causin o siguin susceptibles de causar qualsevol tipus d&#8217;alteraci\u00f3 en els sistemes inform\u00e0tics de LA COMPANYIA o de tercers.<\/p>\n\n<p>3.5. L&#8217;usuari es compromet a no obtenir informacions, missatges, gr\u00e0fics, dibuixos, arxius de so i\/o imatge, fotografies, gravacions, programari i en general, qualsevol classe de material accessible a trav\u00e9s de la Web o dels serveis oferts en el mateix.<\/p>\n\n<p>3.6. S&#8217;ent\u00e9n que l&#8217;acc\u00e9s o utilitzaci\u00f3 de la Web per part de l&#8217;usuari implica l&#8217;acceptaci\u00f3 per aquest de l&#8217;Av\u00eds Legal que LA CL\u00cdNICA tingui publicat en el moment de l&#8217;acc\u00e9s, el qual estar\u00e0 sempre disponible per als usuaris.<\/p>\n\n<p>3.7. L&#8217;usuari es compromet a fer un \u00fas adequat dels continguts i serveis que LA CL\u00cdNICA ofereix en la seva seu Web i a no emprar-los per inc\u00f3rrer en activitats il\u00b7l\u00edcites o contr\u00e0ries a la bona fe i a l&#8217;ordenament legal; difondre continguts o propaganda de car\u00e0cter racista, xen\u00f2fob, pornogr\u00e0fic-il\u00b7legal, d&#8217;apologia del terrorisme o atemptatori contra els drets humans.<\/p>\n\n<p><strong>4. Acc\u00e9s a la web.<\/strong><\/p>\n\n<p>4.1. L&#8217;acc\u00e9s a la Web per part dels usuaris t\u00e9 car\u00e0cter lliure i gratu\u00eft<\/p>\n\n<p>4.2. Quan sigui necessari que l&#8217;usuari es registri o aporti dades personals per poder accedir a algun dels serveis, la recollida i el tractament de les dades personals dels usuaris ser\u00e0 d&#8217;aplicaci\u00f3 el disposat en l&#8217;apartat 9 d&#8217;aquest Av\u00eds Legal.<\/p>\n\n<p>4.3. Queda prohibida la contractaci\u00f3 de productes o serveis a trav\u00e9s de la Web per part de menors d&#8217;edat, havent d&#8217;obtenir degudament i amb anterioritat, el consentiment dels seus pares, tutors o representants legals, els quals seran considerats com a responsables dels actes que duguin a terme els menors al seu c\u00e0rrec.<\/p>\n\n<p>4.4. Si per a la utilitzaci\u00f3 d&#8217;un servei a la Web, l&#8217;usuari hagu\u00e9s de procedir al seu registre, aquest ser\u00e0 responsable d&#8217;aportar informaci\u00f3 vera\u00e7 i l\u00edcita.<\/p>\n\n<p><strong>4. Modificacions Av\u00eds Legal.<\/strong><\/p>\n\n<p>LA CL\u00cdNICA es reserva expressament el dret a modificar el present Av\u00eds Legal. L&#8217;usuari reconeix i accepta que \u00e9s la seva responsabilitat revisar la Web i el present Av\u00eds Legal.<\/p>\n\n<p><strong>5. Acc\u00e9s a la web.<\/strong><\/p>\n\n<p>5.1. LA CL\u00cdNICA es compromet a realitzar els seus millors esfor\u00e7os per evitar qualsevol error en els continguts que poguessin apar\u00e8ixer a la Web. En qualsevol cas, LA CL\u00cdNICA estar\u00e0 exempta de qualsevol responsabilitat derivada d&#8217;eventuals errors en els continguts que poguessin apar\u00e8ixer a la Web, sempre que no li siguin imputables.<\/p>\n\n<p>5.2. LA COMPANYIA no garanteix que la Web i el servidor estiguin lliures de virus i no es fa responsable dels possibles danys o perjudicis que es puguin derivar d&#8217;interfer\u00e8ncies, omissions, interrupcions, virus inform\u00e0tics, avaries telef\u00f2niques o desconnexions en el funcionament operatiu d&#8217;aquest sistema electr\u00f2nic, motivat per causes alienes a LA CL\u00cdNICA, de retards o bloquejos en l&#8217;\u00fas d&#8217;aquest sistema electr\u00f2nic causats per defici\u00e8ncies de l\u00ednies telef\u00f2niques o sobrec\u00e0rregues en el sistema d&#8217;Internet o en altres sistemes electr\u00f2nics, aix\u00ed com tamb\u00e9 de danys que puguin ser causats per terceres persones mitjan\u00e7ant intromissions il\u00b7leg\u00edtimes fora del control de LA CL\u00cdNICA.<\/p>\n\n<p><strong>6. Limitaci\u00f3 de Garanties i Responsabilitats.<\/strong><\/p>\n\n<p>6.1. Tots els drets de Propietat Industrial i Intel\u00b7lectual de la Web <strong>pazsalvadordental.es<\/strong> i dels seus continguts (textos, imatges, sons, \u00e0udio, v\u00eddeo, dissenys, creativitats, programari) pertanyen, com a autor d&#8217;obra col\u00b7lectiva o com a cession\u00e0ria, a LA CL\u00cdNICA o, si escau, a terceres persones.<\/p>\n\n<p>6.2. Queden expressament prohibides la reproducci\u00f3, la distribuci\u00f3 i la comunicaci\u00f3 p\u00fablica, inclosa la seva modalitat de posada a disposici\u00f3, de la totalitat o part dels continguts d&#8217;aquesta p\u00e0gina Web, amb qualsevol finalitat, en qualsevol suport i per qualsevol mitj\u00e0 t\u00e8cnic, sense l&#8217;autoritzaci\u00f3 de LA CL\u00cdNICA. L&#8217;usuari es compromet a respectar els drets de Propietat Industrial i Intel\u00b7lectual titularitat de LA CL\u00cdNICA i de tercers.<\/p>\n\n<p>6.3. Als efectes del que preveu l&#8217;article 32.1 del Text Ref\u00f3s de la Llei de Propietat Intel\u00b7lectual, LA CL\u00cdNICA s&#8217;oposa expressament a la utilitzaci\u00f3 de qualsevol contingut d&#8217;aquest portal web amb la finalitat de realitzar ressenyes amb finalitats comercials sense comptar amb la pr\u00e8via autoritzaci\u00f3 de LA CL\u00cdNICA.<\/p>\n\n<p>6.4. L&#8217;usuari pot visualitzar tots els elements, imprimir-los, copiar-los i emmagatzemar-los en el disc dur del seu ordinador o en qualsevol altre suport f\u00edsic sempre que sigui, \u00fanicament i exclusivament, per al seu \u00fas personal i privat, quedant, per tant, terminantment prohibida la seva utilitzaci\u00f3 amb altres finalitats, la seva distribuci\u00f3, aix\u00ed com la seva modificaci\u00f3, alteraci\u00f3 o descompilaci\u00f3.<\/p>\n\n<p>6.5. LA CL\u00cdNICA proporciona l&#8217;acc\u00e9s a tot tipus d&#8217;informacions, serveis, programes o dades a Internet que poden pert\u00e0nyer a terceres persones, en aquest cas LA CL\u00cdNICA no es fa responsable d&#8217;aquests continguts ni de quantes reclamacions puguin derivar-se de la qualitat, fiabilitat, exactitud o correcci\u00f3 dels mateixos.<\/p>\n\n<p><strong>7. Enlla\u00e7os de Tercers.<\/strong><\/p>\n\n<p>7.1. En el sup\u00f2sit que a la Web es disposessin enlla\u00e7os o hipervincles cap a altres llocs d&#8217;Internet, LA CL\u00cdNICA no exercir\u00e0 cap tipus de control sobre aquests llocs i continguts. En cap cas LA CL\u00cdNICA assumir\u00e0 responsabilitat alguna pels continguts d&#8217;algun enlla\u00e7 pertanyent a un lloc Web ali\u00e8, ni garantir\u00e0 la disponibilitat t\u00e8cnica, qualitat, fiabilitat, exactitud, amplitud, veracitat, validesa i constitucionalitat de qualsevol material o informaci\u00f3 continguda en cap\u00e7alera dels hipervincles o altres llocs d&#8217;Internet.<\/p>\n\n<p>7.2. Aquests enlla\u00e7os es proporcionen \u00fanicament per informar l&#8217;Usuari sobre l&#8217;exist\u00e8ncia d&#8217;altres fonts d&#8217;informaci\u00f3 sobre un tema concret, i la inclusi\u00f3 d&#8217;un enlla\u00e7 no implica l&#8217;aprovaci\u00f3 de la p\u00e0gina web enlla\u00e7ada per part de LA CL\u00cdNICA.<\/p>\n\n<p>7.3. LA CL\u00cdNICA nom\u00e9s autoritza mencions als seus continguts en altres seus Web, amb el tractament que aquestes considerin sempre que sigui respectu\u00f3s, compleixi la legislaci\u00f3 vigent i en cap cas reprodueixin, sense la deguda autoritzaci\u00f3, els continguts de LA CL\u00cdNICA.<\/p>\n\n<p><strong>8. Protecci\u00f3 de Dades Personals.<\/strong><\/p>\n\n<p>8.1. LA CL\u00cdNICA adopta les mesures t\u00e8cniques i organitzatives necess\u00e0ries per garantir la protecci\u00f3 de les dades de car\u00e0cter personal i evitar la seva alteraci\u00f3, p\u00e8rdua, tractament i\/o acc\u00e9s no autoritzat, tenint en compte l&#8217;estat de la t\u00e8cnica, la naturalesa de les dades emmagatzemades i els riscos a qu\u00e8 estan exposats, tot aix\u00f2, conforme al que estableix la legislaci\u00f3 espanyola i europea de Protecci\u00f3 de Dades de Car\u00e0cter Personal.<\/p>\n\n<p>8.2. L&#8217;usuari podr\u00e0 proporcionar a LA CL\u00cdNICA les seves dades de car\u00e0cter personal a trav\u00e9s dels diferents formularis que a tal efecte apareixen a la Web. Aquests formularis incorporen un text legal en mat\u00e8ria de protecci\u00f3 de dades personals que compleix les exig\u00e8ncies establertes en el REGLAMENT (UE) 2016\/679 del Parlament Europeu i del Consell de 27 d&#8217;abril de 2016 relatiu a la protecci\u00f3 de les persones f\u00edsiques pel que fa al tractament de dades personals i a la lliure circulaci\u00f3 d&#8217;aquestes dades (Reglament General de Protecci\u00f3 de Dades &#8211; RGPD). De la mateixa manera, LA CL\u00cdNICA podr\u00e0 obtenir dades de car\u00e0cter personal originats per la seva navegaci\u00f3 i\/o \u00fas de la Web.<\/p>\n\n<p>8.3. Preguem llegeixi atentament els textos legals abans de facilitar les seves dades de car\u00e0cter personal.<\/p>\n\n<p><strong>9. Llei i Jurisdicci\u00f3.<\/strong><\/p>\n\n<p>Totes les q\u00fcestions que es suscitin entre LA CL\u00cdNICA i l&#8217;usuari relatives a la interpretaci\u00f3, compliment i validesa del present Av\u00eds Legal es regiran per les seves pr\u00f2pies cl\u00e0usules i, en el que en elles no estigui previst, d&#8217;acord amb la legislaci\u00f3 espanyola, sotmetent-se expressament les parts a la jurisdicci\u00f3 dels Jutjats i Tribunals del domicili de LA CL\u00cdNICA.<\/p>","protected":false},"excerpt":{"rendered":"<p>1. Dades identificatives. En compliment amb el deure d&#8217;informaci\u00f3 recollit a l&#8217;article 10 de la Llei 34\/2002 d&#8217;11 de juliol, de Serveis de la Societat de la Informaci\u00f3 i del [&hellip;]<\/p>\n","protected":false},"author":2,"featured_media":0,"parent":0,"menu_order":0,"comment_status":"closed","ping_status":"closed","template":"","meta":{"_uag_custom_page_level_css":"","_kad_blocks_custom_css":"","_kad_blocks_head_custom_js":"","_kad_blocks_body_custom_js":"","_kad_blocks_footer_custom_js":"","rank_math_title":"","rank_math_description":"","site-sidebar-layout":"default","site-content-layout":"","ast-site-content-layout":"default","site-content-style":"default","site-sidebar-style":"default","ast-global-header-display":"","ast-banner-title-visibility":"","ast-main-header-display":"","ast-hfb-above-header-display":"","ast-hfb-below-header-display":"","ast-hfb-mobile-header-display":"","site-post-title":"","ast-breadcrumbs-content":"","ast-featured-img":"","footer-sml-layout":"","ast-disable-related-posts":"","theme-transparent-header-meta":"","adv-header-id-meta":"","stick-header-meta":"","header-above-stick-meta":"","header-main-stick-meta":"","header-below-stick-meta":"","astra-migrate-meta-layouts":"set","ast-page-background-enabled":"default","ast-page-background-meta":{"desktop":{"background-color":"","background-image":"","background-repeat":"repeat","background-position":"center center","background-size":"auto","background-attachment":"scroll","background-type":"","background-media":"","overlay-type":"","overlay-color":"","overlay-opacity":"","overlay-gradient":""},"tablet":{"background-color":"","background-image":"","background-repeat":"repeat","background-position":"center center","background-size":"auto","background-attachment":"scroll","background-type":"","background-media":"","overlay-type":"","overlay-color":"","overlay-opacity":"","overlay-gradient":""},"mobile":{"background-color":"","background-image":"","background-repeat":"repeat","background-position":"center center","background-size":"auto","background-attachment":"scroll","background-type":"","background-media":"","overlay-type":"","overlay-color":"","overlay-opacity":"","overlay-gradient":""}},"ast-content-background-meta":{"desktop":{"background-color":"var(--ast-global-color-5)","background-image":"","background-repeat":"repeat","background-position":"center center","background-size":"auto","background-attachment":"scroll","background-type":"","background-media":"","overlay-type":"","overlay-color":"","overlay-opacity":"","overlay-gradient":""},"tablet":{"background-color":"var(--ast-global-color-5)","background-image":"","background-repeat":"repeat","background-position":"center center","background-size":"auto","background-attachment":"scroll","background-type":"","background-media":"","overlay-type":"","overlay-color":"","overlay-opacity":"","overlay-gradient":""},"mobile":{"background-color":"var(--ast-global-color-5)","background-image":"","background-repeat":"repeat","background-position":"center center","background-size":"auto","background-attachment":"scroll","background-type":"","background-media":"","overlay-type":"","overlay-color":"","overlay-opacity":"","overlay-gradient":""}},"_joinchat":[],"footnotes":""},"class_list":["post-3502","page","type-page","status-publish","hentry"],"taxonomy_info":[],"featured_image_src_large":false,"author_info":{"display_name":"Paz","author_link":"https:\/\/pazsalvadordental.es\/ca\/author\/paz\/"},"comment_info":0,"uagb_featured_image_src":{"full":false,"thumbnail":false,"medium":false,"medium_large":false,"large":false,"1536x1536":false,"2048x2048":false},"uagb_author_info":{"display_name":"Paz","author_link":"https:\/\/pazsalvadordental.es\/ca\/author\/paz\/"},"uagb_comment_info":0,"uagb_excerpt":"1. Dades identificatives. En compliment amb el deure d&#8217;informaci\u00f3 recollit a l&#8217;article 10 de la Llei 34\/2002 d&#8217;11 de juliol, de Serveis de la Societat de la Informaci\u00f3 i del [&hellip;]","_links":{"self":[{"href":"https:\/\/pazsalvadordental.es\/ca\/wp-json\/wp\/v2\/pages\/3502","targetHints":{"allow":["GET"]}}],"collection":[{"href":"https:\/\/pazsalvadordental.es\/ca\/wp-json\/wp\/v2\/pages"}],"about":[{"href":"https:\/\/pazsalvadordental.es\/ca\/wp-json\/wp\/v2\/types\/page"}],"author":[{"embeddable":true,"href":"https:\/\/pazsalvadordental.es\/ca\/wp-json\/wp\/v2\/users\/2"}],"replies":[{"embeddable":true,"href":"https:\/\/pazsalvadordental.es\/ca\/wp-json\/wp\/v2\/comments?post=3502"}],"version-history":[{"count":0,"href":"https:\/\/pazsalvadordental.es\/ca\/wp-json\/wp\/v2\/pages\/3502\/revisions"}],"wp:attachment":[{"href":"https:\/\/pazsalvadordental.es\/ca\/wp-json\/wp\/v2\/media?parent=3502"}],"curies":[{"name":"wp","href":"https:\/\/api.w.org\/{rel}","templated":true}]}}