{"id":3488,"date":"2023-04-17T14:06:59","date_gmt":"2023-04-17T14:06:59","guid":{"rendered":"https:\/\/pazsalvadordental.es\/?page_id=3"},"modified":"2023-09-29T11:33:47","modified_gmt":"2023-09-29T09:33:47","slug":"politica-de-privacitat","status":"publish","type":"page","link":"https:\/\/pazsalvadordental.es\/ca\/politica-de-privacitat\/","title":{"rendered":"Pol\u00edtica de privacitat"},"content":{"rendered":"<p>La present Pol\u00edtica de Privacitat ha estat desenvolupada tenint en compte el que disposa la Llei Org\u00e0nica de Protecci\u00f3 de Dades de car\u00e0cter personal en vigor, aix\u00ed com pel Reglament 2016\/679 del Parlament Europeu i del consell del 27 d&#8217;abril de 2016 relatiu a la protecci\u00f3 de les persones f\u00edsiques pel que fa al tractament de dades personals i a la circulaci\u00f3 d&#8217;aquestes dades, en endavant el RGPD.<\/p>\n\n<p>Aquesta Pol\u00edtica de Privacitat t\u00e9 per objecte posar en coneixement dels titulars de les dades personals, respecte dels quals s&#8217;est\u00e0 recollint informaci\u00f3, els aspectes espec\u00edfics relatius al tractament de les seves dades, entre altres coses, les finalitats dels tractaments, les dades de contacte per exercir els drets que li assisteixen, els terminis de conservaci\u00f3 de la informaci\u00f3 i les mesures de seguretat entre altres coses.<\/p>\n\n<p><strong>Responsable del Tractament<\/strong><\/p>\n\n\n<ul class=\"wp-block-list\"><li>Denominaci\u00f3: PSL ESPECIALITATS ODONTOLOGIQUES SLP<\/li>\n\n<li>Adre\u00e7a: Riera d&#8217;en Nofre, 10A, Local 2, 08970 Sant Joan Desp\u00ed, Barcelona<\/li>\n\n<li>Tel\u00e8fon de contacte: 935848724<\/li>\n\n<li>Correu electr\u00f2nic: administrador@pazsalvadordental.es<\/li>\n\n<li>Delegat de Protecci\u00f3 de Dades: TECNODOSIS SL, <strong>dpd@utpr.es<\/strong><\/li><\/ul>\n\n\n<p><strong>Tractaments de dades:<\/strong><\/p>\n\n<p>Les dades de car\u00e0cter personal que es sol\u00b7licitin, si escau, consistiran \u00fanicament en aquelles estrictament imprescindibles per identificar i atendre la sol\u00b7licitud realitzada pel titular de les mateixes, en endavant l&#8217;interessat. Aquesta informaci\u00f3 ser\u00e0 tractada de forma lleial, l\u00edcita i transparent en relaci\u00f3 amb l&#8217;interessat. D&#8217;altra banda, les dades personals seran recollides per a finalitats determinades expl\u00edcites i leg\u00edtimes, no sent tractades ulteriorment de manera incompatible amb aquests fins.<\/p>\n\n<p>Les dades recollides de cada interessat seran adequades, pertinents i no excessives en relaci\u00f3 a les finalitats corresponents per a cada cas, i seran actualitzades sempre que sigui necessari.<\/p>\n\n<p>El titular de les dades ser\u00e0 informat, amb car\u00e0cter previ a la recollida de les seves dades, dels extrems generals regulats en aquesta pol\u00edtica a fi que pugui prestar el consentiment expr\u00e9s, prec\u00eds i inequ\u00edvoc per al tractament de les seves dades, conforme als seg\u00fcents aspectes.<\/p>\n\n<p><em><u>Finalitats del tractament.<\/u><\/em><\/p>\n\n<p>Les finalitats expl\u00edcites per a les quals es duen a terme cadascun dels tractaments estan recollides en les cl\u00e0usules informatives incorporades en cadascuna de les vies de presa de dades (formularis web, newsletter\u2026).<\/p>\n\n<p>No obstant aix\u00f2, les dades de car\u00e0cter personal de l&#8217;interessat seran tractades amb l&#8217;exclusiva finalitat de proporcionar-los una resposta efectiva i atendre les sol\u00b7licituds practicades per l&#8217;usuari, especificades al costat de l&#8217;opci\u00f3, servei, formulari o sistema de presa de dades que el titular utilitzi.<\/p>\n\n<p><em><u>Legitimaci\u00f3<\/u><\/em><\/p>\n\n<p>Per regla general, previ al tractament de les dades personals, <strong>PSL ESPECIALITATS ODONTOLOGIQUES SLP <\/strong>obt\u00e8 consentiment expr\u00e9s i inequ\u00edvoc del titular de les mateixes, mitjan\u00e7ant la incorporaci\u00f3 de cl\u00e0usules de consentiment informat en els diferents sistemes de recollida d&#8217;informaci\u00f3.<\/p>\n\n<p>No obstant aix\u00f2, en cas que no es requereixi el consentiment de l&#8217;interessat, la base legitimadora del tractament en la qual s&#8217;empara <strong>PSL ESPECIALITATS ODONTOLOGIQUES SLP <\/strong>\u00e9s l&#8217;exist\u00e8ncia d&#8217;una llei o norma espec\u00edfica que autoritzi o exigeixi el tractament de les dades de l&#8217;interessat.<\/p>\n\n<p><em><u>Destinataris<\/u><\/em><\/p>\n\n<p>Per regla general, <strong>PSL ESPECIALITATS ODONTOL\u00d2GIQUES SLP <\/strong>no procedeix a la cessi\u00f3 o comunicaci\u00f3 de les dades a terceres entitats, llevat de les requerides legalment, no obstant aix\u00f2, en cas que fos necessari, aquestes cessions o comunicacions de dades s&#8217;informen a l&#8217;interessat a trav\u00e9s de les cl\u00e0usules de consentiment informat contingudes en les diferents vies de recollida de dades personals.<\/p>\n\n<p><em><u>Proced\u00e8ncia<\/u><\/em><\/p>\n\n<p>Per regla general, les dades personals es recullen sempre directament de l&#8217;interessat, no obstant aix\u00f2, en determinades excepcions, les dades poden ser recollides a trav\u00e9s de terceres persones, entitats o serveis diferents de l&#8217;interessat. En aquest sentit, aquest extrem ser\u00e0 traslladat a l&#8217;interessat a trav\u00e9s de les cl\u00e0usules de consentiment informat contingudes en les diferents vies de recollida d&#8217;informaci\u00f3 i dins d&#8217;un termini raonable, un cop obtingudes les dades, i com a m\u00e0xim dins d&#8217;un mes.<\/p>\n\n<p><em><u>Terminis de conservaci\u00f3<\/u><\/em><\/p>\n\n<p>La informaci\u00f3 recollida de l&#8217;interessat ser\u00e0 conservada mentre sigui necess\u00e0ria per complir amb la finalitat per la qual van ser recollides les dades personals, de manera que, un cop complerta la finalitat les dades seran cancel\u00b7lades. Aquesta cancel\u00b7laci\u00f3 donar\u00e0 lloc al bloqueig de les dades conservant-se \u00fanicament a disposici\u00f3 de les AAPP, Jutges i Tribunals, per atendre les possibles responsabilitats nascudes del tractament, durant el termini de prescripci\u00f3 d&#8217;aquestes, complert el citat termini es procedir\u00e0 a la destrucci\u00f3 de la informaci\u00f3.<\/p>\n\n<p><strong>Dades de navegaci\u00f3:<\/strong><\/p>\n\n<p>En relaci\u00f3 amb les dades de navegaci\u00f3 que es puguin tractar a trav\u00e9s del lloc web, en cas que es recullin dades sotmeses a la normativa, es recomana consultar la Pol\u00edtica de Cookies publicada al nostre lloc web.<\/p>\n\n<p><strong>Drets dels interessats:<\/strong><\/p>\n\n<p>La normativa en mat\u00e8ria de protecci\u00f3 de dades atorga una s\u00e8rie de drets als interessats o titulars de les dades, usuaris del lloc web o usuaris dels perfils de les xarxes socials de <strong>PSL ESPECIALITATS ODONTOL\u00d2GIQUES SLP<\/strong><\/p>\n\n<p>Aquests drets que assisteixen a les persones interessades s\u00f3n els seg\u00fcents:<\/p>\n\n\n<ul class=\"wp-block-list\"><li>Dret d&#8217;acc\u00e9s: dret a obtenir informaci\u00f3 sobre si les seves pr\u00f2pies dades estan sent objecte de tractament, la finalitat del tractament que s&#8217;estigui realitzant, les categories de dades que es tracti, els destinataris o categories de destinataris, el termini de conservaci\u00f3 i l&#8217;origen d&#8217;aquestes dades.<\/li>\n\n<li>Dret de rectificaci\u00f3: dret a obtenir la rectificaci\u00f3 de les dades personals inexactes o incompletes.<\/li>\n\n<li>Dret de supressi\u00f3: dret a obtenir la supressi\u00f3 de les dades personals.<\/li>\n\n<li>Dret d&#8217;oposici\u00f3: dret a oposar-se a un determinat tractament basat en el consentiment de l&#8217;interessat.<\/li>\n\n<li>Dret de limitaci\u00f3: dret a obtenir la limitaci\u00f3 del tractament de les dades.<\/li>\n\n<li>Dret a la portabilitat: dret a obtenir les dades en un format estructurat, d&#8217;\u00fas com\u00fa i de lectura mec\u00e0nica, i a transmetre-les a un altre responsable del tractament conforme a la normativa de protecci\u00f3 de dades.<\/li><\/ul>\n\n\n<p>Aix\u00ed mateix, l&#8217;interessat t\u00e9 dret a presentar una reclamaci\u00f3 davant l&#8217;autoritat de control competent<\/p>\n\n<p>Els interessats podran exercir els drets indicats, dirigint-se a <a href=\"mailto:administrador@pazsalvadordental.es\"><strong>administrador@pazsalvadordental.es<\/strong><\/a><strong> <\/strong>mitjan\u00e7ant escrit, rem\u00e8s a la seg\u00fcent adre\u00e7a: <strong>Riera d&#8217;en Nofre, 10A, Local 2, 08970 Sant Joan Desp\u00ed, Barcelona &nbsp;<\/strong>indicant en la l\u00ednia d&#8217;Assumpte el dret que desitja exercir i adjuntant document acreditatiu de la identitat (pe DNI)<\/p>\n\n<p>En aquest sentit <strong>PSL ESPECIALITATS ODONTOL\u00d2GIQUES SLP <\/strong>atendr\u00e0 la seva sol\u00b7licitud al m\u00e9s aviat possible i tenint en compte els terminis previstos en la normativa en mat\u00e8ria de protecci\u00f3 de dades.<\/p>","protected":false},"excerpt":{"rendered":"<p>La present Pol\u00edtica de Privacitat ha estat desenvolupada tenint en compte el que disposa la Llei Org\u00e0nica de Protecci\u00f3 de Dades de car\u00e0cter personal en vigor, aix\u00ed com pel Reglament [&hellip;]<\/p>\n","protected":false},"author":2,"featured_media":0,"parent":0,"menu_order":0,"comment_status":"closed","ping_status":"closed","template":"","meta":{"_uag_custom_page_level_css":"","_kad_blocks_custom_css":"","_kad_blocks_head_custom_js":"","_kad_blocks_body_custom_js":"","_kad_blocks_footer_custom_js":"","rank_math_title":"","rank_math_description":"","site-sidebar-layout":"default","site-content-layout":"","ast-site-content-layout":"default","site-content-style":"default","site-sidebar-style":"default","ast-global-header-display":"","ast-banner-title-visibility":"","ast-main-header-display":"","ast-hfb-above-header-display":"","ast-hfb-below-header-display":"","ast-hfb-mobile-header-display":"","site-post-title":"","ast-breadcrumbs-content":"","ast-featured-img":"","footer-sml-layout":"","ast-disable-related-posts":"","theme-transparent-header-meta":"","adv-header-id-meta":"","stick-header-meta":"","header-above-stick-meta":"","header-main-stick-meta":"","header-below-stick-meta":"","astra-migrate-meta-layouts":"set","ast-page-background-enabled":"default","ast-page-background-meta":{"desktop":{"background-color":"","background-image":"","background-repeat":"repeat","background-position":"center center","background-size":"auto","background-attachment":"scroll","background-type":"","background-media":"","overlay-type":"","overlay-color":"","overlay-opacity":"","overlay-gradient":""},"tablet":{"background-color":"","background-image":"","background-repeat":"repeat","background-position":"center center","background-size":"auto","background-attachment":"scroll","background-type":"","background-media":"","overlay-type":"","overlay-color":"","overlay-opacity":"","overlay-gradient":""},"mobile":{"background-color":"","background-image":"","background-repeat":"repeat","background-position":"center center","background-size":"auto","background-attachment":"scroll","background-type":"","background-media":"","overlay-type":"","overlay-color":"","overlay-opacity":"","overlay-gradient":""}},"ast-content-background-meta":{"desktop":{"background-color":"var(--ast-global-color-5)","background-image":"","background-repeat":"repeat","background-position":"center center","background-size":"auto","background-attachment":"scroll","background-type":"","background-media":"","overlay-type":"","overlay-color":"","overlay-opacity":"","overlay-gradient":""},"tablet":{"background-color":"var(--ast-global-color-5)","background-image":"","background-repeat":"repeat","background-position":"center center","background-size":"auto","background-attachment":"scroll","background-type":"","background-media":"","overlay-type":"","overlay-color":"","overlay-opacity":"","overlay-gradient":""},"mobile":{"background-color":"var(--ast-global-color-5)","background-image":"","background-repeat":"repeat","background-position":"center center","background-size":"auto","background-attachment":"scroll","background-type":"","background-media":"","overlay-type":"","overlay-color":"","overlay-opacity":"","overlay-gradient":""}},"_joinchat":[],"footnotes":""},"class_list":["post-3488","page","type-page","status-publish","hentry"],"taxonomy_info":[],"featured_image_src_large":false,"author_info":{"display_name":"Paz","author_link":"https:\/\/pazsalvadordental.es\/ca\/author\/paz\/"},"comment_info":0,"uagb_featured_image_src":{"full":false,"thumbnail":false,"medium":false,"medium_large":false,"large":false,"1536x1536":false,"2048x2048":false},"uagb_author_info":{"display_name":"Paz","author_link":"https:\/\/pazsalvadordental.es\/ca\/author\/paz\/"},"uagb_comment_info":0,"uagb_excerpt":"La present Pol\u00edtica de Privacitat ha estat desenvolupada tenint en compte el que disposa la Llei Org\u00e0nica de Protecci\u00f3 de Dades de car\u00e0cter personal en vigor, aix\u00ed com pel Reglament [&hellip;]","_links":{"self":[{"href":"https:\/\/pazsalvadordental.es\/ca\/wp-json\/wp\/v2\/pages\/3488","targetHints":{"allow":["GET"]}}],"collection":[{"href":"https:\/\/pazsalvadordental.es\/ca\/wp-json\/wp\/v2\/pages"}],"about":[{"href":"https:\/\/pazsalvadordental.es\/ca\/wp-json\/wp\/v2\/types\/page"}],"author":[{"embeddable":true,"href":"https:\/\/pazsalvadordental.es\/ca\/wp-json\/wp\/v2\/users\/2"}],"replies":[{"embeddable":true,"href":"https:\/\/pazsalvadordental.es\/ca\/wp-json\/wp\/v2\/comments?post=3488"}],"version-history":[{"count":0,"href":"https:\/\/pazsalvadordental.es\/ca\/wp-json\/wp\/v2\/pages\/3488\/revisions"}],"wp:attachment":[{"href":"https:\/\/pazsalvadordental.es\/ca\/wp-json\/wp\/v2\/media?parent=3488"}],"curies":[{"name":"wp","href":"https:\/\/api.w.org\/{rel}","templated":true}]}}