{"id":3487,"date":"2020-09-09T13:50:12","date_gmt":"2020-09-09T13:50:12","guid":{"rendered":"https:\/\/pazsalvadordental.es\/contact\/"},"modified":"2024-03-26T11:12:50","modified_gmt":"2024-03-26T10:12:50","slug":"contacte","status":"publish","type":"page","link":"https:\/\/pazsalvadordental.es\/ca\/contacte\/","title":{"rendered":"Contacte"},"content":{"rendered":"\n<div class=\"wp-block-uagb-container uagb-block-bd1a9c1b alignfull uagb-is-root-container\"><div class=\"uagb-container-inner-blocks-wrap\">\n<div class=\"wp-block-uagb-image aligncenter uagb-block-559177a5 wp-block-uagb-image--layout-default wp-block-uagb-image--effect-static wp-block-uagb-image--align-center\"><figure class=\"wp-block-uagb-image__figure\"><img decoding=\"async\"  sizes=\"auto, (max-width: 480px) 150px\" src=\"https:\/\/pazsalvadordental.es\/wp-content\/uploads\/2023\/08\/paz-salvador-sonrisa@300x-8.png\" alt=\"\" width=\"92\" height=\"50\" title=\"\" loading=\"lazy\" role=\"img\"\/><\/figure><\/div>\n\n\n<div class=\"wp-block-uagb-advanced-heading uagb-block-8798ccef\"><h2 class=\"uagb-heading-text\">Reserva cita<\/h2><p class=\"uagb-desc-text\">Completa el nostre formulari i, aviat, el nostre equip confirmar\u00e0 els detalls de la teva cita. La teva salut bucal est\u00e0 en bones mans. Esperem parlar amb tu aviat!<\/p><\/div><\/div><\/div>\n\n\n\n<div class=\"wp-block-uagb-container uagb-block-660a7fa1 alignfull uagb-is-root-container\"><div class=\"uagb-container-inner-blocks-wrap\">\n<div class=\"wp-block-uagb-container uagb-block-78c9fc37\"><div class=\"wp-block-uagb-info-box uagb-block-c8c39151 uagb-infobox__content-wrap  uagb-infobox-icon-left uagb-infobox-left uagb-infobox-stacked-mobile uagb-infobox-image-valign-middle\"><div class=\"uagb-ifb-icon-wrap\"><div class=\"uagb-iconbox-icon-wrap uagb-infobox-shape-circle\"><svg xmlns=\"https:\/\/www.w3.org\/2000\/svg\" viewBox=\"0 0 512 512\"><path d=\"M18.92 351.2l108.5-46.52c12.78-5.531 27.77-1.801 36.45 8.98l44.09 53.82c69.25-34 125.5-90.31 159.5-159.5l-53.81-44.04c-10.75-8.781-14.41-23.69-8.974-36.47l46.51-108.5c6.094-13.91 21.1-21.52 35.79-18.11l100.8 23.25c14.25 3.25 24.22 15.8 24.22 30.46c0 252.3-205.2 457.5-457.5 457.5c-14.67 0-27.18-9.968-30.45-24.22l-23.25-100.8C-2.571 372.4 5.018 357.2 18.92 351.2z\"><\/path><\/svg><\/div><\/div><div class=\"uagb-ifb-content\"><div class=\"uagb-ifb-title-wrap\"><h6 class=\"uagb-ifb-title\">649 91 19 36 \/ 93 584 87 24<\/h6><\/div><\/div><\/div>\n\n<div class=\"wp-block-uagb-info-box uagb-block-78ff77c1 uagb-infobox__content-wrap  uagb-infobox-icon-left uagb-infobox-left uagb-infobox-stacked-mobile uagb-infobox-image-valign-middle\"><div class=\"uagb-ifb-icon-wrap\"><div class=\"uagb-iconbox-icon-wrap uagb-infobox-shape-circle\"><svg xmlns=\"https:\/\/www.w3.org\/2000\/svg\" viewBox=\"0 0 512 512\"><path d=\"M464 64C490.5 64 512 85.49 512 112C512 127.1 504.9 141.3 492.8 150.4L275.2 313.6C263.8 322.1 248.2 322.1 236.8 313.6L19.2 150.4C7.113 141.3 0 127.1 0 112C0 85.49 21.49 64 48 64H464zM217.6 339.2C240.4 356.3 271.6 356.3 294.4 339.2L512 176V384C512 419.3 483.3 448 448 448H64C28.65 448 0 419.3 0 384V176L217.6 339.2z\"><\/path><\/svg><\/div><\/div><div class=\"uagb-ifb-content\"><div class=\"uagb-ifb-title-wrap\"><h6 class=\"uagb-ifb-title\">info@pazsalvadordental.es<\/h6><\/div><\/div><\/div>\n\n<div class=\"wp-block-uagb-info-box uagb-block-25577a2c uagb-infobox__content-wrap  uagb-infobox-icon-left uagb-infobox-left uagb-infobox-stacked-mobile uagb-infobox-image-valign-middle\"><div class=\"uagb-ifb-icon-wrap\"><div class=\"uagb-iconbox-icon-wrap uagb-infobox-shape-circle\"><svg xmlns=\"https:\/\/www.w3.org\/2000\/svg\" viewBox=\"0 0 384 512\"><path d=\"M168.3 499.2C116.1 435 0 279.4 0 192C0 85.96 85.96 0 192 0C298 0 384 85.96 384 192C384 279.4 267 435 215.7 499.2C203.4 514.5 180.6 514.5 168.3 499.2H168.3zM192 256C227.3 256 256 227.3 256 192C256 156.7 227.3 128 192 128C156.7 128 128 156.7 128 192C128 227.3 156.7 256 192 256z\"><\/path><\/svg><\/div><\/div><div class=\"uagb-ifb-content\"><div class=\"uagb-ifb-title-wrap\"><h6 class=\"uagb-ifb-title\">C\/ Riera d&#8217;en Nofre, 10A (local 2)<br>08970 &#8211; Sant Joan Desp\u00ed (Barcelona)<\/h6><\/div><\/div><\/div>\n\n\t\t\t<div \n\t\t\tclass=\"wp-block-uagb-google-map uagb-google-map__wrap uagb-block-fccf13ed     \"\n\t\t\tstyle=\"\" >\n\t\t\t\t<embed\n\t\t\t\t\tclass=\"uagb-google-map__iframe\"\n\t\t\t\t\ttitle=\"Google Map for \"\n\t\t\t\t\tsrc=\"https:\/\/maps.google.com\/maps?q=C%2F%20Riera%20d%27en%20Nofre%2C%2010A&#038;z=12&#038;hl=es&#038;t=m&#038;output=embed&#038;iwloc=near\"\n\t\t\t\t\twidth=\"640\"\n\t\t\t\t\theight=\"450\"\n\t\t\t\t\tloading=\"lazy\"\n\t\t\t\t><\/embed>\n\t\t\t<\/div>\n\t\t\t<\/div>\n\n\n<style>.wp-block-kadence-advanced-form1144-cpt-id .kb-advanced-form input[type=text],.wp-block-kadence-advanced-form1144-cpt-id .kb-advanced-form input[type=tel],.wp-block-kadence-advanced-form1144-cpt-id .kb-advanced-form input[type=number],.wp-block-kadence-advanced-form1144-cpt-id .kb-advanced-form input[type=date],.wp-block-kadence-advanced-form1144-cpt-id .kb-advanced-form input[type=time],.wp-block-kadence-advanced-form1144-cpt-id .kb-advanced-form input[type=email],.wp-block-kadence-advanced-form1144-cpt-id .kb-advanced-form input[type=file],.wp-block-kadence-advanced-form1144-cpt-id .kb-advanced-form select,.wp-block-kadence-advanced-form1144-cpt-id .kb-advanced-form textarea{border-top:0px solid #B9B9C5;border-right:0px solid #B9B9C5;border-bottom:1px solid #B9B9C5;border-left:0px solid #B9B9C5;border-top-left-radius:0px;border-top-right-radius:0px;border-bottom-right-radius:0px;border-bottom-left-radius:0px;box-shadow:0px 0px 0px 0px rgba(0, 0, 0, 0);}.wp-block-kadence-advanced-form1144-cpt-id{--kb-form-border-width:0px;--kb-form-border-color:#B9B9C5;}.wp-block-kadence-advanced-form1144-cpt-id input[type=text]:focus,.wp-block-kadence-advanced-form1144-cpt-id input[type=email]:focus,.wp-block-kadence-advanced-form1144-cpt-id input[type=tel]:focus,.wp-block-kadence-advanced-form1144-cpt-id input[type=date]:focus,.wp-block-kadence-advanced-form1144-cpt-id input[type=number]:focus,.wp-block-kadence-advanced-form1144-cpt-id input[type=time]:focus,.wp-block-kadence-advanced-form1144-cpt-id input[type=file]:focus,.wp-block-kadence-advanced-form1144-cpt-id select:focus,.wp-block-kadence-advanced-form1144-cpt-id textarea:focus{border-color:var(--ast-global-color-0);box-shadow:0px 0px 0px 0px rgba(0, 0, 0, 0);}.wp-block-kadence-advanced-form1144-cpt-id .kb-adv-form-field .kb-adv-form-label{font-family:Montserrat;font-weight:400;color:#909097;}.wp-block-kadence-advanced-form1144-cpt-id .kb-adv-form-label .kb-adv-form-required{color:#909097;}.wp-block-kadence-advanced-form1144-cpt-id .kb-adv-form-help{color:var(--ast-global-color-8);padding-top:10px;padding-right:20px;padding-bottom:10px;padding-left:20px;}.wp-block-kadence-advanced-form1144-cpt-id .kb-adv-form-success{color:var(--ast-global-color-0);background:var(--ast-global-color-5);}.wp-block-kadence-advanced-form1144-cpt-id .kb-adv-form-warning{color:var(--ast-global-color-0);background:var(--ast-global-color-0);}@media all and (max-width: 1024px){.wp-block-kadence-advanced-form1144-cpt-id .kb-advanced-form input[type=text],.wp-block-kadence-advanced-form1144-cpt-id .kb-advanced-form input[type=tel],.wp-block-kadence-advanced-form1144-cpt-id .kb-advanced-form input[type=number],.wp-block-kadence-advanced-form1144-cpt-id .kb-advanced-form input[type=date],.wp-block-kadence-advanced-form1144-cpt-id .kb-advanced-form input[type=time],.wp-block-kadence-advanced-form1144-cpt-id .kb-advanced-form input[type=email],.wp-block-kadence-advanced-form1144-cpt-id .kb-advanced-form input[type=file],.wp-block-kadence-advanced-form1144-cpt-id .kb-advanced-form select,.wp-block-kadence-advanced-form1144-cpt-id .kb-advanced-form textarea{border-top:0px solid #B9B9C5;border-right:0px solid #B9B9C5;border-bottom:1px solid #B9B9C5;border-left:0px solid #B9B9C5;}}@media all and (max-width: 767px){.wp-block-kadence-advanced-form1144-cpt-id .kb-advanced-form input[type=text],.wp-block-kadence-advanced-form1144-cpt-id .kb-advanced-form input[type=tel],.wp-block-kadence-advanced-form1144-cpt-id .kb-advanced-form input[type=number],.wp-block-kadence-advanced-form1144-cpt-id .kb-advanced-form input[type=date],.wp-block-kadence-advanced-form1144-cpt-id .kb-advanced-form input[type=time],.wp-block-kadence-advanced-form1144-cpt-id .kb-advanced-form input[type=email],.wp-block-kadence-advanced-form1144-cpt-id .kb-advanced-form input[type=file],.wp-block-kadence-advanced-form1144-cpt-id .kb-advanced-form select,.wp-block-kadence-advanced-form1144-cpt-id .kb-advanced-form textarea{border-top:0px solid #B9B9C5;border-right:0px solid #B9B9C5;border-bottom:1px solid #B9B9C5;border-left:0px solid #B9B9C5;}}<\/style><div class=\"wp-block-kadence-advanced-form wp-block-kadence-advanced-form1144-cpt-id kb-adv-form-label-style-normal kb-adv-form-input-size-standard kb-form-basic-style wp-block-kadence-advanced-form\"><form id=\"kb-adv-form-1144-cpt-id\" class=\"kb-advanced-form\" method=\"post\">\n<style>.kb-row-layout-id180_26ee8b-3e > .kt-row-column-wrap{align-content:start;}:where(.kb-row-layout-id180_26ee8b-3e > .kt-row-column-wrap) > .wp-block-kadence-column{justify-content:start;}.kb-row-layout-id180_26ee8b-3e > .kt-row-column-wrap{column-gap:var(--global-kb-gap-md, 2rem);row-gap:var(--global-kb-gap-md, 2rem);padding-top:0px;padding-right:0px;padding-bottom:0px;padding-left:0px;grid-template-columns:repeat(2, minmax(0, 1fr));}.kb-row-layout-id180_26ee8b-3e > .kt-row-layout-overlay{opacity:0.30;}@media all and (max-width: 1024px){.kb-row-layout-id180_26ee8b-3e > .kt-row-column-wrap{grid-template-columns:repeat(2, minmax(0, 1fr));}}@media all and (max-width: 767px){.kb-row-layout-id180_26ee8b-3e > .kt-row-column-wrap{grid-template-columns:minmax(0, 1fr);}}<\/style><div class=\"kb-row-layout-wrap kb-row-layout-id180_26ee8b-3e alignnone wp-block-kadence-rowlayout\"><div class=\"kt-row-column-wrap kt-has-2-columns kt-row-layout-equal kt-tab-layout-inherit kt-mobile-layout-row kt-row-valign-top\">\n<style>.kadence-column180_29259a-7e > .kt-inside-inner-col,.kadence-column180_29259a-7e > .kt-inside-inner-col:before{border-top-left-radius:0px;border-top-right-radius:0px;border-bottom-right-radius:0px;border-bottom-left-radius:0px;}.kadence-column180_29259a-7e > .kt-inside-inner-col{column-gap:var(--global-kb-gap-sm, 1rem);}.kadence-column180_29259a-7e > .kt-inside-inner-col{flex-direction:column;}.kadence-column180_29259a-7e > .kt-inside-inner-col > .aligncenter{width:100%;}.kadence-column180_29259a-7e > .kt-inside-inner-col:before{opacity:0.3;}.kadence-column180_29259a-7e{position:relative;}@media all and (max-width: 1024px){.kadence-column180_29259a-7e > .kt-inside-inner-col{flex-direction:column;justify-content:center;}}@media all and (max-width: 767px){.kadence-column180_29259a-7e > .kt-inside-inner-col{flex-direction:column;justify-content:center;}}<\/style>\n<div class=\"wp-block-kadence-column kadence-column180_29259a-7e\"><div class=\"kt-inside-inner-col\"><div class=\"kb-adv-form-field kb-adv-form-text-type-input kb-adv-form-infield-type-input kb-field11445fb24d-9f wp-block-kadence-advanced-form-text\"><label class=\"kb-adv-form-label\" for=\"field11445fb24d-9f\">Nombre<span class=\"kb-adv-form-required\">*<\/span><\/label><input name=\"field5fb24d-9f\" id=\"field11445fb24d-9f\" data-label=\"Nombre\" type=\"text\" placeholder=\"\" value=\"\" data-type=\"text\" class=\"kb-field kb-text-field\" data-required=\"yes\" required aria-required=\"true\"\/><\/div><\/div><\/div>\n\n\n<style>.kadence-column180_4b996b-7f > .kt-inside-inner-col,.kadence-column180_4b996b-7f > .kt-inside-inner-col:before{border-top-left-radius:0px;border-top-right-radius:0px;border-bottom-right-radius:0px;border-bottom-left-radius:0px;}.kadence-column180_4b996b-7f > .kt-inside-inner-col{column-gap:var(--global-kb-gap-sm, 1rem);}.kadence-column180_4b996b-7f > .kt-inside-inner-col{flex-direction:column;}.kadence-column180_4b996b-7f > .kt-inside-inner-col > .aligncenter{width:100%;}.kadence-column180_4b996b-7f > .kt-inside-inner-col:before{opacity:0.3;}.kadence-column180_4b996b-7f{position:relative;}@media all and (max-width: 1024px){.kadence-column180_4b996b-7f > .kt-inside-inner-col{flex-direction:column;justify-content:center;}}@media all and (max-width: 767px){.kadence-column180_4b996b-7f > .kt-inside-inner-col{flex-direction:column;justify-content:center;}}<\/style>\n<div class=\"wp-block-kadence-column kadence-column180_4b996b-7f\"><div class=\"kt-inside-inner-col\"><div class=\"kb-adv-form-field kb-adv-form-text-type-input kb-adv-form-infield-type-input kb-field11449146ba-86 wp-block-kadence-advanced-form-email\"><label class=\"kb-adv-form-label\" for=\"field11449146ba-86\">Mail<span class=\"kb-adv-form-required\">*<\/span><\/label><input name=\"field9146ba-86\" id=\"field11449146ba-86\" data-label=\"Mail\" type=\"email\" placeholder=\"\" value=\"\" data-type=\"email\" class=\"kb-field kb-email-field\" data-required=\"yes\" required aria-required=\"true\"\/><\/div><\/div><\/div>\n\n<\/div><\/div>\n\n<style>.kb-row-layout-id180_129e24-6f > .kt-row-column-wrap{align-content:start;}:where(.kb-row-layout-id180_129e24-6f > .kt-row-column-wrap) > .wp-block-kadence-column{justify-content:start;}.kb-row-layout-id180_129e24-6f > .kt-row-column-wrap{column-gap:var(--global-kb-gap-md, 2rem);row-gap:var(--global-kb-gap-md, 2rem);padding-top:0px;padding-right:0px;padding-bottom:0px;padding-left:0px;grid-template-columns:repeat(2, minmax(0, 1fr));}.kb-row-layout-id180_129e24-6f > .kt-row-layout-overlay{opacity:0.30;}@media all and (max-width: 1024px){.kb-row-layout-id180_129e24-6f > .kt-row-column-wrap{grid-template-columns:repeat(2, minmax(0, 1fr));}}@media all and (max-width: 767px){.kb-row-layout-id180_129e24-6f > .kt-row-column-wrap{grid-template-columns:minmax(0, 1fr);}}<\/style><div class=\"kb-row-layout-wrap kb-row-layout-id180_129e24-6f alignnone wp-block-kadence-rowlayout\"><div class=\"kt-row-column-wrap kt-has-2-columns kt-row-layout-equal kt-tab-layout-inherit kt-mobile-layout-row kt-row-valign-top\">\n<style>.kadence-column180_4c05db-bc > .kt-inside-inner-col,.kadence-column180_4c05db-bc > .kt-inside-inner-col:before{border-top-left-radius:0px;border-top-right-radius:0px;border-bottom-right-radius:0px;border-bottom-left-radius:0px;}.kadence-column180_4c05db-bc > .kt-inside-inner-col{column-gap:var(--global-kb-gap-sm, 1rem);}.kadence-column180_4c05db-bc > .kt-inside-inner-col{flex-direction:column;}.kadence-column180_4c05db-bc > .kt-inside-inner-col > .aligncenter{width:100%;}.kadence-column180_4c05db-bc > .kt-inside-inner-col:before{opacity:0.3;}.kadence-column180_4c05db-bc{position:relative;}@media all and (max-width: 1024px){.kadence-column180_4c05db-bc > .kt-inside-inner-col{flex-direction:column;justify-content:center;}}@media all and (max-width: 767px){.kadence-column180_4c05db-bc > .kt-inside-inner-col{flex-direction:column;justify-content:center;}}<\/style>\n<div class=\"wp-block-kadence-column kadence-column180_4c05db-bc\"><div class=\"kt-inside-inner-col\"><div class=\"kb-adv-form-field kb-adv-form-infield-type-input kb-field1144eb6357-bd wp-block-kadence-advanced-form-select\"><label class=\"kb-adv-form-label\" for=\"field1144eb6357-bd\">Edad<span class=\"kb-adv-form-required\">*<\/span><\/label><select  name=\"fieldeb6357-bd\" id=\"field1144eb6357-bd\" required aria-required=\"true\"><option value=\"Ni\u00f1o\">Ni\u00f1o<\/option><option value=\"Adulto\">Adulto<\/option><\/select><\/div><\/div><\/div>\n\n\n<style>.kadence-column180_79d07e-8e > .kt-inside-inner-col,.kadence-column180_79d07e-8e > .kt-inside-inner-col:before{border-top-left-radius:0px;border-top-right-radius:0px;border-bottom-right-radius:0px;border-bottom-left-radius:0px;}.kadence-column180_79d07e-8e > .kt-inside-inner-col{column-gap:var(--global-kb-gap-sm, 1rem);}.kadence-column180_79d07e-8e > .kt-inside-inner-col{flex-direction:column;}.kadence-column180_79d07e-8e > .kt-inside-inner-col > .aligncenter{width:100%;}.kadence-column180_79d07e-8e > .kt-inside-inner-col:before{opacity:0.3;}.kadence-column180_79d07e-8e{position:relative;}@media all and (max-width: 1024px){.kadence-column180_79d07e-8e > .kt-inside-inner-col{flex-direction:column;justify-content:center;}}@media all and (max-width: 767px){.kadence-column180_79d07e-8e > .kt-inside-inner-col{flex-direction:column;justify-content:center;}}<\/style>\n<div class=\"wp-block-kadence-column kadence-column180_79d07e-8e\"><div class=\"kt-inside-inner-col\"><div class=\"kb-adv-form-field kb-adv-form-text-type-input kb-adv-form-infield-type-input kb-field1144fcd32e-33 wp-block-kadence-advanced-form-text\"><label class=\"kb-adv-form-label\" for=\"field1144fcd32e-33\">Tel\u00e9fono<span class=\"kb-adv-form-required\">*<\/span><\/label><input name=\"fieldfcd32e-33\" id=\"field1144fcd32e-33\" data-label=\"Tel\u00e9fono\" type=\"text\" placeholder=\"\" value=\"\" data-type=\"text\" class=\"kb-field kb-text-field\" data-required=\"yes\" required aria-required=\"true\"\/><\/div><\/div><\/div>\n\n<\/div><\/div>\n\n<div class=\"kb-adv-form-field kb-adv-form-text-type-input kb-adv-form-infield-type-input kb-field114480a672-1b wp-block-kadence-advanced-form-textarea\"><label class=\"kb-adv-form-label\" for=\"field114480a672-1b\">Comentarios<\/label><textarea name=\"field80a672-1b\" id=\"field114480a672-1b\" rows=\"3\"  data-label=\"Comentarios\" placeholder=\"\" data-type=\"textarea\" class=\"kb-field kb-textarea-field\" data-required=\"no\" ><\/textarea><\/div>\n\n<div class=\"kb-adv-form-field kb-field114440a502-e4 wp-block-kadence-advanced-form-accept\"><fieldset class=\"kb-radio-check-item-wrap\" id=\"cb114440a502-e4\" data-type=\"accept\" data-required=\"yes\" ><legend class=\"kb-adv-form-label\"><a href=\"https:\/\/pazsalvadordental.es\/politica-de-privacidad\">Ver t\u00e9rminos y condiciones<\/a><span class=\"kb-adv-form-required\">*<\/span><\/legend><div class=\"kb-radio-check-item\"><input name=\"field40a502-e4\" id=\"field114440a502-e4_0\" aria-describedby=\"aria-describe114440a502-e4\" data-label=\"&lt;a href=&quot;https:\/\/pazsalvadordental.es\/politica-de-privacidad&quot;&gt;Ver t\u00e9rminos y condiciones&lt;\/a&gt;\" type=\"checkbox\" value=\"accept\" data-type=\"accept\" class=\"kb-field kb-accept-field kb-checkbox-field\" data-required=\"yes\" required aria-required=\"true\"\/><label for=\"field114440a502-e4_0\">He le\u00eddo y acepto la Pol\u00edtica de Privacidad<\/label><\/div><div class=\"kb-adv-form-help\" id=\"aria-describe114440a502-e4\">Responsable del Tratamiento: PAZ SALVADOR CL\u00cdNICA DENTAL\nFinalidades del Tratamiento: usaremos tus datos para agendar alguna visita y atender tus dudas, consultas y sugerencias. \nDerechos de los interesados: Puede ejercer sus derechos de acceso, rectificaci\u00f3n, supresi\u00f3n y portabilidad de sus datos, de limitaci\u00f3n y oposici\u00f3n a su tratamiento en info@pazsalvadordental.es.\nM\u00e1s informaci\u00f3n: en nuestra pol\u00edtica de privacidad<\/div><\/fieldset><\/div>\n\n<style>.kb-submit-field .kb-btn8f6f6d-c9.kb-button, ul.menu .kb-submit-field .kb-btn8f6f6d-c9.kb-button{width:100px;}.kb-submit-field .kb-btn8f6f6d-c9.kb-button{color:var(--ast-global-color-5);background:var(--ast-global-color-0);font-size:15px;font-family:Montserrat;font-weight:400;border-top-left-radius:30px;border-top-right-radius:30px;border-bottom-right-radius:30px;border-bottom-left-radius:30px;}.kb-submit-field .kb-btn8f6f6d-c9.kb-button:hover, .kb-submit-field .kb-btn8f6f6d-c9.kb-button:focus{color:var(--ast-global-color-5);background:var(--ast-global-color-7);}.kb-submit-field.kb-field8f6f6d-c9{justify-content:flex-start;}<\/style><div class=\"kb-adv-form-field kb-submit-field kb-field8f6f6d-c9 wp-block-kadence-advanced-form-submit\"><button class=\"kb-button kt-button button kb-adv-form-submit-button kb-btn8f6f6d-c9 kt-btn-size-standard kt-btn-width-type-fixed kb-btn-global-fill kt-btn-has-text-true kt-btn-has-svg-false\" type=\"submit\"><span class=\"kt-btn-inner-text\">Enviar<\/span><\/button><\/div>\n<input type=\"hidden\" name=\"_kb_adv_form_post_id\" value=\"1144\"><input type=\"hidden\" name=\"action\" value=\"kb_process_advanced_form_submit\"><input type=\"hidden\" name=\"_kb_adv_form_id\" value=\"1144-cpt-id\"><\/form><\/div><\/div><\/div>\n","protected":false},"excerpt":{"rendered":"<p>Reserva cita Completa el nostre formulari i, aviat, el nostre equip confirmar\u00e0 els detalls de la teva cita. La teva salut bucal est\u00e0 en bones mans. Esperem parlar amb tu [&hellip;]<\/p>\n","protected":false},"author":2,"featured_media":0,"parent":0,"menu_order":0,"comment_status":"closed","ping_status":"closed","template":"","meta":{"_uag_custom_page_level_css":"","_kad_blocks_custom_css":"","_kad_blocks_head_custom_js":"","_kad_blocks_body_custom_js":"","_kad_blocks_footer_custom_js":"","rank_math_title":"","rank_math_description":"","site-sidebar-layout":"no-sidebar","site-content-layout":"plain-container","ast-site-content-layout":"normal-width-container","site-content-style":"unboxed","site-sidebar-style":"unboxed","ast-global-header-display":"","ast-banner-title-visibility":"","ast-main-header-display":"","ast-hfb-above-header-display":"","ast-hfb-below-header-display":"","ast-hfb-mobile-header-display":"","site-post-title":"disabled","ast-breadcrumbs-content":"","ast-featured-img":"","footer-sml-layout":"","ast-disable-related-posts":"","theme-transparent-header-meta":"disabled","adv-header-id-meta":"","stick-header-meta":"","header-above-stick-meta":"","header-main-stick-meta":"","header-below-stick-meta":"","astra-migrate-meta-layouts":"set","ast-page-background-enabled":"default","ast-page-background-meta":{"desktop":{"background-color":"","background-image":"","background-repeat":"repeat","background-position":"center center","background-size":"auto","background-attachment":"scroll","background-type":"","background-media":"","overlay-type":"","overlay-color":"","overlay-opacity":"","overlay-gradient":""},"tablet":{"background-color":"","background-image":"","background-repeat":"repeat","background-position":"center center","background-size":"auto","background-attachment":"scroll","background-type":"","background-media":"","overlay-type":"","overlay-color":"","overlay-opacity":"","overlay-gradient":""},"mobile":{"background-color":"","background-image":"","background-repeat":"repeat","background-position":"center center","background-size":"auto","background-attachment":"scroll","background-type":"","background-media":"","overlay-type":"","overlay-color":"","overlay-opacity":"","overlay-gradient":""}},"ast-content-background-meta":{"desktop":{"background-color":"var(--ast-global-color-5)","background-image":"","background-repeat":"repeat","background-position":"center center","background-size":"auto","background-attachment":"scroll","background-type":"","background-media":"","overlay-type":"","overlay-color":"","overlay-opacity":"","overlay-gradient":""},"tablet":{"background-color":"var(--ast-global-color-5)","background-image":"","background-repeat":"repeat","background-position":"center center","background-size":"auto","background-attachment":"scroll","background-type":"","background-media":"","overlay-type":"","overlay-color":"","overlay-opacity":"","overlay-gradient":""},"mobile":{"background-color":"var(--ast-global-color-5)","background-image":"","background-repeat":"repeat","background-position":"center center","background-size":"auto","background-attachment":"scroll","background-type":"","background-media":"","overlay-type":"","overlay-color":"","overlay-opacity":"","overlay-gradient":""}},"_joinchat":[],"footnotes":""},"class_list":["post-3487","page","type-page","status-publish","hentry"],"taxonomy_info":[],"featured_image_src_large":false,"author_info":{"display_name":"Paz","author_link":"https:\/\/pazsalvadordental.es\/ca\/author\/paz\/"},"comment_info":0,"uagb_featured_image_src":{"full":false,"thumbnail":false,"medium":false,"medium_large":false,"large":false,"1536x1536":false,"2048x2048":false},"uagb_author_info":{"display_name":"Paz","author_link":"https:\/\/pazsalvadordental.es\/ca\/author\/paz\/"},"uagb_comment_info":0,"uagb_excerpt":"Reserva cita Completa el nostre formulari i, aviat, el nostre equip confirmar\u00e0 els detalls de la teva cita. La teva salut bucal est\u00e0 en bones mans. Esperem parlar amb tu [&hellip;]","_links":{"self":[{"href":"https:\/\/pazsalvadordental.es\/ca\/wp-json\/wp\/v2\/pages\/3487","targetHints":{"allow":["GET"]}}],"collection":[{"href":"https:\/\/pazsalvadordental.es\/ca\/wp-json\/wp\/v2\/pages"}],"about":[{"href":"https:\/\/pazsalvadordental.es\/ca\/wp-json\/wp\/v2\/types\/page"}],"author":[{"embeddable":true,"href":"https:\/\/pazsalvadordental.es\/ca\/wp-json\/wp\/v2\/users\/2"}],"replies":[{"embeddable":true,"href":"https:\/\/pazsalvadordental.es\/ca\/wp-json\/wp\/v2\/comments?post=3487"}],"version-history":[{"count":0,"href":"https:\/\/pazsalvadordental.es\/ca\/wp-json\/wp\/v2\/pages\/3487\/revisions"}],"wp:attachment":[{"href":"https:\/\/pazsalvadordental.es\/ca\/wp-json\/wp\/v2\/media?parent=3487"}],"curies":[{"name":"wp","href":"https:\/\/api.w.org\/{rel}","templated":true}]}}