{"id":3486,"date":"2020-09-09T09:57:04","date_gmt":"2020-09-09T09:57:04","guid":{"rendered":"https:\/\/pazsalvadordental.es\/about\/"},"modified":"2023-11-24T13:15:00","modified_gmt":"2023-11-24T12:15:00","slug":"ortodoncia-invisible","status":"publish","type":"page","link":"https:\/\/pazsalvadordental.es\/ca\/ortodoncia-invisible\/","title":{"rendered":"Ortod\u00f2ncia invisible"},"content":{"rendered":"\n<div class=\"wp-block-uagb-container uagb-block-1f54725c alignfull uagb-is-root-container\"><div class=\"uagb-container-inner-blocks-wrap\">\n<div class=\"wp-block-uagb-container uagb-block-ca5b3353\"><div class=\"wp-block-uagb-advanced-heading uagb-block-ab3fb5c0\"><h1 class=\"uagb-heading-text\"><strong>Ortod\u00f2ncia Invisible<\/strong> <br><strong>a Sant Joan Desp\u00ed<\/strong><\/h1><\/div><\/div>\n<\/div><\/div>\n\n\n\n<div id=\"ventajas\" class=\"wp-block-uagb-container uagb-block-206e8845 alignfull uagb-is-root-container\"><div class=\"uagb-container-inner-blocks-wrap\">\n<div class=\"wp-block-uagb-container uagb-block-a3e374d4\">\n<div class=\"wp-block-uagb-image aligncenter uagb-block-559177a5 wp-block-uagb-image--layout-default wp-block-uagb-image--effect-static wp-block-uagb-image--align-center\"><figure class=\"wp-block-uagb-image__figure\"><img decoding=\"async\"  sizes=\"auto, (max-width: 480px) 150px\" src=\"https:\/\/pazsalvadordental.es\/wp-content\/uploads\/2023\/08\/paz-salvador-sonrisa@300x-8.png\" alt=\"\" width=\"92\" height=\"50\" title=\"\" loading=\"lazy\"\/><\/figure><\/div>\n\n\n<div class=\"wp-block-uagb-advanced-heading uagb-block-8798ccef\"><h2 class=\"uagb-heading-text\">Avantatges de l&#8217;ortod\u00f2ncia invisible<\/h2><p class=\"uagb-desc-text\">Mitjan\u00e7ant l&#8217;\u00fas d&#8217;alineadors transparents i removibles, corregim problemes de mal posicions dentals de manera discreta i efectiva, sense comprometre l&#8217;est\u00e8tica del teu somriure.<\/p><\/div><\/div>\n<\/div><\/div>\n\n\n\n<div class=\"wp-block-uagb-container uagb-block-f073daa4 alignfull uagb-is-root-container\"><div class=\"uagb-container-inner-blocks-wrap\">\n<div class=\"wp-block-uagb-container uagb-block-80524bcb\"><div class=\"wp-block-uagb-info-box uagb-block-c5f61e47 uagb-infobox__content-wrap  uagb-infobox-icon-above-title uagb-infobox-image-valign-top\"><div class=\"uagb-ifb-content\"><div class=\"uagb-ifb-icon-wrap\"><svg xmlns=\"https:\/\/www.w3.org\/2000\/svg\" viewBox=\"0 0 512 512\"><path d=\"M496 288h-96V256l64 .0002c8.838 0 16-7.164 16-15.1v-15.1c0-8.838-7.162-16-16-16L384 208c-17.67 0-32 14.33-32 32v47.1l-64 .0005v-192c0-17.64 14.36-32 32-32s32 14.36 32 32v16c0 8.836 7.164 16 16 16h32c8.838 0 16-7.164 16-16v-16c0-59.2-53.85-106-115.1-94.14C255.3 10.71 224 53.36 224 99.79v188.2L160 288V240c0-17.67-14.33-32-32-32L48 208c-8.836 0-16 7.162-16 16v15.1C32 248.8 39.16 256 48 256l64-.0002V288h-96c-8.836 0-16 7.164-16 16v32c0 8.836 7.164 16 16 16h480c8.836 0 16-7.164 16-16V304C512 295.2 504.8 288 496 288zM32 416c0 53.02 42.98 96 96 96h256c53.02 0 96-42.98 96-96v-32H32V416z\"><\/path><\/svg><\/div><div class=\"uagb-ifb-title-wrap\"><h5 class=\"uagb-ifb-title\"><strong>Higiene<\/strong><\/h5><\/div><p class=\"uagb-ifb-desc\">Els alineadors s\u00f3n removibles, cosa que facilita el proc\u00e9s d&#8217;higiene bucal.<\/p><\/div><\/div><\/div>\n\n\n\n<div class=\"wp-block-uagb-container uagb-block-0083d413\"><div class=\"wp-block-uagb-info-box uagb-block-9df6b5d8 uagb-infobox__content-wrap  uagb-infobox-icon-above-title uagb-infobox-image-valign-top\"><div class=\"uagb-ifb-content\"><div class=\"uagb-ifb-icon-wrap\"><svg xmlns=\"https:\/\/www.w3.org\/2000\/svg\" viewBox=\"0 0 512 512\"><path d=\"M483.4 244.2L351.9 287.1h97.74c-9.874 10.62 3.75-3.125-46.24 46.87l-147.6 49.12h98.24c-74.99 73.12-194.6 70.62-246.8 54.1l-66.14 65.99c-9.374 9.374-24.6 9.374-33.98 0s-9.374-24.6 0-33.98l259.5-259.2c6.249-6.25 6.249-16.37 0-22.62c-6.249-6.249-16.37-6.249-22.62 0l-178.4 178.2C58.78 306.1 68.61 216.7 129.1 156.3l85.74-85.68c90.62-90.62 189.8-88.27 252.3-25.78C517.8 95.34 528.9 169.7 483.4 244.2z\"><\/path><\/svg><\/div><div class=\"uagb-ifb-title-wrap\"><h5 class=\"uagb-ifb-title\"><strong><strong>Comoditat<\/strong><\/strong><\/h5><\/div><p class=\"uagb-ifb-desc\">Estan fabricats amb materials suaus i flexibles, cosa que minimitza les mol\u00e8sties a la boca.<\/p><\/div><\/div><\/div>\n\n\n\n<div class=\"wp-block-uagb-container uagb-block-4476209a\"><div class=\"wp-block-uagb-info-box uagb-block-f959e7b1 uagb-infobox__content-wrap  uagb-infobox-icon-above-title uagb-infobox-image-valign-top\"><div class=\"uagb-ifb-content\"><div class=\"uagb-ifb-icon-wrap\"><svg xmlns=\"https:\/\/www.w3.org\/2000\/svg\" viewBox=\"0 0 640 512\"><path d=\"M150.7 92.77C195 58.27 251.8 32 320 32C400.8 32 465.5 68.84 512.6 112.6C559.4 156 590.7 207.1 605.5 243.7C608.8 251.6 608.8 260.4 605.5 268.3C592.1 300.6 565.2 346.1 525.6 386.7L630.8 469.1C641.2 477.3 643.1 492.4 634.9 502.8C626.7 513.2 611.6 515.1 601.2 506.9L9.196 42.89C-1.236 34.71-3.065 19.63 5.112 9.196C13.29-1.236 28.37-3.065 38.81 5.112L150.7 92.77zM223.1 149.5L313.4 220.3C317.6 211.8 320 202.2 320 191.1C320 180.5 316.1 169.7 311.6 160.4C314.4 160.1 317.2 159.1 320 159.1C373 159.1 416 202.1 416 255.1C416 269.7 413.1 282.7 407.1 294.5L446.6 324.7C457.7 304.3 464 280.9 464 255.1C464 176.5 399.5 111.1 320 111.1C282.7 111.1 248.6 126.2 223.1 149.5zM320 480C239.2 480 174.5 443.2 127.4 399.4C80.62 355.1 49.34 304 34.46 268.3C31.18 260.4 31.18 251.6 34.46 243.7C44 220.8 60.29 191.2 83.09 161.5L177.4 235.8C176.5 242.4 176 249.1 176 255.1C176 335.5 240.5 400 320 400C338.7 400 356.6 396.4 373 389.9L446.2 447.5C409.9 467.1 367.8 480 320 480H320z\"><\/path><\/svg><\/div><div class=\"uagb-ifb-title-wrap\"><h5 class=\"uagb-ifb-title\"><strong><strong>Est\u00e8tica<\/strong><\/strong><\/h5><\/div><p class=\"uagb-ifb-desc\">S\u00f3n pr\u00e0cticament invisibles a simple vista.<\/p><\/div><\/div><\/div>\n\n\n\n<div class=\"wp-block-uagb-container uagb-block-6700a256\"><div class=\"wp-block-uagb-info-box uagb-block-1a742cd3 uagb-infobox__content-wrap  uagb-infobox-icon-above-title uagb-infobox-image-valign-top\"><div class=\"uagb-ifb-content\"><div class=\"uagb-ifb-icon-wrap\"><svg xmlns=\"https:\/\/www.w3.org\/2000\/svg\" viewBox=\"0 0 512 512\"><path d=\"M481.9 270.1C490.9 279.1 496 291.3 496 304C496 316.7 490.9 328.9 481.9 337.9C472.9 346.9 460.7 352 448 352H64C51.27 352 39.06 346.9 30.06 337.9C21.06 328.9 16 316.7 16 304C16 291.3 21.06 279.1 30.06 270.1C39.06 261.1 51.27 256 64 256H448C460.7 256 472.9 261.1 481.9 270.1zM475.3 388.7C478.3 391.7 480 395.8 480 400V416C480 432.1 473.3 449.3 461.3 461.3C449.3 473.3 432.1 480 416 480H96C79.03 480 62.75 473.3 50.75 461.3C38.74 449.3 32 432.1 32 416V400C32 395.8 33.69 391.7 36.69 388.7C39.69 385.7 43.76 384 48 384H464C468.2 384 472.3 385.7 475.3 388.7zM50.39 220.8C45.93 218.6 42.03 215.5 38.97 211.6C35.91 207.7 33.79 203.2 32.75 198.4C31.71 193.5 31.8 188.5 32.99 183.7C54.98 97.02 146.5 32 256 32C365.5 32 457 97.02 479 183.7C480.2 188.5 480.3 193.5 479.2 198.4C478.2 203.2 476.1 207.7 473 211.6C469.1 215.5 466.1 218.6 461.6 220.8C457.2 222.9 452.3 224 447.3 224H64.67C59.73 224 54.84 222.9 50.39 220.8zM372.7 116.7C369.7 119.7 368 123.8 368 128C368 131.2 368.9 134.3 370.7 136.9C372.5 139.5 374.1 141.6 377.9 142.8C380.8 143.1 384 144.3 387.1 143.7C390.2 143.1 393.1 141.6 395.3 139.3C397.6 137.1 399.1 134.2 399.7 131.1C400.3 128 399.1 124.8 398.8 121.9C397.6 118.1 395.5 116.5 392.9 114.7C390.3 112.9 387.2 111.1 384 111.1C379.8 111.1 375.7 113.7 372.7 116.7V116.7zM244.7 84.69C241.7 87.69 240 91.76 240 96C240 99.16 240.9 102.3 242.7 104.9C244.5 107.5 246.1 109.6 249.9 110.8C252.8 111.1 256 112.3 259.1 111.7C262.2 111.1 265.1 109.6 267.3 107.3C269.6 105.1 271.1 102.2 271.7 99.12C272.3 96.02 271.1 92.8 270.8 89.88C269.6 86.95 267.5 84.45 264.9 82.7C262.3 80.94 259.2 79.1 256 79.1C251.8 79.1 247.7 81.69 244.7 84.69V84.69zM116.7 116.7C113.7 119.7 112 123.8 112 128C112 131.2 112.9 134.3 114.7 136.9C116.5 139.5 118.1 141.6 121.9 142.8C124.8 143.1 128 144.3 131.1 143.7C134.2 143.1 137.1 141.6 139.3 139.3C141.6 137.1 143.1 134.2 143.7 131.1C144.3 128 143.1 124.8 142.8 121.9C141.6 118.1 139.5 116.5 136.9 114.7C134.3 112.9 131.2 111.1 128 111.1C123.8 111.1 119.7 113.7 116.7 116.7L116.7 116.7z\"><\/path><\/svg><\/div><div class=\"uagb-ifb-title-wrap\"><h5 class=\"uagb-ifb-title\"><strong><strong>Llibertat per menjar el que vulguis<\/strong><\/strong><\/h5><\/div><p class=\"uagb-ifb-desc\">Ja que es retiren durant els \u00e0pats.<\/p><\/div><\/div><\/div>\n\n\n<div class=\"wp-block-uagb-info-box uagb-block-c1ff3016 uagb-infobox__content-wrap  uagb-infobox-icon-above-title uagb-infobox-image-valign-top\"><div class=\"uagb-ifb-content\"><div class=\"uagb-ifb-icon-wrap\"><svg xmlns=\"https:\/\/www.w3.org\/2000\/svg\" viewBox=\"0 0 448 512\"><path d=\"M96 32C96 14.33 110.3 0 128 0C145.7 0 160 14.33 160 32V64H288V32C288 14.33 302.3 0 320 0C337.7 0 352 14.33 352 32V64H400C426.5 64 448 85.49 448 112V160H0V112C0 85.49 21.49 64 48 64H96V32zM448 464C448 490.5 426.5 512 400 512H48C21.49 512 0 490.5 0 464V192H448V464z\"><\/path><\/svg><\/div><div class=\"uagb-ifb-title-wrap\"><h5 class=\"uagb-ifb-title\"><strong><strong>Planificaci\u00f3 del tractament<\/strong><\/strong><\/h5><\/div><p class=\"uagb-ifb-desc\">Abans d&#8217;iniciar el teu tractament sabr\u00e0s com es mouran les teves dents durant el proc\u00e9s.<\/p><\/div><\/div><\/div><\/div>\n\n\n\n<div class=\"wp-block-uagb-container uagb-block-390289d1 alignfull uagb-is-root-container\"><div class=\"uagb-container-inner-blocks-wrap\">\n<div class=\"wp-block-uagb-container uagb-block-3bc42b6a\"><div class=\"wp-block-uagb-advanced-heading uagb-block-f5b186f0\"><h2 class=\"uagb-heading-text\"><strong>Primera visita d&#8217;Ortod\u00f2ncia invisible gratu\u00efta<\/strong><\/h2><p class=\"uagb-desc-text\">A la teva primera cita, t&#8217;espera una experi\u00e8ncia \u00fanica. Comen\u00e7arem amb un <strong>estudi fotogr\u00e0fic<\/strong> i un <strong>esc\u00e0ner intraoral<\/strong> per con\u00e8ixer a fons les teves dents i la seva posici\u00f3. Despr\u00e9s la Dra. Salvador et guiar\u00e0 a trav\u00e9s d&#8217;una <strong>exploraci\u00f3<\/strong> de la teva boca per comprendre les teves necessitats espec\u00edfiques i explicar-te la millor opci\u00f3 personalitzada.<\/p><\/div>\n\n<p style=\"padding-top:30px;padding-bottom:40px;line-height:1.5\">El millor de tot \u00e9s que, el mateix dia, et mostrarem una<strong> simulaci\u00f3<\/strong> de com quedaran les teves dents al final del tractament. T&#8217;avancem un somriure espectacular que et deixar\u00e0 emocionat per comen\u00e7ar aquest viatge cap al somriure perfecte amb alineadors!<\/p><\/div>\n\n\n\n<div class=\"wp-block-uagb-container uagb-block-fcb38fc1\">\n<figure class=\"wp-block-video\"><video height=\"1080\" style=\"aspect-ratio: 1920 \/ 1080;\" width=\"1920\" controls src=\"https:\/\/pazsalvadordental.es\/wp-content\/uploads\/2023\/10\/Invisalign_-_Web_Banner_-_SmileView_Social_Banner_-_MP4_-_VID10.mp4\"><\/video><\/figure>\n<\/div>\n<\/div><\/div>\n\n\n\n<div id=\"lideres\" class=\"wp-block-uagb-container uagb-block-62176796 alignfull uagb-is-root-container\"><div class=\"uagb-container-inner-blocks-wrap\">\n<div class=\"wp-block-uagb-container uagb-block-91e2308b\"><div class=\"wp-block-uagb-info-box uagb-block-521de6a9 uagb-infobox__content-wrap  uagb-infobox-icon-above-title uagb-infobox-image-valign-top\"><div class=\"uagb-ifb-content\"><div class=\"uagb-ifb-title-wrap\"><h2 class=\"uagb-ifb-title\">Som l\u00edders en Ortod\u00f2ncia Invisible a Sant Joan Desp\u00ed<\/h2><\/div><p class=\"uagb-ifb-desc\">La Dra. Paz Salvador compta amb<strong> 15 anys d&#8217;experi\u00e8ncia exclusiva <\/strong>en l&#8217;especialitat d&#8217;<strong>Ortod\u00f2ncia<\/strong>. Es va certificar per tractar pacients amb <strong>Invisalign el 2011<\/strong>, per la qual cosa fa 12 anys que utilitza alineadors invisibles per resoldre tot tipus de casos en nens i adults amb \u00e8xit.<br>A causa de l&#8217;elevat nombre de pacients que tracta a l&#8217;any, \u00e9s l&#8217;<strong>\u00fanica Dra. a Sant Joan Desp\u00ed<\/strong> amb la m\u00e0xima <strong>distinci\u00f3 <\/strong>que atorga Invisalign, <strong>Diamond II Provider<\/strong>.<\/p><div class=\"uagb-ifb-button-wrapper wp-block-button\"><a href='https:\/\/pazsalvadordental.es\/ca\/' class=\"uagb-infobox-cta-link wp-block-button__link\" target=\"_self\" rel=\"noopener noreferrer\" onclick=\"return true;\" alt=\"\">clinica dental<\/a><\/div><\/div><\/div><\/div>\n<\/div><\/div>\n\n\n\n<div class=\"wp-block-uagb-container uagb-block-2deb0898 alignfull uagb-is-root-container\"><div class=\"uagb-container-inner-blocks-wrap\">\n<div class=\"wp-block-uagb-container uagb-block-2c96f968 alignfull uagb-is-root-container\"><div class=\"uagb-container-inner-blocks-wrap\">\n<div class=\"wp-block-uagb-container uagb-block-52df9ce6\"><div class=\"wp-block-uagb-advanced-heading uagb-block-f8653f65\"><h3 class=\"uagb-heading-text\">Agenda una consulta avui mateix i descobreix com els alineadors invisibles poden transformar el teu somriure de manera discreta i efica\u00e7!<\/h3><\/div>\n\n<div class=\"wp-block-uagb-advanced-heading uagb-block-181f1fda\"><p class=\"uagb-heading-text\">A la nostra <strong>Cl\u00ednica Dental<\/strong> a<strong> Sant Joan Desp\u00ed,<\/strong> estem compromesos a oferir-te una experi\u00e8ncia d&#8217;<strong>Ortod\u00f2ncia Invisible<\/strong> c\u00f2moda, efectiva i est\u00e8ticament agradable. La <strong><a href='https:\/\/pazsalvadordental.es\/ca\/'>clinica dental<\/a><\/strong> i el seu equip altament capacitat et guiar\u00e0 en cada etapa del tractament, assegurant-se que aconsegueixis el <strong>somriure perfectament alineat <\/strong>que sempre has desitjat.<\/p><\/div><\/div>\n\n\n\n<div class=\"wp-block-uagb-container uagb-block-0938c4b6\">\n<div class=\"wp-block-uagb-image uagb-block-792eaac5 wp-block-uagb-image--layout-default wp-block-uagb-image--effect-static wp-block-uagb-image--align-none\"><figure class=\"wp-block-uagb-image__figure\"><img decoding=\"async\" srcset=\"https:\/\/pazsalvadordental.es\/wp-content\/uploads\/2023\/11\/paza-salvador-ortodocvia-invisible-logo-nuevo.png ,https:\/\/pazsalvadordental.es\/wp-content\/uploads\/2023\/11\/paza-salvador-ortodocvia-invisible-logo-nuevo.png 780w, https:\/\/pazsalvadordental.es\/wp-content\/uploads\/2023\/11\/paza-salvador-ortodocvia-invisible-logo-nuevo.png 360w\" sizes=\"auto, (max-width: 480px) 150px\" src=\"https:\/\/pazsalvadordental.es\/wp-content\/uploads\/2023\/11\/paza-salvador-ortodocvia-invisible-logo-nuevo.png\" alt=\"\" class=\"uag-image-2123\" width=\"800\" height=\"800\" title=\"\" loading=\"lazy\"\/><\/figure><\/div>\n<\/div>\n<\/div><\/div>\n<\/div><\/div>\n\n\n\n<div class=\"wp-block-uagb-container uagb-block-3f48ddfc alignfull uagb-is-root-container\"><div class=\"uagb-container-inner-blocks-wrap\"><div class=\"wp-block-uagb-advanced-heading uagb-block-a1503055\"><h3 class=\"uagb-heading-text\">Sol\u00b7licita primera visita d&#8217;Ortod\u00f2ncia <strong>invisible<\/strong> <\/h3><p class=\"uagb-desc-text\">Est\u00e0s a punt de viure la teva <strong>primera visita d&#8217;ortod\u00f2ncia<\/strong>? No et preocupis, estem aqu\u00ed per fer-te somriure!<\/p><\/div>\n\n\n<div class=\"wp-block-uagb-buttons uagb-buttons__outer-wrap uagb-btn__default-btn uagb-btn-tablet__default-btn uagb-btn-mobile__default-btn uagb-block-8e76fdb7\"><div class=\"uagb-buttons__wrap uagb-buttons-layout-wrap\"><div class=\"wp-block-uagb-buttons-child uagb-buttons__outer-wrap uagb-block-e586e3a6 wp-block-button\"><div class=\"uagb-button__wrapper\"><a class=\"uagb-buttons-repeater wp-block-button__link\" href='https:\/\/pazsalvadordental.es\/ca\/' onclick=\"return true;\" rel=\"follow noopener\" target=\"_self\"><div class=\"uagb-button__link\">clinica dental<\/div><\/a><\/div><\/div><\/div><\/div>\n<\/div><\/div>\n","protected":false},"excerpt":{"rendered":"<p>Ortod\u00f2ncia Invisible a Sant Joan Desp\u00ed Avantatges de l&#8217;ortod\u00f2ncia invisible Mitjan\u00e7ant l&#8217;\u00fas d&#8217;alineadors transparents i removibles, corregim problemes de mal posicions dentals de manera discreta i efectiva, sense comprometre l&#8217;est\u00e8tica [&hellip;]<\/p>\n","protected":false},"author":2,"featured_media":0,"parent":0,"menu_order":0,"comment_status":"closed","ping_status":"closed","template":"","meta":{"_uag_custom_page_level_css":"","_kad_blocks_custom_css":"","_kad_blocks_head_custom_js":"","_kad_blocks_body_custom_js":"","_kad_blocks_footer_custom_js":"","rank_math_title":"","rank_math_description":"","site-sidebar-layout":"no-sidebar","site-content-layout":"plain-container","ast-site-content-layout":"normal-width-container","site-content-style":"unboxed","site-sidebar-style":"unboxed","ast-global-header-display":"","ast-banner-title-visibility":"","ast-main-header-display":"","ast-hfb-above-header-display":"","ast-hfb-below-header-display":"","ast-hfb-mobile-header-display":"","site-post-title":"disabled","ast-breadcrumbs-content":"","ast-featured-img":"","footer-sml-layout":"","ast-disable-related-posts":"","theme-transparent-header-meta":"default","adv-header-id-meta":"","stick-header-meta":"","header-above-stick-meta":"","header-main-stick-meta":"","header-below-stick-meta":"","astra-migrate-meta-layouts":"set","ast-page-background-enabled":"default","ast-page-background-meta":{"desktop":{"background-color":"","background-image":"","background-repeat":"repeat","background-position":"center center","background-size":"auto","background-attachment":"scroll","background-type":"","background-media":"","overlay-type":"","overlay-color":"","overlay-opacity":"","overlay-gradient":""},"tablet":{"background-color":"","background-image":"","background-repeat":"repeat","background-position":"center center","background-size":"auto","background-attachment":"scroll","background-type":"","background-media":"","overlay-type":"","overlay-color":"","overlay-opacity":"","overlay-gradient":""},"mobile":{"background-color":"","background-image":"","background-repeat":"repeat","background-position":"center center","background-size":"auto","background-attachment":"scroll","background-type":"","background-media":"","overlay-type":"","overlay-color":"","overlay-opacity":"","overlay-gradient":""}},"ast-content-background-meta":{"desktop":{"background-color":"var(--ast-global-color-5)","background-image":"","background-repeat":"repeat","background-position":"center center","background-size":"auto","background-attachment":"scroll","background-type":"","background-media":"","overlay-type":"","overlay-color":"","overlay-opacity":"","overlay-gradient":""},"tablet":{"background-color":"var(--ast-global-color-5)","background-image":"","background-repeat":"repeat","background-position":"center center","background-size":"auto","background-attachment":"scroll","background-type":"","background-media":"","overlay-type":"","overlay-color":"","overlay-opacity":"","overlay-gradient":""},"mobile":{"background-color":"var(--ast-global-color-5)","background-image":"","background-repeat":"repeat","background-position":"center center","background-size":"auto","background-attachment":"scroll","background-type":"","background-media":"","overlay-type":"","overlay-color":"","overlay-opacity":"","overlay-gradient":""}},"_joinchat":[],"footnotes":""},"class_list":["post-3486","page","type-page","status-publish","hentry"],"taxonomy_info":[],"featured_image_src_large":false,"author_info":{"display_name":"Paz","author_link":"https:\/\/pazsalvadordental.es\/ca\/author\/paz\/"},"comment_info":0,"uagb_featured_image_src":{"full":false,"thumbnail":false,"medium":false,"medium_large":false,"large":false,"1536x1536":false,"2048x2048":false},"uagb_author_info":{"display_name":"Paz","author_link":"https:\/\/pazsalvadordental.es\/ca\/author\/paz\/"},"uagb_comment_info":0,"uagb_excerpt":"Ortod\u00f2ncia Invisible a Sant Joan Desp\u00ed Avantatges de l&#8217;ortod\u00f2ncia invisible Mitjan\u00e7ant l&#8217;\u00fas d&#8217;alineadors transparents i removibles, corregim problemes de mal posicions dentals de manera discreta i efectiva, sense comprometre l&#8217;est\u00e8tica [&hellip;]","_links":{"self":[{"href":"https:\/\/pazsalvadordental.es\/ca\/wp-json\/wp\/v2\/pages\/3486","targetHints":{"allow":["GET"]}}],"collection":[{"href":"https:\/\/pazsalvadordental.es\/ca\/wp-json\/wp\/v2\/pages"}],"about":[{"href":"https:\/\/pazsalvadordental.es\/ca\/wp-json\/wp\/v2\/types\/page"}],"author":[{"embeddable":true,"href":"https:\/\/pazsalvadordental.es\/ca\/wp-json\/wp\/v2\/users\/2"}],"replies":[{"embeddable":true,"href":"https:\/\/pazsalvadordental.es\/ca\/wp-json\/wp\/v2\/comments?post=3486"}],"version-history":[{"count":0,"href":"https:\/\/pazsalvadordental.es\/ca\/wp-json\/wp\/v2\/pages\/3486\/revisions"}],"wp:attachment":[{"href":"https:\/\/pazsalvadordental.es\/ca\/wp-json\/wp\/v2\/media?parent=3486"}],"curies":[{"name":"wp","href":"https:\/\/api.w.org\/{rel}","templated":true}]}}