{"id":3485,"date":"2020-09-09T13:48:49","date_gmt":"2020-09-09T13:48:49","guid":{"rendered":"https:\/\/pazsalvadordental.es\/faqs\/"},"modified":"2023-10-05T17:53:44","modified_gmt":"2023-10-05T15:53:44","slug":"estetica-dental","status":"publish","type":"page","link":"https:\/\/pazsalvadordental.es\/ca\/estetica-dental\/","title":{"rendered":"Est\u00e8tica dental"},"content":{"rendered":"\n<div class=\"wp-block-uagb-container uagb-block-1f54725c alignfull uagb-is-root-container\"><div class=\"uagb-container-inner-blocks-wrap\">\n<div class=\"wp-block-uagb-container uagb-block-ca5b3353\"><div class=\"wp-block-uagb-advanced-heading uagb-block-ab3fb5c0\"><h1 class=\"uagb-heading-text\">Est\u00e8tica dental <br><strong>a Sant Joan Desp\u00ed<\/strong><\/h1><\/div><\/div>\n<\/div><\/div>\n\n\n\n<div class=\"wp-block-uagb-container uagb-block-c27c919f alignfull uagb-is-root-container\"><div class=\"uagb-container-inner-blocks-wrap\">\n<div class=\"wp-block-uagb-container uagb-block-d2457ad0\">\n<div class=\"wp-block-uagb-image aligncenter uagb-block-559177a5 wp-block-uagb-image--layout-default wp-block-uagb-image--effect-static wp-block-uagb-image--align-center\"><figure class=\"wp-block-uagb-image__figure\"><img decoding=\"async\"  sizes=\"auto, (max-width: 480px) 150px\" src=\"https:\/\/pazsalvadordental.es\/wp-content\/uploads\/2023\/08\/paz-salvador-sonrisa@300x-8.png\" alt=\"\" width=\"92\" height=\"50\" title=\"\" loading=\"lazy\"\/><\/figure><\/div>\n\n\n<div class=\"wp-block-uagb-advanced-heading uagb-block-8798ccef\"><h2 class=\"uagb-heading-text\"><strong>El teu Somriure, La teva Bellesa<\/strong><\/h2><p class=\"uagb-desc-text\">A la Cl\u00ednica Paz Salvador Dental, la nostra \u00e0rea d&#8217;est\u00e8tica dental est\u00e0 dissenyada per oferir-te un somriure que et faci sentir segur i radiant en cada ocasi\u00f3. Et convidem a descobrir les nostres dues principals \u00e0rees d&#8217;enfocament: <strong>Carilles Dentals<\/strong> i <strong>Blanquejament Dental<\/strong>.<\/p><\/div><\/div>\n<\/div><\/div>\n\n\n\n<div class=\"wp-block-uagb-container uagb-block-97f2616a alignfull uagb-is-root-container\"><div class=\"uagb-container-inner-blocks-wrap\">\n<div class=\"wp-block-uagb-container uagb-block-f81cfca4\"><div class=\"wp-block-uagb-advanced-heading uagb-block-2723de92\"><h5 class=\"uagb-heading-text\">Els nostres tractaments en est\u00e8tica dental<\/h5><\/div>\n\n<div class=\"wp-block-uagb-faq uagb-faq__outer-wrap uagb-block-4ce40be7 uagb-faq-icon-row uagb-faq-layout-accordion uagb-faq-expand-first-true uagb-faq-inactive-other-true uagb-faq__wrap uagb-buttons-layout-wrap uagb-faq-equal-height     \" data-faqtoggle=\"true\" role=\"tablist\"><div class=\"wp-block-uagb-faq-child uagb-faq-child__outer-wrap uagb-faq-item uagb-block-348905bd \" role=\"tab\" tabindex=\"0\"><div class=\"uagb-faq-questions-button uagb-faq-questions\">\t\t\t<span class=\"uagb-icon uagb-faq-icon-wrap\">\n\t\t\t\t\t\t\t\t<svg xmlns=\"https:\/\/www.w3.org\/2000\/svg\" viewBox= \"0 0 448 512\"><path d=\"M432 256c0 17.69-14.33 32.01-32 32.01H256v144c0 17.69-14.33 31.99-32 31.99s-32-14.3-32-31.99v-144H48c-17.67 0-32-14.32-32-32.01s14.33-31.99 32-31.99H192v-144c0-17.69 14.33-32.01 32-32.01s32 14.32 32 32.01v144h144C417.7 224 432 238.3 432 256z\"><\/path><\/svg>\n\t\t\t\t\t\t\t<\/span>\n\t\t\t\t\t\t<span class=\"uagb-icon-active uagb-faq-icon-wrap\">\n\t\t\t\t\t\t\t\t<svg xmlns=\"https:\/\/www.w3.org\/2000\/svg\" viewBox= \"0 0 448 512\"><path d=\"M400 288h-352c-17.69 0-32-14.32-32-32.01s14.31-31.99 32-31.99h352c17.69 0 32 14.3 32 31.99S417.7 288 400 288z\"><\/path><\/svg>\n\t\t\t\t\t\t\t<\/span>\n\t\t\t<span class=\"uagb-question\"><strong>Blanquejament Dental: El teu Somriure, El teu Brillantor<\/strong><\/span><\/div><div class=\"uagb-faq-content\"><p>Qu\u00e8 caracteritza el nostre blanquejament dental a Sant Joan Desp\u00ed:<br>&#8211; <strong>Seguretat i Comoditat<\/strong>: Utilitzem m\u00e8todes de blanquejament dental segurs i c\u00f2modes que minimitzen la sensibilitat dental.<br>&#8211; <strong>Resultats R\u00e0pids<\/strong>: En una sola cita, notar\u00e0s una difer\u00e8ncia notable en el color de les teves dents.<br>&#8211; <strong>Efectes Duradors<\/strong>: Et proporcionarem consells i cures posteriors per mantenir el teu somriure blanc i brillant al llarg del temps.<\/p><\/div><\/div><div class=\"wp-block-uagb-faq-child uagb-faq-child__outer-wrap uagb-faq-item uagb-block-278e3025 \" role=\"tab\" tabindex=\"0\"><div class=\"uagb-faq-questions-button uagb-faq-questions\">\t\t\t<span class=\"uagb-icon uagb-faq-icon-wrap\">\n\t\t\t\t\t\t\t\t<svg xmlns=\"https:\/\/www.w3.org\/2000\/svg\" viewBox= \"0 0 448 512\"><path d=\"M432 256c0 17.69-14.33 32.01-32 32.01H256v144c0 17.69-14.33 31.99-32 31.99s-32-14.3-32-31.99v-144H48c-17.67 0-32-14.32-32-32.01s14.33-31.99 32-31.99H192v-144c0-17.69 14.33-32.01 32-32.01s32 14.32 32 32.01v144h144C417.7 224 432 238.3 432 256z\"><\/path><\/svg>\n\t\t\t\t\t\t\t<\/span>\n\t\t\t\t\t\t<span class=\"uagb-icon-active uagb-faq-icon-wrap\">\n\t\t\t\t\t\t\t\t<svg xmlns=\"https:\/\/www.w3.org\/2000\/svg\" viewBox= \"0 0 448 512\"><path d=\"M400 288h-352c-17.69 0-32-14.32-32-32.01s14.31-31.99 32-31.99h352c17.69 0 32 14.3 32 31.99S417.7 288 400 288z\"><\/path><\/svg>\n\t\t\t\t\t\t\t<\/span>\n\t\t\t<span class=\"uagb-question\"><strong><strong>Carilles Dentals: El teu Somriure, El teu Llen\u00e7<\/strong><\/strong><\/span><\/div><div class=\"uagb-faq-content\"><p>Les carilles dentals s\u00f3n la soluci\u00f3 perfecta per transformar el teu somriure. Qu\u00e8 les fa especials a la nostra cl\u00ednica?<br>&#8211; <strong>Personalitzaci\u00f3 Exquisida<\/strong>: El nostre Dr, Pablo Bragado \u00e9s l&#8217;encarregat que cada carilla dental s&#8217;adapti a la perfecci\u00f3 a les teves dents, creant un somriure que reflecteixi la teva personalitat i estil.<br>&#8211; <strong>Materials de Qualitat<\/strong>: Utilitzem materials d&#8217;\u00faltima generaci\u00f3 per garantir que les teves carilles siguin duradores i naturals.<br>&#8211; <strong>Resultats Immediats<\/strong>: En molt poc temps, podr\u00e0s gaudir d&#8217;un somriure enlluernador i sense imperfeccions.<\/p><\/div><\/div><\/div><\/div>\n\n\n\n<div class=\"wp-block-uagb-container uagb-block-e7592cd3\">\n<div class=\"wp-block-uagb-image uagb-block-56e663d8 wp-block-uagb-image--layout-default wp-block-uagb-image--effect-static wp-block-uagb-image--align-none\"><figure class=\"wp-block-uagb-image__figure\"><img decoding=\"async\" srcset=\"https:\/\/pazsalvadordental.es\/wp-content\/uploads\/2023\/08\/paz-salvador-estetica-dental-inicio2.jpg ,https:\/\/pazsalvadordental.es\/wp-content\/uploads\/2023\/08\/paz-salvador-estetica-dental-inicio2.jpg 780w, https:\/\/pazsalvadordental.es\/wp-content\/uploads\/2023\/08\/paz-salvador-estetica-dental-inicio2.jpg 360w\" sizes=\"auto, (max-width: 480px) 150px\" src=\"https:\/\/pazsalvadordental.es\/wp-content\/uploads\/2023\/08\/paz-salvador-estetica-dental-inicio2.jpg\" alt=\"\" class=\"uag-image-1225\" width=\"398\" height=\"596\" title=\"\" loading=\"lazy\"\/><\/figure><\/div>\n<\/div>\n<\/div><\/div>\n\n\n\n<div class=\"wp-block-uagb-container uagb-block-2deb0898 alignfull uagb-is-root-container\"><div class=\"uagb-container-inner-blocks-wrap\">\n<div class=\"wp-block-uagb-container uagb-block-2c96f968 alignfull uagb-is-root-container\"><div class=\"uagb-container-inner-blocks-wrap\">\n<div class=\"wp-block-uagb-container uagb-block-52df9ce6\"><div class=\"wp-block-uagb-advanced-heading uagb-block-f1330501\"><h3 class=\"uagb-heading-text\">T&#8217;esperem per oferir-te una experi\u00e8ncia dental excepcional i resultats que superin les teves expectatives. Confia en nosaltres per aconseguir el somriure dels teus somnis!<\/h3><\/div><\/div>\n\n\n\n<div class=\"wp-block-uagb-container uagb-block-0938c4b6\"><div class=\"wp-block-uagb-advanced-heading uagb-block-7ef27e04\"><p class=\"uagb-heading-text\">A la Cl\u00ednica Paz Salvador Dental, creiem que la bellesa comen\u00e7a amb un somriure espectacular. Si est\u00e0s llest per transformar el teu somriure i la teva confian\u00e7a, no dubtis a contactar-nos. Som aqu\u00ed per fer que el teu somriure brilli m\u00e9s que mai.<\/p><\/div><\/div>\n<\/div><\/div>\n<\/div><\/div>\n\n\n\n<div class=\"wp-block-uagb-container uagb-block-3f48ddfc alignfull uagb-is-root-container\"><div class=\"uagb-container-inner-blocks-wrap\"><div class=\"wp-block-uagb-advanced-heading uagb-block-a1503055\"><h3 class=\"uagb-heading-text\">Sol\u00b7licita primera visita en Est\u00e8tica dental<\/h3><p class=\"uagb-desc-text\">A Paz Salvador Cl\u00ednica dental a Sant Joan Desp\u00ed farem una valoraci\u00f3 del teu cas per donar-te la millor soluci\u00f3 personalitzada i adaptada a les teves necessitats.<\/p><\/div>\n\n\n<div class=\"wp-block-uagb-buttons uagb-buttons__outer-wrap uagb-btn__default-btn uagb-btn-tablet__default-btn uagb-btn-mobile__default-btn uagb-block-8e76fdb7\"><div class=\"uagb-buttons__wrap uagb-buttons-layout-wrap\"><div class=\"wp-block-uagb-buttons-child uagb-buttons__outer-wrap uagb-block-e586e3a6 wp-block-button\"><div class=\"uagb-button__wrapper\"><a class=\"uagb-buttons-repeater wp-block-button__link\" href='https:\/\/pazsalvadordental.es\/ca\/' onclick=\"return true;\" rel=\"follow noopener\" target=\"_self\"><div class=\"uagb-button__link\">clinica dental<\/div><\/a><\/div><\/div><\/div><\/div>\n<\/div><\/div>\n","protected":false},"excerpt":{"rendered":"<p>Est\u00e8tica dental a Sant Joan Desp\u00ed El teu Somriure, La teva Bellesa A la Cl\u00ednica Paz Salvador Dental, la nostra \u00e0rea d&#8217;est\u00e8tica dental est\u00e0 dissenyada per oferir-te un somriure que [&hellip;]<\/p>\n","protected":false},"author":2,"featured_media":0,"parent":0,"menu_order":0,"comment_status":"closed","ping_status":"closed","template":"","meta":{"_uag_custom_page_level_css":"","_kad_blocks_custom_css":"","_kad_blocks_head_custom_js":"","_kad_blocks_body_custom_js":"","_kad_blocks_footer_custom_js":"","rank_math_title":"","rank_math_description":"","site-sidebar-layout":"no-sidebar","site-content-layout":"plain-container","ast-site-content-layout":"normal-width-container","site-content-style":"unboxed","site-sidebar-style":"unboxed","ast-global-header-display":"","ast-banner-title-visibility":"","ast-main-header-display":"","ast-hfb-above-header-display":"","ast-hfb-below-header-display":"","ast-hfb-mobile-header-display":"","site-post-title":"disabled","ast-breadcrumbs-content":"","ast-featured-img":"","footer-sml-layout":"","ast-disable-related-posts":"","theme-transparent-header-meta":"default","adv-header-id-meta":"","stick-header-meta":"","header-above-stick-meta":"","header-main-stick-meta":"","header-below-stick-meta":"","astra-migrate-meta-layouts":"set","ast-page-background-enabled":"default","ast-page-background-meta":{"desktop":{"background-color":"","background-image":"","background-repeat":"repeat","background-position":"center center","background-size":"auto","background-attachment":"scroll","background-type":"","background-media":"","overlay-type":"","overlay-color":"","overlay-opacity":"","overlay-gradient":""},"tablet":{"background-color":"","background-image":"","background-repeat":"repeat","background-position":"center center","background-size":"auto","background-attachment":"scroll","background-type":"","background-media":"","overlay-type":"","overlay-color":"","overlay-opacity":"","overlay-gradient":""},"mobile":{"background-color":"","background-image":"","background-repeat":"repeat","background-position":"center center","background-size":"auto","background-attachment":"scroll","background-type":"","background-media":"","overlay-type":"","overlay-color":"","overlay-opacity":"","overlay-gradient":""}},"ast-content-background-meta":{"desktop":{"background-color":"var(--ast-global-color-5)","background-image":"","background-repeat":"repeat","background-position":"center center","background-size":"auto","background-attachment":"scroll","background-type":"","background-media":"","overlay-type":"","overlay-color":"","overlay-opacity":"","overlay-gradient":""},"tablet":{"background-color":"var(--ast-global-color-5)","background-image":"","background-repeat":"repeat","background-position":"center center","background-size":"auto","background-attachment":"scroll","background-type":"","background-media":"","overlay-type":"","overlay-color":"","overlay-opacity":"","overlay-gradient":""},"mobile":{"background-color":"var(--ast-global-color-5)","background-image":"","background-repeat":"repeat","background-position":"center center","background-size":"auto","background-attachment":"scroll","background-type":"","background-media":"","overlay-type":"","overlay-color":"","overlay-opacity":"","overlay-gradient":""}},"_joinchat":[],"footnotes":""},"class_list":["post-3485","page","type-page","status-publish","hentry"],"taxonomy_info":[],"featured_image_src_large":false,"author_info":{"display_name":"Paz","author_link":"https:\/\/pazsalvadordental.es\/ca\/author\/paz\/"},"comment_info":0,"uagb_featured_image_src":{"full":false,"thumbnail":false,"medium":false,"medium_large":false,"large":false,"1536x1536":false,"2048x2048":false},"uagb_author_info":{"display_name":"Paz","author_link":"https:\/\/pazsalvadordental.es\/ca\/author\/paz\/"},"uagb_comment_info":0,"uagb_excerpt":"Est\u00e8tica dental a Sant Joan Desp\u00ed El teu Somriure, La teva Bellesa A la Cl\u00ednica Paz Salvador Dental, la nostra \u00e0rea d&#8217;est\u00e8tica dental est\u00e0 dissenyada per oferir-te un somriure que [&hellip;]","_links":{"self":[{"href":"https:\/\/pazsalvadordental.es\/ca\/wp-json\/wp\/v2\/pages\/3485","targetHints":{"allow":["GET"]}}],"collection":[{"href":"https:\/\/pazsalvadordental.es\/ca\/wp-json\/wp\/v2\/pages"}],"about":[{"href":"https:\/\/pazsalvadordental.es\/ca\/wp-json\/wp\/v2\/types\/page"}],"author":[{"embeddable":true,"href":"https:\/\/pazsalvadordental.es\/ca\/wp-json\/wp\/v2\/users\/2"}],"replies":[{"embeddable":true,"href":"https:\/\/pazsalvadordental.es\/ca\/wp-json\/wp\/v2\/comments?post=3485"}],"version-history":[{"count":0,"href":"https:\/\/pazsalvadordental.es\/ca\/wp-json\/wp\/v2\/pages\/3485\/revisions"}],"wp:attachment":[{"href":"https:\/\/pazsalvadordental.es\/ca\/wp-json\/wp\/v2\/media?parent=3485"}],"curies":[{"name":"wp","href":"https:\/\/api.w.org\/{rel}","templated":true}]}}