{"id":3484,"date":"2023-08-29T14:20:52","date_gmt":"2023-08-29T12:20:52","guid":{"rendered":"https:\/\/pazsalvadordental.es\/?page_id=1262"},"modified":"2024-10-04T10:22:36","modified_gmt":"2024-10-04T08:22:36","slug":"implants-dentals","status":"publish","type":"page","link":"https:\/\/pazsalvadordental.es\/ca\/implants-dentals\/","title":{"rendered":"Implants dentals"},"content":{"rendered":"\n<div class=\"wp-block-uagb-container uagb-block-1f54725c alignfull uagb-is-root-container\"><div class=\"uagb-container-inner-blocks-wrap\">\n<div class=\"wp-block-uagb-container uagb-block-ca5b3353\"><div class=\"wp-block-uagb-advanced-heading uagb-block-ab3fb5c0\"><h1 class=\"uagb-heading-text\"><strong>Implants dentals<\/strong> <br>a Sant Joan Desp\u00ed<\/h1><\/div><\/div>\n<\/div><\/div>\n\n\n\n<div class=\"wp-block-uagb-container uagb-block-c27c919f alignfull uagb-is-root-container\"><div class=\"uagb-container-inner-blocks-wrap\">\n<div class=\"wp-block-uagb-container uagb-block-d2457ad0\">\n<div class=\"wp-block-uagb-image aligncenter uagb-block-559177a5 wp-block-uagb-image--layout-default wp-block-uagb-image--effect-static wp-block-uagb-image--align-center\"><figure class=\"wp-block-uagb-image__figure\"><img decoding=\"async\"  sizes=\"auto, (max-width: 480px) 150px\" src=\"https:\/\/pazsalvadordental.es\/wp-content\/uploads\/2023\/08\/paz-salvador-sonrisa@300x-8.png\" alt=\"\" width=\"92\" height=\"50\" title=\"\" loading=\"lazy\" role=\"img\"\/><\/figure><\/div>\n\n\n<div class=\"wp-block-uagb-advanced-heading uagb-block-8798ccef\"><h2 class=\"uagb-heading-text\">Qu\u00e8 fa que els nostres implants siguin excepcionals?<\/h2><p class=\"uagb-desc-text\">A la nostra cl\u00ednica, entenem que un somriure complet \u00e9s essencial per al teu benestar i autoestima i la reposici\u00f3 de peces dentals despr\u00e9s de la seva p\u00e8rdua \u00e9s essencial per poder aconseguir-ho. Som experts en <strong>implants dentals Sant Joan Desp\u00ed<\/strong>.<\/p><\/div><\/div>\n<\/div><\/div>\n\n\n\n<div class=\"wp-block-uagb-container uagb-block-05db0630 alignfull uagb-is-root-container\">\n<div class=\"wp-block-uagb-container uagb-block-26bb431d\"><div class=\"wp-block-uagb-info-box uagb-block-46eb3401 uagb-infobox__content-wrap  uagb-infobox-icon-above-title uagb-infobox-image-valign-top\"><div class=\"uagb-ifb-content\"><div class=\"uagb-ifb-icon-wrap\"><svg xmlns=\"https:\/\/www.w3.org\/2000\/svg\" viewBox=\"0 0 256 512\"><path d=\"M256 448c0 17.67-14.33 32-32 32H32c-17.67 0-32-14.33-32-32s14.33-32 32-32h64V123.8L49.75 154.6C35.02 164.5 15.19 160.4 5.375 145.8C-4.422 131.1-.4531 111.2 14.25 101.4l96-64c9.828-6.547 22.45-7.187 32.84-1.594C153.5 41.37 160 52.22 160 64.01v352h64C241.7 416 256 430.3 256 448z\"><\/path><\/svg><\/div><div class=\"uagb-ifb-title-wrap\"><h5 class=\"uagb-ifb-title\"><strong><strong><strong>Utilitzem implants d&#8217;alta gamma&nbsp;<\/strong><\/strong><\/strong><\/h5><\/div><p class=\"uagb-ifb-desc\">A la nostra cl\u00ednica dental de Sant Joan Desp\u00ed utilitzem implants de dents Klockner<sup>\u00ae<\/sup> d&#8217;alta gamma, un aspecte molt important per garantir la viabilitat i predictibilitat al llarg del temps.<\/p><\/div><\/div><\/div>\n\n\n\n<div class=\"wp-block-uagb-container uagb-block-a05a1f09\"><div class=\"wp-block-uagb-info-box uagb-block-f959e7b1 uagb-infobox__content-wrap  uagb-infobox-icon-above-title uagb-infobox-image-valign-top\"><div class=\"uagb-ifb-content\"><div class=\"uagb-ifb-icon-wrap\"><svg xmlns=\"https:\/\/www.w3.org\/2000\/svg\" viewBox=\"0 0 320 512\"><path d=\"M320 448c0 17.67-14.33 32-32 32H32c-13.08 0-24.83-7.953-29.7-20.09c-4.859-12.12-1.859-26 7.594-35.03l193.6-185.1c31.36-30.17 33.95-80 5.812-113.4c-14.91-17.69-35.86-28.12-58.97-29.38C127.4 95.83 105.3 103.9 88.53 119.9L53.52 151.7c-13.08 11.91-33.33 10.89-45.2-2.172C-3.563 136.5-2.594 116.2 10.48 104.3l34.45-31.3c28.67-27.34 68.39-42.11 108.9-39.88c40.33 2.188 78.39 21.16 104.4 52.03c49.8 59.05 45.2 147.3-10.45 200.8l-136 130H288C305.7 416 320 430.3 320 448z\"><\/path><\/svg><\/div><div class=\"uagb-ifb-title-wrap\"><h5 class=\"uagb-ifb-title\"><strong><strong><strong>Experi\u00e8ncia i Expert Cuidat<\/strong><\/strong><\/strong><\/h5><\/div><p class=\"uagb-ifb-desc\">El nostre Dr. Ferran Ribas compta amb m\u00e9s de 10 anys d&#8217;experi\u00e8ncia en l&#8217;\u00e0rea de cirurgia i rehabilitaci\u00f3 oral. Estar\u00e0 dedicat a oferir-te durant tot el tractament el millor cuidat possible.<\/p><\/div><\/div><\/div>\n\n\n\n<div class=\"wp-block-uagb-container uagb-block-f661af06\"><div class=\"wp-block-uagb-info-box uagb-block-cd3c2189 uagb-infobox__content-wrap  uagb-infobox-icon-above-title uagb-infobox-image-valign-top\"><div class=\"uagb-ifb-content\"><div class=\"uagb-ifb-icon-wrap\"><svg xmlns=\"https:\/\/www.w3.org\/2000\/svg\" viewBox=\"0 0 320 512\"><path d=\"M320 344c0 74.98-61.02 136-136 136H103.6c-46.34 0-87.31-29.53-101.1-73.48c-5.594-16.77 3.484-34.88 20.25-40.47c16.75-5.609 34.89 3.484 40.47 20.25c5.922 17.77 22.48 29.7 41.23 29.7H184c39.7 0 72-32.3 72-72s-32.3-72-72-72H80c-13.2 0-25.05-8.094-29.83-20.41C45.39 239.3 48.66 225.3 58.38 216.4l131.4-120.4H32c-17.67 0-32-14.33-32-32s14.33-32 32-32h240c13.2 0 25.05 8.094 29.83 20.41c4.781 12.3 1.516 26.27-8.203 35.19l-131.4 120.4H184C258.1 208 320 269 320 344z\"><\/path><\/svg><\/div><div class=\"uagb-ifb-title-wrap\"><h5 class=\"uagb-ifb-title\"><strong><strong><strong>Tecnologia d&#8217;Avantguarda<\/strong><\/strong><\/strong><\/h5><\/div><p class=\"uagb-ifb-desc\">Utilitzem diagn\u00f2stic 3D per planificar tots els casos i que la col\u00b7locaci\u00f3 d&#8217;implants sigui precisa i segura. Aix\u00f2 significa menys mol\u00e8sties per a tu i una recuperaci\u00f3 m\u00e9s r\u00e0pida.<\/p><\/div><\/div><\/div>\n\n\n\n<div class=\"wp-block-uagb-container uagb-block-6f714dda\"><div class=\"wp-block-uagb-info-box uagb-block-b196d3d9 uagb-infobox__content-wrap  uagb-infobox-icon-above-title uagb-infobox-image-valign-top\"><div class=\"uagb-ifb-content\"><div class=\"uagb-ifb-icon-wrap\"><svg xmlns=\"https:\/\/www.w3.org\/2000\/svg\" viewBox=\"0 0 384 512\"><path d=\"M384 334.2c0 17.67-14.33 32-32 32h-32v81.78c0 17.67-14.33 32-32 32s-32-14.33-32-32v-81.78H32c-10.97 0-21.17-5.625-27.05-14.89c-5.859-9.266-6.562-20.89-1.875-30.81l128-270.2C138.6 34.33 157.8 27.56 173.7 35.09c15.97 7.562 22.78 26.66 15.22 42.63L82.56 302.2H256V160c0-17.67 14.33-32 32-32s32 14.33 32 32v142.2h32C369.7 302.2 384 316.6 384 334.2z\"><\/path><\/svg><\/div><div class=\"uagb-ifb-title-wrap\"><h5 class=\"uagb-ifb-title\"><strong><strong><strong><strong>Tractament Personalitzat<\/strong><\/strong><\/strong><\/strong><\/h5><\/div><p class=\"uagb-ifb-desc\">Cada somriure \u00e9s \u00fanic, i el teu tractament d&#8217;implants dentals tamb\u00e9 ho ser\u00e0. Avaluem acuradament les teves necessitats i dissenyem un pla de tractament personalitzat que s&#8217;adapti a tu amb el millor preu.<\/p><\/div><\/div><\/div>\n\n\n\n<div class=\"wp-block-uagb-container uagb-block-3b075b8d\"><div class=\"wp-block-uagb-info-box uagb-block-94a965ee uagb-infobox__content-wrap  uagb-infobox-icon-above-title uagb-infobox-image-valign-top\"><div class=\"uagb-ifb-content\"><div class=\"uagb-ifb-icon-wrap\"><svg xmlns=\"https:\/\/www.w3.org\/2000\/svg\" viewBox=\"0 0 320 512\"><path d=\"M320 344.6c0 74.66-60.73 135.4-135.4 135.4H104.7c-46.81 0-88.22-29.83-103-74.23c-5.594-16.77 3.469-34.89 20.23-40.48c16.83-5.625 34.91 3.469 40.48 20.23c6.078 18.23 23.08 30.48 42.3 30.48h79.95c39.36 0 71.39-32.03 71.39-71.39s-32.03-71.38-71.39-71.38H32c-9.484 0-18.47-4.203-24.56-11.48C1.359 254.5-1.172 244.9 .5156 235.6l32-177.2C35.27 43.09 48.52 32.01 64 32.01l192 .0049c17.67 0 32 14.33 32 32s-14.33 32-32 32H90.73L70.3 209.2h114.3C259.3 209.2 320 269.1 320 344.6z\"><\/path><\/svg><\/div><div class=\"uagb-ifb-title-wrap\"><h5 class=\"uagb-ifb-title\"><strong><strong><strong><strong>Resultats Duradors<\/strong><\/strong><\/strong><\/strong><\/h5><\/div><p class=\"uagb-ifb-desc\">Els nostres implants estan fets de materials d&#8217;alta qualitat que imiten l&#8217;aparen\u00e7a i funci\u00f3 de les dents naturals. Pots confiar que el teu nou somriure ser\u00e0 durador i bell.<\/p><\/div><\/div><\/div>\n\n\n\n<div class=\"wp-block-uagb-container uagb-block-d18dc392\"><div class=\"wp-block-uagb-info-box uagb-block-2dc2d96f uagb-infobox__content-wrap  uagb-infobox-icon-above-title uagb-infobox-image-valign-top\"><div class=\"uagb-ifb-content\"><div class=\"uagb-ifb-icon-wrap\"><svg xmlns=\"https:\/\/www.w3.org\/2000\/svg\" viewBox=\"0 0 320 512\"><path d=\"M167.7 160.8l64.65-76.06c11.47-13.45 9.812-33.66-3.656-45.09C222.7 34.51 215.3 32.01 208 32.01c-9.062 0-18.06 3.833-24.38 11.29C38.07 214.5 0 245.5 0 320c0 88.22 71.78 160 160 160s160-71.78 160-160C320 234.4 252.3 164.9 167.7 160.8zM160 416c-52.94 0-96-43.06-96-96s43.06-95.1 96-95.1s96 43.06 96 95.1S212.9 416 160 416z\"><\/path><\/svg><\/div><div class=\"uagb-ifb-title-wrap\"><h5 class=\"uagb-ifb-title\"><strong><strong><strong><strong>Cura Integral<\/strong><\/strong><\/strong><\/strong><\/h5><\/div><p class=\"uagb-ifb-desc\">No nom\u00e9s et proporcionem implants dentals excepcionals, sin\u00f3 que tamb\u00e9 t&#8217;acompanyem durant tot el proc\u00e9s de recuperaci\u00f3 i cura posterior o si se&#8217;t mou, fa mal, est\u00e0 infectat..<\/p><\/div><\/div><\/div>\n<\/div>\n\n\n\n<div class=\"wp-block-uagb-container uagb-block-2deb0898 alignfull uagb-is-root-container\"><div class=\"uagb-container-inner-blocks-wrap\">\n<div class=\"wp-block-uagb-container uagb-block-2c96f968 alignfull uagb-is-root-container\"><div class=\"uagb-container-inner-blocks-wrap\">\n<div class=\"wp-block-uagb-container uagb-block-52df9ce6\"><div class=\"wp-block-uagb-advanced-heading uagb-block-f1330501\"><h3 class=\"uagb-heading-text\">Contacta&#8217;ns avui mateix per programar una consulta i fer el primer pas cap a un somriure complet i radiant!<\/h3><\/div><\/div>\n\n\n\n<div class=\"wp-block-uagb-container uagb-block-0938c4b6\"><div class=\"wp-block-uagb-advanced-heading uagb-block-7ef27e04\"><p class=\"uagb-heading-text\">Recuperar el teu somriure \u00e9s m\u00e9s accessible que mai a la Cl\u00ednica Paz Salvador Dental. T&#8217;oferim la millor opci\u00f3 per recuperar l&#8217;aparen\u00e7a de la teva boca i, al mateix temps, preservar la seva bellesa natural. Si somies amb tenir un somriure enlluernador i confiat, nosaltres podem fer-ho realitat amb el teu nou implant dental al millor preu!<\/p><\/div><\/div>\n<\/div><\/div>\n<\/div><\/div>\n\n\n\n<div class=\"wp-block-uagb-container uagb-block-3f48ddfc alignfull uagb-is-root-container\"><div class=\"uagb-container-inner-blocks-wrap\"><div class=\"wp-block-uagb-advanced-heading uagb-block-a1503055\"><h3 class=\"uagb-heading-text\">Sol\u00b7licita primera visita per al teu implant dental<\/h3><p class=\"uagb-desc-text\">A Paz Salvador Cl\u00ednica dental a Sant Joan Desp\u00ed farem una valoraci\u00f3 del teu cas per donar-te la millor soluci\u00f3 personalitzada i adaptada a les necessitats del teu implant dental en tot el proc\u00e9s.<\/p><\/div>\n\n\n<div class=\"wp-block-uagb-buttons uagb-buttons__outer-wrap uagb-btn__default-btn uagb-btn-tablet__default-btn uagb-btn-mobile__default-btn uagb-block-8e76fdb7\"><div class=\"uagb-buttons__wrap uagb-buttons-layout-wrap \"><div class=\"wp-block-uagb-buttons-child uagb-buttons__outer-wrap uagb-block-e586e3a6 wp-block-button\"><div class=\"uagb-button__wrapper\"><a class=\"uagb-buttons-repeater wp-block-button__link\" aria-label=\"\" href='https:\/\/pazsalvadordental.es\/ca\/' rel=\"follow noopener\" target=\"_self\" role=\"button\"><div class=\"uagb-button__link\">clinica dental<\/div><\/a><\/div><\/div><\/div><\/div>\n<\/div><\/div>\n","protected":false},"excerpt":{"rendered":"<p>Implants dentals a Sant Joan Desp\u00ed Qu\u00e8 fa que els nostres implants siguin excepcionals? A la nostra cl\u00ednica, entenem que un somriure complet \u00e9s essencial per al teu benestar i [&hellip;]<\/p>\n","protected":false},"author":2,"featured_media":0,"parent":0,"menu_order":0,"comment_status":"closed","ping_status":"closed","template":"","meta":{"_uag_custom_page_level_css":"","_kad_blocks_custom_css":"","_kad_blocks_head_custom_js":"","_kad_blocks_body_custom_js":"","_kad_blocks_footer_custom_js":"","rank_math_title":"%title% en Sant Joan Desp\u00ed %sep% %sitename%","rank_math_description":"Implantes dentales seguros y duraderos en Sant Joan Desp\u00ed. Deja tu sonrisa en manos de expertos. \u00a1Con\u00f3cenos hoy mismo!","site-sidebar-layout":"no-sidebar","site-content-layout":"plain-container","ast-site-content-layout":"normal-width-container","site-content-style":"unboxed","site-sidebar-style":"unboxed","ast-global-header-display":"","ast-banner-title-visibility":"","ast-main-header-display":"","ast-hfb-above-header-display":"","ast-hfb-below-header-display":"","ast-hfb-mobile-header-display":"","site-post-title":"disabled","ast-breadcrumbs-content":"","ast-featured-img":"","footer-sml-layout":"","ast-disable-related-posts":"","theme-transparent-header-meta":"default","adv-header-id-meta":"","stick-header-meta":"","header-above-stick-meta":"","header-main-stick-meta":"","header-below-stick-meta":"","astra-migrate-meta-layouts":"set","ast-page-background-enabled":"default","ast-page-background-meta":{"desktop":{"background-color":"","background-image":"","background-repeat":"repeat","background-position":"center center","background-size":"auto","background-attachment":"scroll","background-type":"","background-media":"","overlay-type":"","overlay-color":"","overlay-opacity":"","overlay-gradient":""},"tablet":{"background-color":"","background-image":"","background-repeat":"repeat","background-position":"center center","background-size":"auto","background-attachment":"scroll","background-type":"","background-media":"","overlay-type":"","overlay-color":"","overlay-opacity":"","overlay-gradient":""},"mobile":{"background-color":"","background-image":"","background-repeat":"repeat","background-position":"center center","background-size":"auto","background-attachment":"scroll","background-type":"","background-media":"","overlay-type":"","overlay-color":"","overlay-opacity":"","overlay-gradient":""}},"ast-content-background-meta":{"desktop":{"background-color":"var(--ast-global-color-5)","background-image":"","background-repeat":"repeat","background-position":"center center","background-size":"auto","background-attachment":"scroll","background-type":"","background-media":"","overlay-type":"","overlay-color":"","overlay-opacity":"","overlay-gradient":""},"tablet":{"background-color":"var(--ast-global-color-5)","background-image":"","background-repeat":"repeat","background-position":"center center","background-size":"auto","background-attachment":"scroll","background-type":"","background-media":"","overlay-type":"","overlay-color":"","overlay-opacity":"","overlay-gradient":""},"mobile":{"background-color":"var(--ast-global-color-5)","background-image":"","background-repeat":"repeat","background-position":"center center","background-size":"auto","background-attachment":"scroll","background-type":"","background-media":"","overlay-type":"","overlay-color":"","overlay-opacity":"","overlay-gradient":""}},"_joinchat":[],"footnotes":""},"class_list":["post-3484","page","type-page","status-publish","hentry"],"taxonomy_info":[],"featured_image_src_large":false,"author_info":{"display_name":"Paz","author_link":"https:\/\/pazsalvadordental.es\/ca\/author\/paz\/"},"comment_info":0,"uagb_featured_image_src":{"full":false,"thumbnail":false,"medium":false,"medium_large":false,"large":false,"1536x1536":false,"2048x2048":false},"uagb_author_info":{"display_name":"Paz","author_link":"https:\/\/pazsalvadordental.es\/ca\/author\/paz\/"},"uagb_comment_info":0,"uagb_excerpt":"Implants dentals a Sant Joan Desp\u00ed Qu\u00e8 fa que els nostres implants siguin excepcionals? A la nostra cl\u00ednica, entenem que un somriure complet \u00e9s essencial per al teu benestar i [&hellip;]","_links":{"self":[{"href":"https:\/\/pazsalvadordental.es\/ca\/wp-json\/wp\/v2\/pages\/3484","targetHints":{"allow":["GET"]}}],"collection":[{"href":"https:\/\/pazsalvadordental.es\/ca\/wp-json\/wp\/v2\/pages"}],"about":[{"href":"https:\/\/pazsalvadordental.es\/ca\/wp-json\/wp\/v2\/types\/page"}],"author":[{"embeddable":true,"href":"https:\/\/pazsalvadordental.es\/ca\/wp-json\/wp\/v2\/users\/2"}],"replies":[{"embeddable":true,"href":"https:\/\/pazsalvadordental.es\/ca\/wp-json\/wp\/v2\/comments?post=3484"}],"version-history":[{"count":0,"href":"https:\/\/pazsalvadordental.es\/ca\/wp-json\/wp\/v2\/pages\/3484\/revisions"}],"wp:attachment":[{"href":"https:\/\/pazsalvadordental.es\/ca\/wp-json\/wp\/v2\/media?parent=3484"}],"curies":[{"name":"wp","href":"https:\/\/api.w.org\/{rel}","templated":true}]}}