{"id":3481,"date":"2023-09-15T11:52:45","date_gmt":"2023-09-15T09:52:45","guid":{"rendered":"https:\/\/pazsalvadordental.es\/?page_id=1489"},"modified":"2025-11-25T15:47:39","modified_gmt":"2025-11-25T14:47:39","slug":"casos","status":"publish","type":"page","link":"https:\/\/pazsalvadordental.es\/ca\/casos\/","title":{"rendered":"Casos"},"content":{"rendered":"\n<div class=\"wp-block-uagb-container uagb-block-1f54725c alignfull uagb-is-root-container\"><div class=\"uagb-container-inner-blocks-wrap\">\n<div class=\"wp-block-uagb-container uagb-block-ca5b3353\"><div class=\"wp-block-uagb-advanced-heading uagb-block-ab3fb5c0\"><h1 class=\"uagb-heading-text\">Casos<\/h1><\/div><\/div>\n<\/div><\/div>\n\n\n\n<div class=\"wp-block-uagb-container uagb-block-4f5a5bd7 alignfull uagb-is-root-container\"><div class=\"uagb-container-inner-blocks-wrap\">\n<div class=\"wp-block-uagb-container uagb-block-863dd7a5\">\n<div class=\"wp-block-uagb-container uagb-block-a98a0ed6\"><div class=\"wp-block-uagb-advanced-heading uagb-block-eba1f1e2\"><h4 class=\"uagb-heading-text\">Mossegada oberta en adult<\/h4><div class=\"uagb-separator\"><\/div><p class=\"uagb-desc-text\">\u00c9s una alteraci\u00f3 dental que es defineix per la impossibilitat de tancar les dents frontals o posteriors. <strong>El pacient no pot realitzar correctament la funci\u00f3 b\u00e0sica masticat\u00f2ria<\/strong>, arribant a presentar problemes digestius.<\/p><\/div>\n\n\n\t\t\t\n\t<style type=\"text\/css\">\n\t\t.slider-info-1490.bafg-slider-info .bafg-slider-title {\n\t\t\t\t\t\t\tfont-size:\n\t\t\t\t\t22px\t\t\t\t;\n\t\t\t\n\t\t\t\n\t\t\t\t\t}\n\n\t\t.slider-info-1490.bafg-slider-info .bafg-slider-description {\n\t\t\t\n\t\t\t\n\t\t\t\t\t}\n\t\t\n\t\t\n\t\t.slider-info-1490.bafg-slider-info .bafg_slider_readmore_button {\n\t\t\t\n\t\t\t\n\t\t\t\n\t\t\t\n\t\t\t\n\t\t\ttext-align: center;\n\n\t\t\t\n\t\t\t\n\t\t\t\n\t\t\t\n\t\t\t\t\t}\n\n\t\t.slider-info-1490.bafg-slider-info .bafg_slider_readmore_button:hover {\n\n\t\t\t\n\t\t\t\n\t\t\t\t\t}\n\t<\/style>\n\t\n\t\t\t<div class=\"bafg-twentytwenty-container slider-1490  \"\n\t\t\t\tbafg-orientation=\"horizontal\" bafg-default-offset=\"0.5\"\n\t\t\t\tbafg-before-label=\"Antes\"\n\t\t\t\tbafg-after-label=\"Despu\u00e9s\" bafg-overlay=\"1\"\n\t\t\t\tbafg-move-slider-on-hover=\"\"\n\t\t\t\tbafg-click-to-move=\"\">\n\n\t\t\t\t\t\t\t\t<img class=\"skip-lazy\" data-skip-lazy\t\t\t\t\tsrc=\"https:\/\/pazsalvadordental.es\/wp-content\/uploads\/2023\/09\/01-mordida-adulto-antes.jpg\" alt=\"\">\n\t\t\t\t<img class=\"skip-lazy\" data-skip-lazy\t\t\t\t\tsrc=\"https:\/\/pazsalvadordental.es\/wp-content\/uploads\/2023\/09\/01-mordida-adulto-despues.jpg\" alt=\"\">\n\n\t\t\t<\/div>\n\n\t\t\t\t<div class=\"bafg-slider-info-wraper\">\n\t\t<div style=\"\" class=\"slider-info-1490 bafg-slider-info\">\n\t\t\t\t\t<\/div>\n\t<\/div>\n\t\n\t\t\t<style type=\"text\/css\">\n\t\t\t\t\t\t\t\t\t\t\t<\/style>\n\t\t\t\n<\/div>\n\n\n\n<div class=\"wp-block-uagb-container uagb-block-445ac0e8\"><div class=\"wp-block-uagb-advanced-heading uagb-block-cfa71807\"><h4 class=\"uagb-heading-text\">Can\u00ed incl\u00f2s<\/h4><div class=\"uagb-separator\"><\/div><p class=\"uagb-desc-text\">S\u00f3n els ullals, que quan \u00e9s el moment que erupcionin, no ho fan. La causa pot ser gen\u00e8tica i en altres casos perqu\u00e8 no tenen lloc, sent els \u00faltims a sortir i es queden dins de l&#8217;os maxil\u00b7lar.<\/p><\/div>\n\n\n\t\t\t\n\t<style type=\"text\/css\">\n\t\t.slider-info-1512.bafg-slider-info .bafg-slider-title {\n\t\t\t\t\t\t\tfont-size:\n\t\t\t\t\t22px\t\t\t\t;\n\t\t\t\n\t\t\t\n\t\t\t\t\t}\n\n\t\t.slider-info-1512.bafg-slider-info .bafg-slider-description {\n\t\t\t\n\t\t\t\n\t\t\t\t\t}\n\t\t\n\t\t\n\t\t.slider-info-1512.bafg-slider-info .bafg_slider_readmore_button {\n\t\t\t\n\t\t\t\n\t\t\t\n\t\t\t\n\t\t\t\n\t\t\ttext-align: center;\n\n\t\t\t\n\t\t\t\n\t\t\t\n\t\t\t\n\t\t\t\t\t}\n\n\t\t.slider-info-1512.bafg-slider-info .bafg_slider_readmore_button:hover {\n\n\t\t\t\n\t\t\t\n\t\t\t\t\t}\n\t<\/style>\n\t\n\t\t\t<div class=\"bafg-twentytwenty-container slider-1512  \"\n\t\t\t\tbafg-orientation=\"horizontal\" bafg-default-offset=\"0.5\"\n\t\t\t\tbafg-before-label=\"Antes\"\n\t\t\t\tbafg-after-label=\"Despu\u00e9s\" bafg-overlay=\"1\"\n\t\t\t\tbafg-move-slider-on-hover=\"\"\n\t\t\t\tbafg-click-to-move=\"\">\n\n\t\t\t\t\t\t\t\t<img class=\"skip-lazy\" data-skip-lazy\t\t\t\t\tsrc=\"https:\/\/pazsalvadordental.es\/wp-content\/uploads\/2023\/09\/05-canino-incluido-antes.jpg\" alt=\"\">\n\t\t\t\t<img class=\"skip-lazy\" data-skip-lazy\t\t\t\t\tsrc=\"https:\/\/pazsalvadordental.es\/wp-content\/uploads\/2023\/09\/05-canino-incluido-despues-2.jpg\" alt=\"\">\n\n\t\t\t<\/div>\n\n\t\t\t\t<div class=\"bafg-slider-info-wraper\">\n\t\t<div style=\"\" class=\"slider-info-1512 bafg-slider-info\">\n\t\t\t\t\t<\/div>\n\t<\/div>\n\t\n\t\t\t<style type=\"text\/css\">\n\t\t\t\t\t\t\t\t\t\t\t<\/style>\n\t\t\t\n<\/div>\n\n\n\n<div class=\"wp-block-uagb-container uagb-block-7a99490c\"><div class=\"wp-block-uagb-advanced-heading uagb-block-cfc36bfc\"><h4 class=\"uagb-heading-text\">Tancament d&#8217;espais interdentals<\/h4><div class=\"uagb-separator\"><\/div><p class=\"uagb-desc-text\">\u00c9s recomanable tancar els espais entre dents \u201cdiastemes\u201d mitjan\u00e7ant ortod\u00f2ncia. La seva pres\u00e8ncia ocasiona que s&#8217;acumuli placa bacteriana per la qual cosa augmenta el risc de c\u00e0ries i alteracions en la salut gingival.<\/p><\/div>\n\n\n\t\t\t\n\t<style type=\"text\/css\">\n\t\t.slider-info-1524.bafg-slider-info .bafg-slider-title {\n\t\t\t\t\t\t\tfont-size:\n\t\t\t\t\t22px\t\t\t\t;\n\t\t\t\n\t\t\t\n\t\t\t\t\t}\n\n\t\t.slider-info-1524.bafg-slider-info .bafg-slider-description {\n\t\t\t\n\t\t\t\n\t\t\t\t\t}\n\t\t\n\t\t\n\t\t.slider-info-1524.bafg-slider-info .bafg_slider_readmore_button {\n\t\t\t\n\t\t\t\n\t\t\t\n\t\t\t\n\t\t\t\n\t\t\ttext-align: center;\n\n\t\t\t\n\t\t\t\n\t\t\t\n\t\t\t\n\t\t\t\t\t}\n\n\t\t.slider-info-1524.bafg-slider-info .bafg_slider_readmore_button:hover {\n\n\t\t\t\n\t\t\t\n\t\t\t\t\t}\n\t<\/style>\n\t\n\t\t\t<div class=\"bafg-twentytwenty-container slider-1524  \"\n\t\t\t\tbafg-orientation=\"horizontal\" bafg-default-offset=\"0.5\"\n\t\t\t\tbafg-before-label=\"Antes\"\n\t\t\t\tbafg-after-label=\"Despu\u00e9s\" bafg-overlay=\"1\"\n\t\t\t\tbafg-move-slider-on-hover=\"\"\n\t\t\t\tbafg-click-to-move=\"\">\n\n\t\t\t\t\t\t\t\t<img class=\"skip-lazy\" data-skip-lazy\t\t\t\t\tsrc=\"https:\/\/pazsalvadordental.es\/wp-content\/uploads\/2023\/09\/07-cierre-espaco-interdentales-antes.jpg\" alt=\"\">\n\t\t\t\t<img class=\"skip-lazy\" data-skip-lazy\t\t\t\t\tsrc=\"https:\/\/pazsalvadordental.es\/wp-content\/uploads\/2023\/09\/07-cierre-espaco-interdentales-despues.jpg\" alt=\"\">\n\n\t\t\t<\/div>\n\n\t\t\t\t<div class=\"bafg-slider-info-wraper\">\n\t\t<div style=\"\" class=\"slider-info-1524 bafg-slider-info\">\n\t\t\t\t\t<\/div>\n\t<\/div>\n\t\n\t\t\t<style type=\"text\/css\">\n\t\t\t\t\t\t\t\t\t\t\t<\/style>\n\t\t\t\n<\/div>\n\n\n\n<div class=\"wp-block-uagb-container uagb-block-ffe64474\"><div class=\"wp-block-uagb-advanced-heading uagb-block-2f3efdb8\"><h4 class=\"uagb-heading-text\"><b><span style=\"mso-ascii-font-family:Calibri;mso-hansi-font-family:\nCalibri;mso-bidi-font-family:Calibri\">Correcci\u00f3 de ressalt en nens<\/span><\/b><\/h4><div class=\"uagb-separator\"><\/div><p class=\"uagb-desc-text\">Les dents superiors estan avan\u00e7ades respecte a les inferiors. Aquesta maloclusi\u00f3 t\u00e9 efectes negatius tant est\u00e8tics com en la funci\u00f3 i la salut de la boca. A m\u00e9s, un ressalt dental augmentat multiplica per dos el risc de patir un traumatisme dental.<\/p><\/div>\n\n\n\t\t\t\n\t<style type=\"text\/css\">\n\t\t.slider-info-1532.bafg-slider-info .bafg-slider-title {\n\t\t\t\t\t\t\tfont-size:\n\t\t\t\t\t22px\t\t\t\t;\n\t\t\t\n\t\t\t\n\t\t\t\t\t}\n\n\t\t.slider-info-1532.bafg-slider-info .bafg-slider-description {\n\t\t\t\n\t\t\t\n\t\t\t\t\t}\n\t\t\n\t\t\n\t\t.slider-info-1532.bafg-slider-info .bafg_slider_readmore_button {\n\t\t\t\n\t\t\t\n\t\t\t\n\t\t\t\n\t\t\t\n\t\t\ttext-align: center;\n\n\t\t\t\n\t\t\t\n\t\t\t\n\t\t\t\n\t\t\t\t\t}\n\n\t\t.slider-info-1532.bafg-slider-info .bafg_slider_readmore_button:hover {\n\n\t\t\t\n\t\t\t\n\t\t\t\t\t}\n\t<\/style>\n\t\n\t\t\t<div class=\"bafg-twentytwenty-container slider-1532  \"\n\t\t\t\tbafg-orientation=\"horizontal\" bafg-default-offset=\"0.5\"\n\t\t\t\tbafg-before-label=\"Antes\"\n\t\t\t\tbafg-after-label=\"Despu\u00e9s\" bafg-overlay=\"1\"\n\t\t\t\tbafg-move-slider-on-hover=\"\"\n\t\t\t\tbafg-click-to-move=\"\">\n\n\t\t\t\t\t\t\t\t<img class=\"skip-lazy\" data-skip-lazy\t\t\t\t\tsrc=\"https:\/\/pazsalvadordental.es\/wp-content\/uploads\/2023\/09\/09-correccion-resalte-ninos-antes.jpg\" alt=\"\">\n\t\t\t\t<img class=\"skip-lazy\" data-skip-lazy\t\t\t\t\tsrc=\"https:\/\/pazsalvadordental.es\/wp-content\/uploads\/2023\/09\/09-correccion-resalte-ninos-despues.jpg\" alt=\"\">\n\n\t\t\t<\/div>\n\n\t\t\t\t<div class=\"bafg-slider-info-wraper\">\n\t\t<div style=\"\" class=\"slider-info-1532 bafg-slider-info\">\n\t\t\t\t\t<\/div>\n\t<\/div>\n\t\n\t\t\t<style type=\"text\/css\">\n\t\t\t\t\t\t\t\t\t\t\t<\/style>\n\t\t\t\n<\/div>\n<\/div>\n\n\n\n<div class=\"wp-block-uagb-container uagb-block-84b64435\">\n<div class=\"wp-block-uagb-container uagb-block-16bda982\"><div class=\"wp-block-uagb-advanced-heading uagb-block-c17b0251\"><h4 class=\"uagb-heading-text\">Mossegada creuada en adult<\/h4><div class=\"uagb-separator\"><\/div><p class=\"uagb-desc-text\">\u00c9s una maloclusi\u00f3 dental que es caracteritza quan una o diverses dents superiors es troben darrere de les dents inferiors, causant problemes en la correcta funci\u00f3 masticat\u00f2ria i bloquejos articulars.<\/p><\/div>\n\n\n\t\t\t\n\t<style type=\"text\/css\">\n\t\t.slider-info-1497.bafg-slider-info .bafg-slider-title {\n\t\t\t\t\t\t\tfont-size:\n\t\t\t\t\t22px\t\t\t\t;\n\t\t\t\n\t\t\t\n\t\t\t\t\t}\n\n\t\t.slider-info-1497.bafg-slider-info .bafg-slider-description {\n\t\t\t\n\t\t\t\n\t\t\t\t\t}\n\t\t\n\t\t\n\t\t.slider-info-1497.bafg-slider-info .bafg_slider_readmore_button {\n\t\t\t\n\t\t\t\n\t\t\t\n\t\t\t\n\t\t\t\n\t\t\ttext-align: center;\n\n\t\t\t\n\t\t\t\n\t\t\t\n\t\t\t\n\t\t\t\t\t}\n\n\t\t.slider-info-1497.bafg-slider-info .bafg_slider_readmore_button:hover {\n\n\t\t\t\n\t\t\t\n\t\t\t\t\t}\n\t<\/style>\n\t\n\t\t\t<div class=\"bafg-twentytwenty-container slider-1497  \"\n\t\t\t\tbafg-orientation=\"horizontal\" bafg-default-offset=\"0.5\"\n\t\t\t\tbafg-before-label=\"Antes\"\n\t\t\t\tbafg-after-label=\"Despu\u00e9s\" bafg-overlay=\"1\"\n\t\t\t\tbafg-move-slider-on-hover=\"\"\n\t\t\t\tbafg-click-to-move=\"\">\n\n\t\t\t\t\t\t\t\t<img class=\"skip-lazy\" data-skip-lazy\t\t\t\t\tsrc=\"https:\/\/pazsalvadordental.es\/wp-content\/uploads\/2023\/09\/02-mordida-cruzada-adulto-antes.jpg\" alt=\"\">\n\t\t\t\t<img class=\"skip-lazy\" data-skip-lazy\t\t\t\t\tsrc=\"https:\/\/pazsalvadordental.es\/wp-content\/uploads\/2023\/09\/02-mordida-cruzada-adulto-despues.jpg\" alt=\"\">\n\n\t\t\t<\/div>\n\n\t\t\t\t<div class=\"bafg-slider-info-wraper\">\n\t\t<div style=\"\" class=\"slider-info-1497 bafg-slider-info\">\n\t\t\t\t\t<\/div>\n\t<\/div>\n\t\n\t\t\t<style type=\"text\/css\">\n\t\t\t\t\t\t\t\t\t\t\t<\/style>\n\t\t\t\n<\/div>\n\n\n\n<div class=\"wp-block-uagb-container uagb-block-63b0d0fd\"><div class=\"wp-block-uagb-advanced-heading uagb-block-51efeb89\"><h4 class=\"uagb-heading-text\">Amuntegament en adult<\/h4><div class=\"uagb-separator\"><\/div><p class=\"uagb-desc-text\">L&#8217;amuntegament dental \u00e9s un problema d&#8217;alineaci\u00f3 de les dents quan no hi ha prou espai en l&#8217;os per allotjar totes les peces dentals. Les dents es veuen muntades, provocant no nom\u00e9s un problema est\u00e8tic sin\u00f3 tamb\u00e9 inflamacions de geniva i problemes periodontals.<\/p><\/div>\n\n\n\t\t\t\n\t<style type=\"text\/css\">\n\t\t.slider-info-1501.bafg-slider-info .bafg-slider-title {\n\t\t\t\t\t\t\tfont-size:\n\t\t\t\t\t22px\t\t\t\t;\n\t\t\t\n\t\t\t\n\t\t\t\t\t}\n\n\t\t.slider-info-1501.bafg-slider-info .bafg-slider-description {\n\t\t\t\n\t\t\t\n\t\t\t\t\t}\n\t\t\n\t\t\n\t\t.slider-info-1501.bafg-slider-info .bafg_slider_readmore_button {\n\t\t\t\n\t\t\t\n\t\t\t\n\t\t\t\n\t\t\t\n\t\t\ttext-align: center;\n\n\t\t\t\n\t\t\t\n\t\t\t\n\t\t\t\n\t\t\t\t\t}\n\n\t\t.slider-info-1501.bafg-slider-info .bafg_slider_readmore_button:hover {\n\n\t\t\t\n\t\t\t\n\t\t\t\t\t}\n\t<\/style>\n\t\n\t\t\t<div class=\"bafg-twentytwenty-container slider-1501  \"\n\t\t\t\tbafg-orientation=\"horizontal\" bafg-default-offset=\"0.5\"\n\t\t\t\tbafg-before-label=\"Antes\"\n\t\t\t\tbafg-after-label=\"Despu\u00e9s\" bafg-overlay=\"1\"\n\t\t\t\tbafg-move-slider-on-hover=\"\"\n\t\t\t\tbafg-click-to-move=\"\">\n\n\t\t\t\t\t\t\t\t<img class=\"skip-lazy\" data-skip-lazy\t\t\t\t\tsrc=\"https:\/\/pazsalvadordental.es\/wp-content\/uploads\/2023\/09\/03-mordida-cruzada-adulto-antes.jpg\" alt=\"\">\n\t\t\t\t<img class=\"skip-lazy\" data-skip-lazy\t\t\t\t\tsrc=\"https:\/\/pazsalvadordental.es\/wp-content\/uploads\/2023\/09\/03-mordida-cruzada-adulto-despues.jpg\" alt=\"\">\n\n\t\t\t<\/div>\n\n\t\t\t\t<div class=\"bafg-slider-info-wraper\">\n\t\t<div style=\"\" class=\"slider-info-1501 bafg-slider-info\">\n\t\t\t\t\t<\/div>\n\t<\/div>\n\t\n\t\t\t<style type=\"text\/css\">\n\t\t\t\t\t\t\t\t\t\t\t<\/style>\n\t\t\t\n<\/div>\n\n\n\n<div class=\"wp-block-uagb-container uagb-block-6f64bfc8\"><div class=\"wp-block-uagb-advanced-heading uagb-block-ced6daa8\"><h4 class=\"uagb-heading-text\">Amuntegament sever amb extraccions<\/h4><div class=\"uagb-separator\"><\/div><p class=\"uagb-desc-text\">Quan la manca d&#8217;espai \u00e9s severa: igual o m\u00e9s de 6 mm per arcada, recorrem a l&#8217;extracci\u00f3 dental (habitualment d&#8217;un o diversos premolars) per poder acomodar totes les dents a l&#8217;arcada.<\/p><\/div>\n\n\n\t\t\t\n\t<style type=\"text\/css\">\n\t\t.slider-info-1508.bafg-slider-info .bafg-slider-title {\n\t\t\t\t\t\t\tfont-size:\n\t\t\t\t\t22px\t\t\t\t;\n\t\t\t\n\t\t\t\n\t\t\t\t\t}\n\n\t\t.slider-info-1508.bafg-slider-info .bafg-slider-description {\n\t\t\t\n\t\t\t\n\t\t\t\t\t}\n\t\t\n\t\t\n\t\t.slider-info-1508.bafg-slider-info .bafg_slider_readmore_button {\n\t\t\t\n\t\t\t\n\t\t\t\n\t\t\t\n\t\t\t\n\t\t\ttext-align: center;\n\n\t\t\t\n\t\t\t\n\t\t\t\n\t\t\t\n\t\t\t\t\t}\n\n\t\t.slider-info-1508.bafg-slider-info .bafg_slider_readmore_button:hover {\n\n\t\t\t\n\t\t\t\n\t\t\t\t\t}\n\t<\/style>\n\t\n\t\t\t<div class=\"bafg-twentytwenty-container slider-1508  \"\n\t\t\t\tbafg-orientation=\"horizontal\" bafg-default-offset=\"0.5\"\n\t\t\t\tbafg-before-label=\"Antes\"\n\t\t\t\tbafg-after-label=\"Despu\u00e9s\" bafg-overlay=\"1\"\n\t\t\t\tbafg-move-slider-on-hover=\"\"\n\t\t\t\tbafg-click-to-move=\"\">\n\n\t\t\t\t\t\t\t\t<img class=\"skip-lazy\" data-skip-lazy\t\t\t\t\tsrc=\"https:\/\/pazsalvadordental.es\/wp-content\/uploads\/2023\/09\/04-apinamiento-severo-antes.jpg\" alt=\"\">\n\t\t\t\t<img class=\"skip-lazy\" data-skip-lazy\t\t\t\t\tsrc=\"https:\/\/pazsalvadordental.es\/wp-content\/uploads\/2023\/09\/04-apinamiento-severo-despues.jpg\" alt=\"\">\n\n\t\t\t<\/div>\n\n\t\t\t\t<div class=\"bafg-slider-info-wraper\">\n\t\t<div style=\"\" class=\"slider-info-1508 bafg-slider-info\">\n\t\t\t\t\t<\/div>\n\t<\/div>\n\t\n\t\t\t<style type=\"text\/css\">\n\t\t\t\t\t\t\t\t\t\t\t<\/style>\n\t\t\t\n<\/div>\n\n\n\n<div class=\"wp-block-uagb-container uagb-block-a727d1b0\"><div class=\"wp-block-uagb-advanced-heading uagb-block-62972e16\"><h4 class=\"uagb-heading-text\">Mossegada creuada en nens<\/h4><div class=\"uagb-separator\"><\/div><p class=\"uagb-desc-text\">La mossegada creuada \u00e9s una maloclusi\u00f3 bastant freq\u00fcent en qu\u00e8 el maxil\u00b7lar superior t\u00e9 menor amplada respecte a la mand\u00edbula i el pacient mossega de manera invertida (les dents inferiors davant de les superiors), ocasionant problemes en el desenvolupament de les estructures de la boca i en la funci\u00f3 masticat\u00f2ria, d&#8217;aqu\u00ed la import\u00e0ncia del tractament preco\u00e7.<\/p><\/div>\n\n\n\t\t\t\n\t<style type=\"text\/css\">\n\t\t.slider-info-1519.bafg-slider-info .bafg-slider-title {\n\t\t\t\t\t\t\tfont-size:\n\t\t\t\t\t22px\t\t\t\t;\n\t\t\t\n\t\t\t\n\t\t\t\t\t}\n\n\t\t.slider-info-1519.bafg-slider-info .bafg-slider-description {\n\t\t\t\n\t\t\t\n\t\t\t\t\t}\n\t\t\n\t\t\n\t\t.slider-info-1519.bafg-slider-info .bafg_slider_readmore_button {\n\t\t\t\n\t\t\t\n\t\t\t\n\t\t\t\n\t\t\t\n\t\t\ttext-align: center;\n\n\t\t\t\n\t\t\t\n\t\t\t\n\t\t\t\n\t\t\t\t\t}\n\n\t\t.slider-info-1519.bafg-slider-info .bafg_slider_readmore_button:hover {\n\n\t\t\t\n\t\t\t\n\t\t\t\t\t}\n\t<\/style>\n\t\n\t\t\t<div class=\"bafg-twentytwenty-container slider-1519  \"\n\t\t\t\tbafg-orientation=\"horizontal\" bafg-default-offset=\"0.5\"\n\t\t\t\tbafg-before-label=\"Antes\"\n\t\t\t\tbafg-after-label=\"Despu\u00e9s\" bafg-overlay=\"1\"\n\t\t\t\tbafg-move-slider-on-hover=\"\"\n\t\t\t\tbafg-click-to-move=\"\">\n\n\t\t\t\t\t\t\t\t<img class=\"skip-lazy\" data-skip-lazy\t\t\t\t\tsrc=\"https:\/\/pazsalvadordental.es\/wp-content\/uploads\/2023\/09\/06-mordida-cruzada-nino-antes.jpg\" alt=\"\">\n\t\t\t\t<img class=\"skip-lazy\" data-skip-lazy\t\t\t\t\tsrc=\"https:\/\/pazsalvadordental.es\/wp-content\/uploads\/2023\/09\/06-mordida-cruzada-nino-despues.jpg\" alt=\"\">\n\n\t\t\t<\/div>\n\n\t\t\t\t<div class=\"bafg-slider-info-wraper\">\n\t\t<div style=\"\" class=\"slider-info-1519 bafg-slider-info\">\n\t\t\t\t\t<\/div>\n\t<\/div>\n\t\n\t\t\t<style type=\"text\/css\">\n\t\t\t\t\t\t\t\t\t\t\t<\/style>\n\t\t\t\n<\/div>\n\n\n\n<div class=\"wp-block-uagb-container uagb-block-d7eaba02\"><div class=\"wp-block-uagb-advanced-heading uagb-block-348ae8a5\"><h4 class=\"uagb-heading-text\"><strong>Correcci\u00f3 de sobremossegada<\/strong><\/h4><div class=\"uagb-separator\"><\/div><p class=\"uagb-desc-text\">La sobremossegada, \u00e9s la superposici\u00f3 vertical dels incisius superiors respecte als inferiors. Quan les dents de dalt cobreixen les de baix en m\u00e9s d&#8217;un 40% \u00e9s important corregir-ho de forma preco\u00e7 per evitar alteracions en la funci\u00f3 masticat\u00f2ria i articular.<\/p><\/div>\n\n\n\t\t\t\n\t<style type=\"text\/css\">\n\t\t.slider-info-1528.bafg-slider-info .bafg-slider-title {\n\t\t\t\t\t\t\tfont-size:\n\t\t\t\t\t22px\t\t\t\t;\n\t\t\t\n\t\t\t\n\t\t\t\t\t}\n\n\t\t.slider-info-1528.bafg-slider-info .bafg-slider-description {\n\t\t\t\n\t\t\t\n\t\t\t\t\t}\n\t\t\n\t\t\n\t\t.slider-info-1528.bafg-slider-info .bafg_slider_readmore_button {\n\t\t\t\n\t\t\t\n\t\t\t\n\t\t\t\n\t\t\t\n\t\t\ttext-align: center;\n\n\t\t\t\n\t\t\t\n\t\t\t\n\t\t\t\n\t\t\t\t\t}\n\n\t\t.slider-info-1528.bafg-slider-info .bafg_slider_readmore_button:hover {\n\n\t\t\t\n\t\t\t\n\t\t\t\t\t}\n\t<\/style>\n\t\n\t\t\t<div class=\"bafg-twentytwenty-container slider-1528  \"\n\t\t\t\tbafg-orientation=\"horizontal\" bafg-default-offset=\"0.5\"\n\t\t\t\tbafg-before-label=\"Antes\"\n\t\t\t\tbafg-after-label=\"Despu\u00e9s\" bafg-overlay=\"1\"\n\t\t\t\tbafg-move-slider-on-hover=\"\"\n\t\t\t\tbafg-click-to-move=\"\">\n\n\t\t\t\t\t\t\t\t<img class=\"skip-lazy\" data-skip-lazy\t\t\t\t\tsrc=\"https:\/\/pazsalvadordental.es\/wp-content\/uploads\/2023\/09\/08-correccion-sobremordidda-antes.jpg\" alt=\"\">\n\t\t\t\t<img class=\"skip-lazy\" data-skip-lazy\t\t\t\t\tsrc=\"https:\/\/pazsalvadordental.es\/wp-content\/uploads\/2023\/09\/08-correccion-sobremordidda-despues.jpg\" alt=\"\">\n\n\t\t\t<\/div>\n\n\t\t\t\t<div class=\"bafg-slider-info-wraper\">\n\t\t<div style=\"\" class=\"slider-info-1528 bafg-slider-info\">\n\t\t\t\t\t<\/div>\n\t<\/div>\n\t\n\t\t\t<style type=\"text\/css\">\n\t\t\t\t\t\t\t\t\t\t\t<\/style>\n\t\t\t\n<\/div>\n<\/div>\n<\/div><\/div>\n\n\n\n<div class=\"wp-block-uagb-container uagb-block-3f48ddfc alignfull uagb-is-root-container\"><div class=\"uagb-container-inner-blocks-wrap\"><div class=\"wp-block-uagb-advanced-heading uagb-block-a1503055\"><h3 class=\"uagb-heading-text\">Sol\u00b7licita primera visita <\/h3><p class=\"uagb-desc-text\">A Paz Salvador Cl\u00ednica dental a Sant Joan Desp\u00ed farem una valoraci\u00f3 del teu cas per donar-te la millor soluci\u00f3 personalitzada i adaptada a les teves necessitats.<\/p><\/div>\n\n\n<div class=\"wp-block-uagb-buttons uagb-buttons__outer-wrap uagb-btn__default-btn uagb-btn-tablet__default-btn uagb-btn-mobile__default-btn uagb-block-8e76fdb7\"><div class=\"uagb-buttons__wrap uagb-buttons-layout-wrap\"><div class=\"wp-block-uagb-buttons-child uagb-buttons__outer-wrap uagb-block-e586e3a6 wp-block-button\"><div class=\"uagb-button__wrapper\"><a class=\"uagb-buttons-repeater wp-block-button__link\" href='https:\/\/pazsalvadordental.es\/ca\/' onclick=\"return true;\" rel=\"follow noopener\" target=\"_self\"><div class=\"uagb-button__link\">clinica dental<\/div><\/a><\/div><\/div><\/div><\/div>\n<\/div><\/div>\n","protected":false},"excerpt":{"rendered":"<p>Casos Mossegada oberta en adult \u00c9s una alteraci\u00f3 dental que es defineix per la impossibilitat de tancar les dents frontals o posteriors. El pacient no pot realitzar correctament la funci\u00f3 [&hellip;]<\/p>\n","protected":false},"author":2,"featured_media":0,"parent":0,"menu_order":0,"comment_status":"closed","ping_status":"closed","template":"","meta":{"_uag_custom_page_level_css":"","_kad_blocks_custom_css":"","_kad_blocks_head_custom_js":"","_kad_blocks_body_custom_js":"","_kad_blocks_footer_custom_js":"","rank_math_title":"","rank_math_description":"","site-sidebar-layout":"no-sidebar","site-content-layout":"plain-container","ast-site-content-layout":"normal-width-container","site-content-style":"unboxed","site-sidebar-style":"unboxed","ast-global-header-display":"","ast-banner-title-visibility":"","ast-main-header-display":"","ast-hfb-above-header-display":"","ast-hfb-below-header-display":"","ast-hfb-mobile-header-display":"","site-post-title":"disabled","ast-breadcrumbs-content":"","ast-featured-img":"","footer-sml-layout":"","ast-disable-related-posts":"","theme-transparent-header-meta":"default","adv-header-id-meta":"","stick-header-meta":"","header-above-stick-meta":"","header-main-stick-meta":"","header-below-stick-meta":"","astra-migrate-meta-layouts":"set","ast-page-background-enabled":"default","ast-page-background-meta":{"desktop":{"background-color":"","background-image":"","background-repeat":"repeat","background-position":"center center","background-size":"auto","background-attachment":"scroll","background-type":"","background-media":"","overlay-type":"","overlay-color":"","overlay-opacity":"","overlay-gradient":""},"tablet":{"background-color":"","background-image":"","background-repeat":"repeat","background-position":"center center","background-size":"auto","background-attachment":"scroll","background-type":"","background-media":"","overlay-type":"","overlay-color":"","overlay-opacity":"","overlay-gradient":""},"mobile":{"background-color":"","background-image":"","background-repeat":"repeat","background-position":"center center","background-size":"auto","background-attachment":"scroll","background-type":"","background-media":"","overlay-type":"","overlay-color":"","overlay-opacity":"","overlay-gradient":""}},"ast-content-background-meta":{"desktop":{"background-color":"var(--ast-global-color-5)","background-image":"","background-repeat":"repeat","background-position":"center center","background-size":"auto","background-attachment":"scroll","background-type":"","background-media":"","overlay-type":"","overlay-color":"","overlay-opacity":"","overlay-gradient":""},"tablet":{"background-color":"var(--ast-global-color-5)","background-image":"","background-repeat":"repeat","background-position":"center center","background-size":"auto","background-attachment":"scroll","background-type":"","background-media":"","overlay-type":"","overlay-color":"","overlay-opacity":"","overlay-gradient":""},"mobile":{"background-color":"var(--ast-global-color-5)","background-image":"","background-repeat":"repeat","background-position":"center center","background-size":"auto","background-attachment":"scroll","background-type":"","background-media":"","overlay-type":"","overlay-color":"","overlay-opacity":"","overlay-gradient":""}},"_joinchat":[],"footnotes":""},"class_list":["post-3481","page","type-page","status-publish","hentry"],"taxonomy_info":[],"featured_image_src_large":false,"author_info":{"display_name":"Paz","author_link":"https:\/\/pazsalvadordental.es\/ca\/author\/paz\/"},"comment_info":0,"uagb_featured_image_src":{"full":false,"thumbnail":false,"medium":false,"medium_large":false,"large":false,"1536x1536":false,"2048x2048":false},"uagb_author_info":{"display_name":"Paz","author_link":"https:\/\/pazsalvadordental.es\/ca\/author\/paz\/"},"uagb_comment_info":0,"uagb_excerpt":"Casos Mossegada oberta en adult \u00c9s una alteraci\u00f3 dental que es defineix per la impossibilitat de tancar les dents frontals o posteriors. El pacient no pot realitzar correctament la funci\u00f3 [&hellip;]","_links":{"self":[{"href":"https:\/\/pazsalvadordental.es\/ca\/wp-json\/wp\/v2\/pages\/3481","targetHints":{"allow":["GET"]}}],"collection":[{"href":"https:\/\/pazsalvadordental.es\/ca\/wp-json\/wp\/v2\/pages"}],"about":[{"href":"https:\/\/pazsalvadordental.es\/ca\/wp-json\/wp\/v2\/types\/page"}],"author":[{"embeddable":true,"href":"https:\/\/pazsalvadordental.es\/ca\/wp-json\/wp\/v2\/users\/2"}],"replies":[{"embeddable":true,"href":"https:\/\/pazsalvadordental.es\/ca\/wp-json\/wp\/v2\/comments?post=3481"}],"version-history":[{"count":1,"href":"https:\/\/pazsalvadordental.es\/ca\/wp-json\/wp\/v2\/pages\/3481\/revisions"}],"predecessor-version":[{"id":3482,"href":"https:\/\/pazsalvadordental.es\/ca\/wp-json\/wp\/v2\/pages\/3481\/revisions\/3482"}],"wp:attachment":[{"href":"https:\/\/pazsalvadordental.es\/ca\/wp-json\/wp\/v2\/media?parent=3481"}],"curies":[{"name":"wp","href":"https:\/\/api.w.org\/{rel}","templated":true}]}}