{"id":3475,"date":"2023-08-29T15:32:50","date_gmt":"2023-08-29T13:32:50","guid":{"rendered":"https:\/\/pazsalvadordental.es\/?page_id=1286"},"modified":"2023-10-05T17:53:12","modified_gmt":"2023-10-05T15:53:12","slug":"endodoncia","status":"publish","type":"page","link":"https:\/\/pazsalvadordental.es\/ca\/endodoncia\/","title":{"rendered":"Endod\u00f2ncia"},"content":{"rendered":"\n<div class=\"wp-block-uagb-container uagb-block-1f54725c alignfull uagb-is-root-container\"><div class=\"uagb-container-inner-blocks-wrap\">\n<div class=\"wp-block-uagb-container uagb-block-ca5b3353\"><div class=\"wp-block-uagb-advanced-heading uagb-block-ab3fb5c0\"><h1 class=\"uagb-heading-text\"><strong><strong>Endod\u00f2ncia<\/strong><\/strong><\/h1><\/div><\/div>\n<\/div><\/div>\n\n\n\n<div class=\"wp-block-uagb-container uagb-block-c27c919f alignfull uagb-is-root-container\"><div class=\"uagb-container-inner-blocks-wrap\">\n<div class=\"wp-block-uagb-container uagb-block-d2457ad0\">\n<div class=\"wp-block-uagb-image aligncenter uagb-block-559177a5 wp-block-uagb-image--layout-default wp-block-uagb-image--effect-static wp-block-uagb-image--align-center\"><figure class=\"wp-block-uagb-image__figure\"><img decoding=\"async\"  sizes=\"auto, (max-width: 480px) 150px\" src=\"https:\/\/pazsalvadordental.es\/wp-content\/uploads\/2023\/08\/paz-salvador-sonrisa@300x-8.png\" alt=\"\" width=\"92\" height=\"50\" title=\"\" loading=\"lazy\"\/><\/figure><\/div>\n\n\n<div class=\"wp-block-uagb-advanced-heading uagb-block-8798ccef\"><h2 class=\"uagb-heading-text\">Qu\u00e8 \u00e9s l&#8217;endod\u00f2ncia?<\/h2><p class=\"uagb-desc-text\">L&#8217;endod\u00f2ncia \u00e9s una branca de l&#8217;odontologia que se centra en tractar les afeccions que afecten la polpa dental, el teixit intern d&#8217;una dent que cont\u00e9 nervis, vasos sanguinis i teixit connectiu. Quan aquesta polpa es danya o s&#8217;infecta a causa d&#8217;una c\u00e0ries profunda, una fractura dental o un traumatisme, \u00e9s necessari realitzar un tractament d&#8217;endod\u00f2ncia per salvar la dent i alleujar el dolor.<\/p><div class=\"uagb-separator\"><\/div><\/div>\n\n<div class=\"wp-block-uagb-advanced-heading uagb-block-53aeb407\"><h4 class=\"uagb-heading-text\"><strong>Com es realitza una Endod\u00f2ncia?<\/strong><\/h4><p class=\"uagb-desc-text\">El proc\u00e9s d&#8217;una endod\u00f2ncia es duu a terme en diverses etapes pel nostre especialista en Endod\u00f2ncia, el <strong><a href='https:\/\/pazsalvadordental.es\/ca\/'>clinica dental<\/a><\/strong>, dentista a Sant Joan Desp\u00ed:<\/p><\/div><\/div>\n<\/div><\/div>\n\n\n\n<div class=\"wp-block-uagb-container uagb-block-05db0630 alignfull uagb-is-root-container\">\n<div class=\"wp-block-uagb-container uagb-block-26bb431d\"><div class=\"wp-block-uagb-info-box uagb-block-f959e7b1 uagb-infobox__content-wrap  uagb-infobox-icon-above-title uagb-infobox-image-valign-top\"><div class=\"uagb-ifb-content\"><div class=\"uagb-ifb-icon-wrap\"><svg xmlns=\"https:\/\/www.w3.org\/2000\/svg\" viewBox=\"0 0 256 512\"><path d=\"M256 448c0 17.67-14.33 32-32 32H32c-17.67 0-32-14.33-32-32s14.33-32 32-32h64V123.8L49.75 154.6C35.02 164.5 15.19 160.4 5.375 145.8C-4.422 131.1-.4531 111.2 14.25 101.4l96-64c9.828-6.547 22.45-7.187 32.84-1.594C153.5 41.37 160 52.22 160 64.01v352h64C241.7 416 256 430.3 256 448z\"><\/path><\/svg><\/div><div class=\"uagb-ifb-title-wrap\"><h5 class=\"uagb-ifb-title\"><strong><strong><strong>Diagn\u00f2stic<\/strong><\/strong><\/strong><\/h5><\/div><p class=\"uagb-ifb-desc\">El nostre Dr. realitzar\u00e0 una avaluaci\u00f3 exhaustiva, que pot incloure radiografies i fins i tot un CBCT, per determinar la necessitat d&#8217;un tractament d&#8217;endod\u00f2ncia.<\/p><\/div><\/div><\/div>\n\n\n\n<div class=\"wp-block-uagb-container uagb-block-a05a1f09\"><div class=\"wp-block-uagb-info-box uagb-block-cd3c2189 uagb-infobox__content-wrap  uagb-infobox-icon-above-title uagb-infobox-image-valign-top\"><div class=\"uagb-ifb-content\"><div class=\"uagb-ifb-icon-wrap\"><svg xmlns=\"https:\/\/www.w3.org\/2000\/svg\" viewBox=\"0 0 320 512\"><path d=\"M320 448c0 17.67-14.33 32-32 32H32c-13.08 0-24.83-7.953-29.7-20.09c-4.859-12.12-1.859-26 7.594-35.03l193.6-185.1c31.36-30.17 33.95-80 5.812-113.4c-14.91-17.69-35.86-28.12-58.97-29.38C127.4 95.83 105.3 103.9 88.53 119.9L53.52 151.7c-13.08 11.91-33.33 10.89-45.2-2.172C-3.563 136.5-2.594 116.2 10.48 104.3l34.45-31.3c28.67-27.34 68.39-42.11 108.9-39.88c40.33 2.188 78.39 21.16 104.4 52.03c49.8 59.05 45.2 147.3-10.45 200.8l-136 130H288C305.7 416 320 430.3 320 448z\"><\/path><\/svg><\/div><div class=\"uagb-ifb-title-wrap\"><h5 class=\"uagb-ifb-title\"><strong><strong><strong>Anest\u00e8sia<\/strong><\/strong><\/strong><\/h5><\/div><p class=\"uagb-ifb-desc\">Abans de comen\u00e7ar el procediment, s&#8217;administrar\u00e0 anest\u00e8sia local per garantir la teva comoditat i minimitzar qualsevol mol\u00e8stia.<\/p><\/div><\/div><\/div>\n\n\n\n<div class=\"wp-block-uagb-container uagb-block-88b54006\"><div class=\"wp-block-uagb-info-box uagb-block-e31f8c26 uagb-infobox__content-wrap  uagb-infobox-icon-above-title uagb-infobox-image-valign-top\"><div class=\"uagb-ifb-content\"><div class=\"uagb-ifb-icon-wrap\"><svg xmlns=\"https:\/\/www.w3.org\/2000\/svg\" viewBox=\"0 0 320 512\"><path d=\"M320 344c0 74.98-61.02 136-136 136H103.6c-46.34 0-87.31-29.53-101.1-73.48c-5.594-16.77 3.484-34.88 20.25-40.47c16.75-5.609 34.89 3.484 40.47 20.25c5.922 17.77 22.48 29.7 41.23 29.7H184c39.7 0 72-32.3 72-72s-32.3-72-72-72H80c-13.2 0-25.05-8.094-29.83-20.41C45.39 239.3 48.66 225.3 58.38 216.4l131.4-120.4H32c-17.67 0-32-14.33-32-32s14.33-32 32-32h240c13.2 0 25.05 8.094 29.83 20.41c4.781 12.3 1.516 26.27-8.203 35.19l-131.4 120.4H184C258.1 208 320 269 320 344z\"><\/path><\/svg><\/div><div class=\"uagb-ifb-title-wrap\"><h5 class=\"uagb-ifb-title\"><strong><strong><strong><strong>Tractament<\/strong><\/strong><\/strong><\/strong><\/h5><\/div><p class=\"uagb-ifb-desc\">S&#8217;accedeix a la polpa dental a trav\u00e9s d&#8217;un petit orifici a la dent i es realitza la ter\u00e0pia de conducte, re-tractament o apicectomia, segons correspongui.<\/p><\/div><\/div><\/div>\n\n\n\n<div class=\"wp-block-uagb-container uagb-block-02b36960\"><div class=\"wp-block-uagb-info-box uagb-block-8e7b1430 uagb-infobox__content-wrap  uagb-infobox-icon-above-title uagb-infobox-image-valign-top\"><div class=\"uagb-ifb-content\"><div class=\"uagb-ifb-icon-wrap\"><svg xmlns=\"https:\/\/www.w3.org\/2000\/svg\" viewBox=\"0 0 384 512\"><path d=\"M384 334.2c0 17.67-14.33 32-32 32h-32v81.78c0 17.67-14.33 32-32 32s-32-14.33-32-32v-81.78H32c-10.97 0-21.17-5.625-27.05-14.89c-5.859-9.266-6.562-20.89-1.875-30.81l128-270.2C138.6 34.33 157.8 27.56 173.7 35.09c15.97 7.562 22.78 26.66 15.22 42.63L82.56 302.2H256V160c0-17.67 14.33-32 32-32s32 14.33 32 32v142.2h32C369.7 302.2 384 316.6 384 334.2z\"><\/path><\/svg><\/div><div class=\"uagb-ifb-title-wrap\"><h5 class=\"uagb-ifb-title\"><strong><strong><strong><strong><strong>Obturaci\u00f3<\/strong><\/strong><\/strong><\/strong><\/strong><\/h5><\/div><p class=\"uagb-ifb-desc\">Un cop s&#8217;ha eliminat la polpa danyada o infectada, es plena i segella el conducte amb material especialitzat per prevenir futures infeccions.<\/p><\/div><\/div><\/div>\n\n\n\n<div class=\"wp-block-uagb-container uagb-block-b4c8efa5\"><div class=\"wp-block-uagb-info-box uagb-block-6d6caf01 uagb-infobox__content-wrap  uagb-infobox-icon-above-title uagb-infobox-image-valign-top\"><div class=\"uagb-ifb-content\"><div class=\"uagb-ifb-icon-wrap\"><svg xmlns=\"https:\/\/www.w3.org\/2000\/svg\" viewBox=\"0 0 320 512\"><path d=\"M320 344.6c0 74.66-60.73 135.4-135.4 135.4H104.7c-46.81 0-88.22-29.83-103-74.23c-5.594-16.77 3.469-34.89 20.23-40.48c16.83-5.625 34.91 3.469 40.48 20.23c6.078 18.23 23.08 30.48 42.3 30.48h79.95c39.36 0 71.39-32.03 71.39-71.39s-32.03-71.38-71.39-71.38H32c-9.484 0-18.47-4.203-24.56-11.48C1.359 254.5-1.172 244.9 .5156 235.6l32-177.2C35.27 43.09 48.52 32.01 64 32.01l192 .0049c17.67 0 32 14.33 32 32s-14.33 32-32 32H90.73L70.3 209.2h114.3C259.3 209.2 320 269.1 320 344.6z\"><\/path><\/svg><\/div><div class=\"uagb-ifb-title-wrap\"><h5 class=\"uagb-ifb-title\"><strong><strong><strong><strong><strong><strong>Restauraci\u00f3<\/strong><\/strong><\/strong><\/strong><\/strong><\/strong><\/h5><\/div><p class=\"uagb-ifb-desc\">Per restaurar la funcionalitat i aparen\u00e7a de la dent, es pot col\u00b7locar una corona dental sobre la mateixa.<\/p><\/div><\/div><\/div>\n<\/div>\n\n\n\n<div class=\"wp-block-uagb-container uagb-block-2deb0898 alignfull uagb-is-root-container\"><div class=\"uagb-container-inner-blocks-wrap\">\n<div class=\"wp-block-uagb-container uagb-block-2c96f968 alignfull uagb-is-root-container\"><div class=\"uagb-container-inner-blocks-wrap\">\n<div class=\"wp-block-uagb-container uagb-block-52df9ce6\"><div class=\"wp-block-uagb-advanced-heading uagb-block-f1330501\"><h3 class=\"uagb-heading-text\">Si experimentes dolor dental o inflamaci\u00f3, no dubtis a contactar-nos. Som aqu\u00ed per salvar les teves dents i cuidar del teu somriure.<\/h3><\/div><\/div>\n\n\n\n<div class=\"wp-block-uagb-container uagb-block-0938c4b6\"><div class=\"wp-block-uagb-advanced-heading uagb-block-7ef27e04\"><p class=\"uagb-heading-text\">A la nostra Cl\u00ednica Dental a Sant Joan Desp\u00ed, creiem que cada somriure \u00e9s \u00fanic i mereix ser tractat amb el m\u00e0xim cura i atenci\u00f3. La nostra especialitat en Endod\u00f2ncia dental t&#8217;ofereix la millor opci\u00f3 per cuidar la salut interna de la teva boca i, al mateix temps, preservar la seva bellesa natural. Si tens problemes en el teixit intern de les teves dents i somies amb una boca lliure de mol\u00e8sties, nosaltres podem fer-ho realitat!<\/p><\/div><\/div>\n<\/div><\/div>\n<\/div><\/div>\n\n\n\n<div class=\"wp-block-uagb-container uagb-block-3f48ddfc alignfull uagb-is-root-container\"><div class=\"uagb-container-inner-blocks-wrap\"><div class=\"wp-block-uagb-advanced-heading uagb-block-a1503055\"><h3 class=\"uagb-heading-text\">Sol\u00b7licita primera visita en Endod\u00f2ncia<\/h3><p class=\"uagb-desc-text\">A Paz Salvador Cl\u00ednica dental a Sant Joan Desp\u00ed farem una valoraci\u00f3 del teu cas per donar-te la millor soluci\u00f3 personalitzada i adaptada a les teves necessitats.<\/p><\/div>\n\n\n<div class=\"wp-block-uagb-buttons uagb-buttons__outer-wrap uagb-btn__default-btn uagb-btn-tablet__default-btn uagb-btn-mobile__default-btn uagb-block-8e76fdb7\"><div class=\"uagb-buttons__wrap uagb-buttons-layout-wrap\"><div class=\"wp-block-uagb-buttons-child uagb-buttons__outer-wrap uagb-block-e586e3a6 wp-block-button\"><div class=\"uagb-button__wrapper\"><a class=\"uagb-buttons-repeater wp-block-button__link\" href='https:\/\/pazsalvadordental.es\/ca\/' onclick=\"return true;\" rel=\"follow noopener\" target=\"_self\"><div class=\"uagb-button__link\">clinica dental<\/div><\/a><\/div><\/div><\/div><\/div>\n<\/div><\/div>\n","protected":false},"excerpt":{"rendered":"<p>Endod\u00f2ncia Qu\u00e8 \u00e9s l&#8217;endod\u00f2ncia? L&#8217;endod\u00f2ncia \u00e9s una branca de l&#8217;odontologia que se centra en tractar les afeccions que afecten la polpa dental, el teixit intern d&#8217;una dent que cont\u00e9 nervis, [&hellip;]<\/p>\n","protected":false},"author":2,"featured_media":0,"parent":0,"menu_order":0,"comment_status":"closed","ping_status":"closed","template":"","meta":{"_uag_custom_page_level_css":"","_kad_blocks_custom_css":"","_kad_blocks_head_custom_js":"","_kad_blocks_body_custom_js":"","_kad_blocks_footer_custom_js":"","rank_math_title":"","rank_math_description":"","site-sidebar-layout":"no-sidebar","site-content-layout":"plain-container","ast-site-content-layout":"normal-width-container","site-content-style":"unboxed","site-sidebar-style":"unboxed","ast-global-header-display":"","ast-banner-title-visibility":"","ast-main-header-display":"","ast-hfb-above-header-display":"","ast-hfb-below-header-display":"","ast-hfb-mobile-header-display":"","site-post-title":"disabled","ast-breadcrumbs-content":"","ast-featured-img":"","footer-sml-layout":"","ast-disable-related-posts":"","theme-transparent-header-meta":"default","adv-header-id-meta":"","stick-header-meta":"","header-above-stick-meta":"","header-main-stick-meta":"","header-below-stick-meta":"","astra-migrate-meta-layouts":"set","ast-page-background-enabled":"default","ast-page-background-meta":{"desktop":{"background-color":"","background-image":"","background-repeat":"repeat","background-position":"center center","background-size":"auto","background-attachment":"scroll","background-type":"","background-media":"","overlay-type":"","overlay-color":"","overlay-opacity":"","overlay-gradient":""},"tablet":{"background-color":"","background-image":"","background-repeat":"repeat","background-position":"center center","background-size":"auto","background-attachment":"scroll","background-type":"","background-media":"","overlay-type":"","overlay-color":"","overlay-opacity":"","overlay-gradient":""},"mobile":{"background-color":"","background-image":"","background-repeat":"repeat","background-position":"center center","background-size":"auto","background-attachment":"scroll","background-type":"","background-media":"","overlay-type":"","overlay-color":"","overlay-opacity":"","overlay-gradient":""}},"ast-content-background-meta":{"desktop":{"background-color":"var(--ast-global-color-5)","background-image":"","background-repeat":"repeat","background-position":"center center","background-size":"auto","background-attachment":"scroll","background-type":"","background-media":"","overlay-type":"","overlay-color":"","overlay-opacity":"","overlay-gradient":""},"tablet":{"background-color":"var(--ast-global-color-5)","background-image":"","background-repeat":"repeat","background-position":"center center","background-size":"auto","background-attachment":"scroll","background-type":"","background-media":"","overlay-type":"","overlay-color":"","overlay-opacity":"","overlay-gradient":""},"mobile":{"background-color":"var(--ast-global-color-5)","background-image":"","background-repeat":"repeat","background-position":"center center","background-size":"auto","background-attachment":"scroll","background-type":"","background-media":"","overlay-type":"","overlay-color":"","overlay-opacity":"","overlay-gradient":""}},"_joinchat":[],"footnotes":""},"class_list":["post-3475","page","type-page","status-publish","hentry"],"taxonomy_info":[],"featured_image_src_large":false,"author_info":{"display_name":"Paz","author_link":"https:\/\/pazsalvadordental.es\/ca\/author\/paz\/"},"comment_info":0,"uagb_featured_image_src":{"full":false,"thumbnail":false,"medium":false,"medium_large":false,"large":false,"1536x1536":false,"2048x2048":false},"uagb_author_info":{"display_name":"Paz","author_link":"https:\/\/pazsalvadordental.es\/ca\/author\/paz\/"},"uagb_comment_info":0,"uagb_excerpt":"Endod\u00f2ncia Qu\u00e8 \u00e9s l&#8217;endod\u00f2ncia? L&#8217;endod\u00f2ncia \u00e9s una branca de l&#8217;odontologia que se centra en tractar les afeccions que afecten la polpa dental, el teixit intern d&#8217;una dent que cont\u00e9 nervis, [&hellip;]","_links":{"self":[{"href":"https:\/\/pazsalvadordental.es\/ca\/wp-json\/wp\/v2\/pages\/3475","targetHints":{"allow":["GET"]}}],"collection":[{"href":"https:\/\/pazsalvadordental.es\/ca\/wp-json\/wp\/v2\/pages"}],"about":[{"href":"https:\/\/pazsalvadordental.es\/ca\/wp-json\/wp\/v2\/types\/page"}],"author":[{"embeddable":true,"href":"https:\/\/pazsalvadordental.es\/ca\/wp-json\/wp\/v2\/users\/2"}],"replies":[{"embeddable":true,"href":"https:\/\/pazsalvadordental.es\/ca\/wp-json\/wp\/v2\/comments?post=3475"}],"version-history":[{"count":0,"href":"https:\/\/pazsalvadordental.es\/ca\/wp-json\/wp\/v2\/pages\/3475\/revisions"}],"wp:attachment":[{"href":"https:\/\/pazsalvadordental.es\/ca\/wp-json\/wp\/v2\/media?parent=3475"}],"curies":[{"name":"wp","href":"https:\/\/api.w.org\/{rel}","templated":true}]}}