{"id":3474,"date":"2023-11-27T09:16:44","date_gmt":"2023-11-27T08:16:44","guid":{"rendered":"https:\/\/pazsalvadordental.es\/?page_id=2142"},"modified":"2024-09-23T10:06:06","modified_gmt":"2024-09-23T08:06:06","slug":"protesis","status":"publish","type":"page","link":"https:\/\/pazsalvadordental.es\/ca\/protesis\/","title":{"rendered":"Pr\u00f2tesis"},"content":{"rendered":"\n<div class=\"wp-block-uagb-container uagb-block-1f54725c alignfull uagb-is-root-container\"><div class=\"uagb-container-inner-blocks-wrap\">\n<div class=\"wp-block-uagb-container uagb-block-ca5b3353\"><div class=\"wp-block-uagb-advanced-heading uagb-block-ab3fb5c0\"><h1 class=\"uagb-heading-text\"><strong><strong>Rehabilitaci\u00f3 amb pr\u00f2tesis a Sant Joan Desp\u00ed<\/strong><\/strong><\/h1><\/div><\/div>\n<\/div><\/div>\n\n\n\n<div class=\"wp-block-uagb-container uagb-block-c27c919f alignfull uagb-is-root-container\"><div class=\"uagb-container-inner-blocks-wrap\">\n<div class=\"wp-block-uagb-container uagb-block-d2457ad0\">\n<div class=\"wp-block-uagb-image aligncenter uagb-block-559177a5 wp-block-uagb-image--layout-default wp-block-uagb-image--effect-static wp-block-uagb-image--align-center\"><figure class=\"wp-block-uagb-image__figure\"><img decoding=\"async\"  sizes=\"auto, (max-width: 480px) 150px\" src=\"https:\/\/pazsalvadordental.es\/wp-content\/uploads\/2023\/08\/paz-salvador-sonrisa@300x-8.png\" alt=\"\" width=\"92\" height=\"50\" title=\"\" loading=\"lazy\" role=\"img\"\/><\/figure><\/div>\n\n\n<div class=\"wp-block-uagb-advanced-heading uagb-block-f2020c0e\"><h2 class=\"uagb-heading-text\"><strong>Qu\u00e8 s\u00f3n les Pr\u00f2tesis Dentals?<\/strong><\/h2><p class=\"uagb-desc-text\">Les pr\u00f2tesis dentals, comunament conegudes com a dentadures postisses, s\u00f3n dispositius dissenyats per substituir dents faltants o danyats. Es creen a mida de cada pacient i poden ser removibles o fixes, depenent de cada cas. <\/p><div class=\"uagb-separator\"><\/div><\/div>\n\n<div class=\"wp-block-uagb-advanced-heading uagb-block-53aeb407\"><h4 class=\"uagb-heading-text\"><strong><strong>Avantatges de les Pr\u00f2tesis Dentals:<\/strong><\/strong><\/h4><p class=\"uagb-desc-text\">A la nostra cl\u00ednica dental de Sant Joan Desp\u00ed, entenem que la p\u00e8rdua de dents o la necessitat de reempla\u00e7ar dents danyats pot ser una preocupaci\u00f3 significativa per als nostres pacients.<\/p><\/div><\/div>\n<\/div><\/div>\n\n\n\n<div class=\"wp-block-uagb-container uagb-block-05db0630 alignfull uagb-is-root-container\">\n<div class=\"wp-block-uagb-container uagb-block-26bb431d\"><div class=\"wp-block-uagb-info-box uagb-block-f959e7b1 uagb-infobox__content-wrap  uagb-infobox-icon-above-title uagb-infobox-image-valign-top\"><div class=\"uagb-ifb-content\"><div class=\"uagb-ifb-icon-wrap\"><svg xmlns=\"https:\/\/www.w3.org\/2000\/svg\" viewBox=\"0 0 448 512\"><path d=\"M336 128c-32 0-80.02 16.03-112 32.03c-32.01-16-79.1-32.02-111.1-32.03C32 128 .4134 210.5 .0033 288c-.5313 99.97 63.99 224 159.1 224c32 0 48-16 64-16c16 0 32 16 64 16c96 0 160.4-122.8 159.1-224C447.7 211.6 416 128 336 128zM320 32V0h-32C243.8 0 208 35.82 208 80v32h32C284.2 112 320 76.18 320 32z\"><\/path><\/svg><\/div><div class=\"uagb-ifb-title-wrap\"><h5 class=\"uagb-ifb-title\"><strong><strong><strong>Recuperaci\u00f3 de la funci\u00f3 masticat\u00f2ria<\/strong><\/strong><\/strong><\/h5><\/div><p class=\"uagb-ifb-desc\">Les pr\u00f2tesis dentals permeten als pacients mastegar aliments c\u00f2modament i amb confian\u00e7a.<\/p><\/div><\/div><\/div>\n\n\n\n<div class=\"wp-block-uagb-container uagb-block-a05a1f09\"><div class=\"wp-block-uagb-info-box uagb-block-cd3c2189 uagb-infobox__content-wrap  uagb-infobox-icon-above-title uagb-infobox-image-valign-top\"><div class=\"uagb-ifb-content\"><div class=\"uagb-ifb-icon-wrap\"><svg xmlns=\"https:\/\/www.w3.org\/2000\/svg\" viewBox=\"0 0 512 512\"><path d=\"M128 447.1V223.1c0-17.67-14.33-31.1-32-31.1H32c-17.67 0-32 14.33-32 31.1v223.1c0 17.67 14.33 31.1 32 31.1h64C113.7 479.1 128 465.6 128 447.1zM512 224.1c0-26.5-21.48-47.98-48-47.98h-146.5c22.77-37.91 34.52-80.88 34.52-96.02C352 56.52 333.5 32 302.5 32c-63.13 0-26.36 76.15-108.2 141.6L178 186.6C166.2 196.1 160.2 210 160.1 224c-.0234 .0234 0 0 0 0L160 384c0 15.1 7.113 29.33 19.2 38.39l34.14 25.59C241 468.8 274.7 480 309.3 480H368c26.52 0 48-21.47 48-47.98c0-3.635-.4805-7.143-1.246-10.55C434 415.2 448 397.4 448 376c0-9.148-2.697-17.61-7.139-24.88C463.1 347 480 327.5 480 304.1c0-12.5-4.893-23.78-12.72-32.32C492.2 270.1 512 249.5 512 224.1z\"><\/path><\/svg><\/div><div class=\"uagb-ifb-title-wrap\"><h5 class=\"uagb-ifb-title\"><strong><strong><strong>Millora l&#8217;est\u00e8tica<\/strong><\/strong><\/strong><\/h5><\/div><p class=\"uagb-ifb-desc\">Les nostres pr\u00f2tesis dentals es dissenyen per semblar i sentir-se com dents naturals, cosa que millora l&#8217;aparen\u00e7a i l&#8217;autoestima del pacient.<\/p><\/div><\/div><\/div>\n\n\n\n<div class=\"wp-block-uagb-container uagb-block-88b54006\"><div class=\"wp-block-uagb-info-box uagb-block-e31f8c26 uagb-infobox__content-wrap  uagb-infobox-icon-above-title uagb-infobox-image-valign-top\"><div class=\"uagb-ifb-content\"><div class=\"uagb-ifb-icon-wrap\"><svg xmlns=\"https:\/\/www.w3.org\/2000\/svg\" viewBox=\"0 0 512 512\"><path d=\"M256 32C114.6 32 .0272 125.1 .0272 240c0 49.63 21.35 94.98 56.97 130.7c-12.5 50.37-54.27 95.27-54.77 95.77c-2.25 2.25-2.875 5.734-1.5 8.734C1.979 478.2 4.75 480 8 480c66.25 0 115.1-31.76 140.6-51.39C181.2 440.9 217.6 448 256 448c141.4 0 255.1-93.13 255.1-208S397.4 32 256 32z\"><\/path><\/svg><\/div><div class=\"uagb-ifb-title-wrap\"><h5 class=\"uagb-ifb-title\"><strong><strong><strong><strong>Parlar amb claredat<\/strong><\/strong><\/strong><\/strong><\/h5><\/div><p class=\"uagb-ifb-desc\">Reempla\u00e7ar dents perduts o danyats pot ajudar a parlar amb claredat i evitar dificultats en la parla.<\/p><\/div><\/div><\/div>\n\n\n\n<div class=\"wp-block-uagb-container uagb-block-02b36960\"><div class=\"wp-block-uagb-info-box uagb-block-8e7b1430 uagb-infobox__content-wrap  uagb-infobox-icon-above-title uagb-infobox-image-valign-top\"><div class=\"uagb-ifb-content\"><div class=\"uagb-ifb-icon-wrap\"><svg xmlns=\"https:\/\/www.w3.org\/2000\/svg\" viewBox=\"0 0 576 512\"><path d=\"M480 32H96C42.98 32 0 74.98 0 128v256c0 53.02 42.98 96 96 96h384c53.02 0 96-42.98 96-96V128C576 74.98 533 32 480 32zM144 336C144 362.5 122.5 384 96 384s-48-21.5-48-48v-32C48 295.1 55.13 288 64 288h64c8.875 0 16 7.125 16 16V336zM144 240C144 248.9 136.9 256 128 256H64C55.13 256 48 248.9 48 240v-32C48 181.5 69.5 160 96 160s48 21.5 48 48V240zM272 336C272 362.5 250.5 384 224 384s-48-21.5-48-48v-32C176 295.1 183.1 288 192 288h64c8.875 0 16 7.125 16 16V336zM272 242.3C272 249.9 265.9 256 258.3 256H189.7C182.1 256 176 249.9 176 242.3V176C176 149.5 197.5 128 224 128s48 21.54 48 48V242.3zM400 336c0 26.5-21.5 48-48 48s-48-21.5-48-48v-32C304 295.1 311.1 288 320 288h64c8.875 0 16 7.125 16 16V336zM400 242.3C400 249.9 393.9 256 386.3 256h-68.57C310.1 256 304 249.9 304 242.3V176C304 149.5 325.5 128 352 128s48 21.54 48 48V242.3zM528 336c0 26.5-21.5 48-48 48s-48-21.5-48-48v-32C432 295.1 439.1 288 448 288h64c8.875 0 16 7.125 16 16V336zM528 240C528 248.9 520.9 256 512 256h-64c-8.875 0-16-7.125-16-16v-32C432 181.5 453.5 160 480 160s48 21.5 48 48V240z\"><\/path><\/svg><\/div><div class=\"uagb-ifb-title-wrap\"><h5 class=\"uagb-ifb-title\"><strong><strong><strong><strong><strong>Prevenci\u00f3 de problemes dentals addicionals<\/strong><\/strong><\/strong><\/strong><\/strong><\/h5><\/div><p class=\"uagb-ifb-desc\">Les pr\u00f2tesis dentals poden ajudar a mantenir l&#8217;alineaci\u00f3 de les dents i prevenir problemes addicionals, com la inclinaci\u00f3 de les dents adjacents als buits que deixen les peces dentals perdudes.<\/p><\/div><\/div><\/div>\n<\/div>\n\n\n\n<div class=\"wp-block-uagb-container uagb-block-97f2616a alignfull uagb-is-root-container\"><div class=\"uagb-container-inner-blocks-wrap\">\n<div class=\"wp-block-uagb-container uagb-block-f81cfca4\"><div class=\"wp-block-uagb-advanced-heading uagb-block-2723de92\"><h5 class=\"uagb-heading-text\"><strong><strong>Varietats de Pr\u00f2tesis Dentals:<\/strong><\/strong><\/h5><\/div>\n\n<div class=\"wp-block-uagb-faq uagb-faq__outer-wrap uagb-block-4ce40be7 uagb-faq-icon-row uagb-faq-layout-accordion uagb-faq-expand-first-true uagb-faq-inactive-other-true uagb-faq__wrap uagb-buttons-layout-wrap uagb-faq-equal-height     \" data-faqtoggle=\"true\" role=\"tablist\"><div class=\"wp-block-uagb-faq-child uagb-faq-child__outer-wrap uagb-faq-item uagb-block-348905bd \" role=\"tab\" tabindex=\"0\"><div class=\"uagb-faq-questions-button uagb-faq-questions\">\t\t\t<span class=\"uagb-icon uagb-faq-icon-wrap\">\n\t\t\t\t\t\t\t\t<svg xmlns=\"https:\/\/www.w3.org\/2000\/svg\" viewBox= \"0 0 448 512\"><path d=\"M432 256c0 17.69-14.33 32.01-32 32.01H256v144c0 17.69-14.33 31.99-32 31.99s-32-14.3-32-31.99v-144H48c-17.67 0-32-14.32-32-32.01s14.33-31.99 32-31.99H192v-144c0-17.69 14.33-32.01 32-32.01s32 14.32 32 32.01v144h144C417.7 224 432 238.3 432 256z\"><\/path><\/svg>\n\t\t\t\t\t\t\t<\/span>\n\t\t\t\t\t\t<span class=\"uagb-icon-active uagb-faq-icon-wrap\">\n\t\t\t\t\t\t\t\t<svg xmlns=\"https:\/\/www.w3.org\/2000\/svg\" viewBox= \"0 0 448 512\"><path d=\"M400 288h-352c-17.69 0-32-14.32-32-32.01s14.31-31.99 32-31.99h352c17.69 0 32 14.3 32 31.99S417.7 288 400 288z\"><\/path><\/svg>\n\t\t\t\t\t\t\t<\/span>\n\t\t\t<span class=\"uagb-question\"><strong>Pr\u00f2tesis Removibles<\/strong><\/span><\/div><div class=\"uagb-faq-content\"><p>S\u00f3n ideals per a pacients que necessiten reempla\u00e7ar diversos dents o una arcada completa i no porten implants dentals. Es poden retirar per a la seva neteja i ajustos quan sigui necessari, proporcionant flexibilitat i comoditat. Poden ser parcials si reempla\u00e7en alguns dents en una arcada o completes si substitueixen tots els dents en una arcada.<\/p><\/div><\/div><div class=\"wp-block-uagb-faq-child uagb-faq-child__outer-wrap uagb-faq-item uagb-block-c50b4279 \" role=\"tab\" tabindex=\"0\"><div class=\"uagb-faq-questions-button uagb-faq-questions\">\t\t\t<span class=\"uagb-icon uagb-faq-icon-wrap\">\n\t\t\t\t\t\t\t\t<svg xmlns=\"https:\/\/www.w3.org\/2000\/svg\" viewBox= \"0 0 448 512\"><path d=\"M432 256c0 17.69-14.33 32.01-32 32.01H256v144c0 17.69-14.33 31.99-32 31.99s-32-14.3-32-31.99v-144H48c-17.67 0-32-14.32-32-32.01s14.33-31.99 32-31.99H192v-144c0-17.69 14.33-32.01 32-32.01s32 14.32 32 32.01v144h144C417.7 224 432 238.3 432 256z\"><\/path><\/svg>\n\t\t\t\t\t\t\t<\/span>\n\t\t\t\t\t\t<span class=\"uagb-icon-active uagb-faq-icon-wrap\">\n\t\t\t\t\t\t\t\t<svg xmlns=\"https:\/\/www.w3.org\/2000\/svg\" viewBox= \"0 0 448 512\"><path d=\"M400 288h-352c-17.69 0-32-14.32-32-32.01s14.31-31.99 32-31.99h352c17.69 0 32 14.3 32 31.99S417.7 288 400 288z\"><\/path><\/svg>\n\t\t\t\t\t\t\t<\/span>\n\t\t\t<span class=\"uagb-question\">Pr\u00f2tesis Fixes<\/span><\/div><div class=\"uagb-faq-content\"><p>Inclouen opcions permanents com ponts o corones dentals que no es poden retirar. S\u00f3n ideals per restaurar un sol dent o diversos dents contigus.<\/p><\/div><\/div><\/div><\/div>\n\n\n\n<div class=\"wp-block-uagb-container uagb-block-e7592cd3\">\n<div class=\"wp-block-uagb-image uagb-block-56e663d8 wp-block-uagb-image--layout-default wp-block-uagb-image--effect-static wp-block-uagb-image--align-none\"><figure class=\"wp-block-uagb-image__figure\"><img decoding=\"async\" srcset=\"https:\/\/pazsalvadordental.es\/wp-content\/uploads\/2023\/11\/protesis-paz-salvador-cliica-dental.jpg ,https:\/\/pazsalvadordental.es\/wp-content\/uploads\/2023\/11\/protesis-paz-salvador-cliica-dental.jpg 780w, https:\/\/pazsalvadordental.es\/wp-content\/uploads\/2023\/11\/protesis-paz-salvador-cliica-dental.jpg 360w\" sizes=\"auto, (max-width: 480px) 150px\" src=\"https:\/\/pazsalvadordental.es\/wp-content\/uploads\/2023\/11\/protesis-paz-salvador-cliica-dental.jpg\" alt=\"\" class=\"uag-image-2144\" width=\"346\" height=\"518\" title=\"\" loading=\"lazy\" role=\"img\"\/><\/figure><\/div>\n<\/div>\n<\/div><\/div>\n\n\n\n<div class=\"wp-block-uagb-container uagb-block-2deb0898 alignfull uagb-is-root-container\"><div class=\"uagb-container-inner-blocks-wrap\">\n<div class=\"wp-block-uagb-container uagb-block-2c96f968 alignfull uagb-is-root-container\"><div class=\"uagb-container-inner-blocks-wrap\">\n<div class=\"wp-block-uagb-container uagb-block-52df9ce6\"><div class=\"wp-block-uagb-advanced-heading uagb-block-f1330501\"><h3 class=\"uagb-heading-text\">A la nostra cl\u00ednica dental de Sant Joan Desp\u00ed, entenem que la p\u00e8rdua de dents o la necessitat de reempla\u00e7ar dents danyats pot ser una preocupaci\u00f3 significativa per als nostres pacients.<\/h3><\/div><\/div>\n\n\n\n<div class=\"wp-block-uagb-container uagb-block-0938c4b6\"><div class=\"wp-block-uagb-advanced-heading uagb-block-c9725f51\"><p class=\"uagb-heading-text\">Si est\u00e0s llest per recuperar la confian\u00e7a en el teu somriure, et convidem a programar una consulta amb el nostre doctor especialista en prostod\u00f2ncia. Comunica&#8217;t amb nosaltres avui per fer el primer pas cap a un somriure m\u00e9s saludable i funcional.<\/p><\/div><\/div>\n<\/div><\/div>\n<\/div><\/div>\n\n\n\n<div class=\"wp-block-uagb-container uagb-block-3f48ddfc alignfull uagb-is-root-container\"><div class=\"uagb-container-inner-blocks-wrap\"><div class=\"wp-block-uagb-advanced-heading uagb-block-a1503055\"><h3 class=\"uagb-heading-text\">Sol\u00b7licita primera visita per pr\u00f2tesis<\/h3><p class=\"uagb-desc-text\">A Paz Salvador Cl\u00ednica dental a Sant Joan Desp\u00ed farem una valoraci\u00f3 del teu cas per donar-te la millor soluci\u00f3 personalitzada i adaptada a les teves necessitats.<\/p><\/div>\n\n\n<div class=\"wp-block-uagb-buttons uagb-buttons__outer-wrap uagb-btn__default-btn uagb-btn-tablet__default-btn uagb-btn-mobile__default-btn uagb-block-8e76fdb7\"><div class=\"uagb-buttons__wrap uagb-buttons-layout-wrap \"><div class=\"wp-block-uagb-buttons-child uagb-buttons__outer-wrap uagb-block-e586e3a6 wp-block-button\"><div class=\"uagb-button__wrapper\"><a class=\"uagb-buttons-repeater wp-block-button__link\" aria-label=\"\" href='https:\/\/pazsalvadordental.es\/ca\/' rel=\"follow noopener\" target=\"_self\" role=\"button\"><div class=\"uagb-button__link\">clinica dental<\/div><\/a><\/div><\/div><\/div><\/div>\n<\/div><\/div>\n","protected":false},"excerpt":{"rendered":"<p>Rehabilitaci\u00f3 amb pr\u00f2tesis a Sant Joan Desp\u00ed Qu\u00e8 s\u00f3n les Pr\u00f2tesis Dentals? Les pr\u00f2tesis dentals, comunament conegudes com a dentadures postisses, s\u00f3n dispositius dissenyats per substituir dents faltants o danyats. [&hellip;]<\/p>\n","protected":false},"author":2,"featured_media":0,"parent":0,"menu_order":0,"comment_status":"closed","ping_status":"closed","template":"","meta":{"_uag_custom_page_level_css":"","_kad_blocks_custom_css":"","_kad_blocks_head_custom_js":"","_kad_blocks_body_custom_js":"","_kad_blocks_footer_custom_js":"","rank_math_title":"","rank_math_description":"","site-sidebar-layout":"no-sidebar","site-content-layout":"plain-container","ast-site-content-layout":"normal-width-container","site-content-style":"unboxed","site-sidebar-style":"unboxed","ast-global-header-display":"","ast-banner-title-visibility":"","ast-main-header-display":"","ast-hfb-above-header-display":"","ast-hfb-below-header-display":"","ast-hfb-mobile-header-display":"","site-post-title":"disabled","ast-breadcrumbs-content":"","ast-featured-img":"","footer-sml-layout":"","ast-disable-related-posts":"","theme-transparent-header-meta":"default","adv-header-id-meta":"","stick-header-meta":"","header-above-stick-meta":"","header-main-stick-meta":"","header-below-stick-meta":"","astra-migrate-meta-layouts":"set","ast-page-background-enabled":"default","ast-page-background-meta":{"desktop":{"background-color":"","background-image":"","background-repeat":"repeat","background-position":"center center","background-size":"auto","background-attachment":"scroll","background-type":"","background-media":"","overlay-type":"","overlay-color":"","overlay-opacity":"","overlay-gradient":""},"tablet":{"background-color":"","background-image":"","background-repeat":"repeat","background-position":"center center","background-size":"auto","background-attachment":"scroll","background-type":"","background-media":"","overlay-type":"","overlay-color":"","overlay-opacity":"","overlay-gradient":""},"mobile":{"background-color":"","background-image":"","background-repeat":"repeat","background-position":"center center","background-size":"auto","background-attachment":"scroll","background-type":"","background-media":"","overlay-type":"","overlay-color":"","overlay-opacity":"","overlay-gradient":""}},"ast-content-background-meta":{"desktop":{"background-color":"var(--ast-global-color-5)","background-image":"","background-repeat":"repeat","background-position":"center center","background-size":"auto","background-attachment":"scroll","background-type":"","background-media":"","overlay-type":"","overlay-color":"","overlay-opacity":"","overlay-gradient":""},"tablet":{"background-color":"var(--ast-global-color-5)","background-image":"","background-repeat":"repeat","background-position":"center center","background-size":"auto","background-attachment":"scroll","background-type":"","background-media":"","overlay-type":"","overlay-color":"","overlay-opacity":"","overlay-gradient":""},"mobile":{"background-color":"var(--ast-global-color-5)","background-image":"","background-repeat":"repeat","background-position":"center center","background-size":"auto","background-attachment":"scroll","background-type":"","background-media":"","overlay-type":"","overlay-color":"","overlay-opacity":"","overlay-gradient":""}},"_joinchat":[],"footnotes":""},"class_list":["post-3474","page","type-page","status-publish","hentry"],"taxonomy_info":[],"featured_image_src_large":false,"author_info":{"display_name":"Paz","author_link":"https:\/\/pazsalvadordental.es\/ca\/author\/paz\/"},"comment_info":0,"uagb_featured_image_src":{"full":false,"thumbnail":false,"medium":false,"medium_large":false,"large":false,"1536x1536":false,"2048x2048":false},"uagb_author_info":{"display_name":"Paz","author_link":"https:\/\/pazsalvadordental.es\/ca\/author\/paz\/"},"uagb_comment_info":0,"uagb_excerpt":"Rehabilitaci\u00f3 amb pr\u00f2tesis a Sant Joan Desp\u00ed Qu\u00e8 s\u00f3n les Pr\u00f2tesis Dentals? Les pr\u00f2tesis dentals, comunament conegudes com a dentadures postisses, s\u00f3n dispositius dissenyats per substituir dents faltants o danyats. [&hellip;]","_links":{"self":[{"href":"https:\/\/pazsalvadordental.es\/ca\/wp-json\/wp\/v2\/pages\/3474","targetHints":{"allow":["GET"]}}],"collection":[{"href":"https:\/\/pazsalvadordental.es\/ca\/wp-json\/wp\/v2\/pages"}],"about":[{"href":"https:\/\/pazsalvadordental.es\/ca\/wp-json\/wp\/v2\/types\/page"}],"author":[{"embeddable":true,"href":"https:\/\/pazsalvadordental.es\/ca\/wp-json\/wp\/v2\/users\/2"}],"replies":[{"embeddable":true,"href":"https:\/\/pazsalvadordental.es\/ca\/wp-json\/wp\/v2\/comments?post=3474"}],"version-history":[{"count":0,"href":"https:\/\/pazsalvadordental.es\/ca\/wp-json\/wp\/v2\/pages\/3474\/revisions"}],"wp:attachment":[{"href":"https:\/\/pazsalvadordental.es\/ca\/wp-json\/wp\/v2\/media?parent=3474"}],"curies":[{"name":"wp","href":"https:\/\/api.w.org\/{rel}","templated":true}]}}